{"id":1790,"date":"2024-12-02T17:51:40","date_gmt":"2024-12-02T14:51:40","guid":{"rendered":"https:\/\/alock.tr\/temas\/"},"modified":"2025-05-29T19:41:21","modified_gmt":"2025-05-29T16:41:21","slug":"contact-en","status":"publish","type":"page","link":"https:\/\/alock.tr\/en\/contact-en\/","title":{"rendered":"Contact"},"content":{"rendered":"\t\t<div data-elementor-type=\"wp-page\" data-elementor-id=\"1790\" class=\"elementor elementor-1790 elementor-24\" data-elementor-post-type=\"page\">\n\t\t\t\t<div class=\"elementor-element elementor-element-ee6b098 e-flex e-con-boxed e-con e-parent\" data-id=\"ee6b098\" data-element_type=\"container\" data-e-type=\"container\" data-settings=\"{&quot;background_background&quot;:&quot;classic&quot;}\">\n\t\t\t\t\t<div class=\"e-con-inner\">\n\t\t<div class=\"elementor-element elementor-element-93eb822 e-con-full e-flex e-con e-child\" data-id=\"93eb822\" data-element_type=\"container\" data-e-type=\"container\">\n\t\t\t\t<div class=\"elementor-element elementor-element-36e7849 elementor-widget elementor-widget-heading\" data-id=\"36e7849\" data-element_type=\"widget\" data-e-type=\"widget\" data-widget_type=\"heading.default\">\n\t\t\t\t<div class=\"elementor-widget-container\">\n\t\t\t\t\t<h1 class=\"elementor-heading-title elementor-size-default\">Contact Us<\/h1>\t\t\t\t<\/div>\n\t\t\t\t<\/div>\n\t\t\t\t<\/div>\n\t\t\t\t\t<\/div>\n\t\t\t\t<\/div>\n\t\t<div class=\"elementor-element elementor-element-71ce4c2 e-flex e-con-boxed e-con e-parent\" data-id=\"71ce4c2\" data-element_type=\"container\" data-e-type=\"container\" data-settings=\"{&quot;background_background&quot;:&quot;classic&quot;}\">\n\t\t\t\t\t<div class=\"e-con-inner\">\n\t\t<div class=\"elementor-element elementor-element-b6ddaff e-con-full e-flex e-con e-child\" data-id=\"b6ddaff\" data-element_type=\"container\" data-e-type=\"container\">\n\t\t\t\t<div class=\"elementor-element elementor-element-06dbf78 elementor-view-default elementor-position-block-start elementor-mobile-position-block-start elementor-widget elementor-widget-icon-box\" data-id=\"06dbf78\" data-element_type=\"widget\" data-e-type=\"widget\" data-widget_type=\"icon-box.default\">\n\t\t\t\t<div class=\"elementor-widget-container\">\n\t\t\t\t\t\t\t<div class=\"elementor-icon-box-wrapper\">\n\n\t\t\t\t\t\t<div class=\"elementor-icon-box-icon\">\n\t\t\t\t<span  class=\"elementor-icon\">\n\t\t\t\t<svg aria-hidden=\"true\" class=\"e-font-icon-svg e-fas-truck-moving\" viewBox=\"0 0 640 512\" xmlns=\"http:\/\/www.w3.org\/2000\/svg\"><path d=\"M621.3 237.3l-58.5-58.5c-12-12-28.3-18.7-45.3-18.7H480V64c0-17.7-14.3-32-32-32H32C14.3 32 0 46.3 0 64v336c0 44.2 35.8 80 80 80 26.3 0 49.4-12.9 64-32.4 14.6 19.6 37.7 32.4 64 32.4 44.2 0 80-35.8 80-80 0-5.5-.6-10.8-1.6-16h163.2c-1.1 5.2-1.6 10.5-1.6 16 0 44.2 35.8 80 80 80s80-35.8 80-80c0-5.5-.6-10.8-1.6-16H624c8.8 0 16-7.2 16-16v-85.5c0-17-6.7-33.2-18.7-45.2zM80 432c-17.6 0-32-14.4-32-32s14.4-32 32-32 32 14.4 32 32-14.4 32-32 32zm128 0c-17.6 0-32-14.4-32-32s14.4-32 32-32 32 14.4 32 32-14.4 32-32 32zm272-224h37.5c4.3 0 8.3 1.7 11.3 4.7l43.3 43.3H480v-48zm48 224c-17.6 0-32-14.4-32-32s14.4-32 32-32 32 14.4 32 32-14.4 32-32 32z\"><\/path><\/svg>\t\t\t\t<\/span>\n\t\t\t<\/div>\n\t\t\t\n\t\t\t\t\t\t<div class=\"elementor-icon-box-content\">\n\n\t\t\t\t\t\t\t\t\t<h5 class=\"elementor-icon-box-title\">\n\t\t\t\t\t\t<span  >\n\t\t\t\t\t\t\tShipping\t\t\t\t\t\t<\/span>\n\t\t\t\t\t<\/h5>\n\t\t\t\t\n\t\t\t\t\t\t\t\t\t<p class=\"elementor-icon-box-description\">\n\t\t\t\t\t\tFast Cargo\t\t\t\t\t<\/p>\n\t\t\t\t\n\t\t\t<\/div>\n\t\t\t\n\t\t<\/div>\n\t\t\t\t\t\t<\/div>\n\t\t\t\t<\/div>\n\t\t\t\t<\/div>\n\t\t<div class=\"elementor-element elementor-element-a40dfbe e-con-full e-flex e-con e-child\" data-id=\"a40dfbe\" data-element_type=\"container\" data-e-type=\"container\">\n\t\t\t\t<div class=\"elementor-element elementor-element-b9e8209 elementor-view-default elementor-position-block-start elementor-mobile-position-block-start elementor-widget elementor-widget-icon-box\" data-id=\"b9e8209\" data-element_type=\"widget\" data-e-type=\"widget\" data-widget_type=\"icon-box.default\">\n\t\t\t\t<div class=\"elementor-widget-container\">\n\t\t\t\t\t\t\t<div class=\"elementor-icon-box-wrapper\">\n\n\t\t\t\t\t\t<div class=\"elementor-icon-box-icon\">\n\t\t\t\t<span  class=\"elementor-icon\">\n\t\t\t\t<svg aria-hidden=\"true\" class=\"e-font-icon-svg e-fas-toolbox\" viewBox=\"0 0 512 512\" xmlns=\"http:\/\/www.w3.org\/2000\/svg\"><path d=\"M502.63 214.63l-45.25-45.25c-6-6-14.14-9.37-22.63-9.37H384V80c0-26.51-21.49-48-48-48H176c-26.51 0-48 21.49-48 48v80H77.25c-8.49 0-16.62 3.37-22.63 9.37L9.37 214.63c-6 6-9.37 14.14-9.37 22.63V320h128v-16c0-8.84 7.16-16 16-16h32c8.84 0 16 7.16 16 16v16h128v-16c0-8.84 7.16-16 16-16h32c8.84 0 16 7.16 16 16v16h128v-82.75c0-8.48-3.37-16.62-9.37-22.62zM320 160H192V96h128v64zm64 208c0 8.84-7.16 16-16 16h-32c-8.84 0-16-7.16-16-16v-16H192v16c0 8.84-7.16 16-16 16h-32c-8.84 0-16-7.16-16-16v-16H0v96c0 17.67 14.33 32 32 32h448c17.67 0 32-14.33 32-32v-96H384v16z\"><\/path><\/svg>\t\t\t\t<\/span>\n\t\t\t<\/div>\n\t\t\t\n\t\t\t\t\t\t<div class=\"elementor-icon-box-content\">\n\n\t\t\t\t\t\t\t\t\t<h5 class=\"elementor-icon-box-title\">\n\t\t\t\t\t\t<span  >\n\t\t\t\t\t\t\tGurranty\t\t\t\t\t\t<\/span>\n\t\t\t\t\t<\/h5>\n\t\t\t\t\n\t\t\t\t\t\t\t\t\t<p class=\"elementor-icon-box-description\">\n\t\t\t\t\t\tAll products\t\t\t\t\t<\/p>\n\t\t\t\t\n\t\t\t<\/div>\n\t\t\t\n\t\t<\/div>\n\t\t\t\t\t\t<\/div>\n\t\t\t\t<\/div>\n\t\t\t\t<\/div>\n\t\t<div class=\"elementor-element elementor-element-2250864 e-con-full e-flex e-con e-child\" data-id=\"2250864\" data-element_type=\"container\" data-e-type=\"container\">\n\t\t\t\t<div class=\"elementor-element elementor-element-8ee3482 elementor-view-default elementor-position-block-start elementor-mobile-position-block-start elementor-widget elementor-widget-icon-box\" data-id=\"8ee3482\" data-element_type=\"widget\" data-e-type=\"widget\" data-widget_type=\"icon-box.default\">\n\t\t\t\t<div class=\"elementor-widget-container\">\n\t\t\t\t\t\t\t<div class=\"elementor-icon-box-wrapper\">\n\n\t\t\t\t\t\t<div class=\"elementor-icon-box-icon\">\n\t\t\t\t<span  class=\"elementor-icon\">\n\t\t\t\t<svg aria-hidden=\"true\" class=\"e-font-icon-svg e-fas-users\" viewBox=\"0 0 640 512\" xmlns=\"http:\/\/www.w3.org\/2000\/svg\"><path d=\"M96 224c35.3 0 64-28.7 64-64s-28.7-64-64-64-64 28.7-64 64 28.7 64 64 64zm448 0c35.3 0 64-28.7 64-64s-28.7-64-64-64-64 28.7-64 64 28.7 64 64 64zm32 32h-64c-17.6 0-33.5 7.1-45.1 18.6 40.3 22.1 68.9 62 75.1 109.4h66c17.7 0 32-14.3 32-32v-32c0-35.3-28.7-64-64-64zm-256 0c61.9 0 112-50.1 112-112S381.9 32 320 32 208 82.1 208 144s50.1 112 112 112zm76.8 32h-8.3c-20.8 10-43.9 16-68.5 16s-47.6-6-68.5-16h-8.3C179.6 288 128 339.6 128 403.2V432c0 26.5 21.5 48 48 48h288c26.5 0 48-21.5 48-48v-28.8c0-63.6-51.6-115.2-115.2-115.2zm-223.7-13.4C161.5 263.1 145.6 256 128 256H64c-35.3 0-64 28.7-64 64v32c0 17.7 14.3 32 32 32h65.9c6.3-47.4 34.9-87.3 75.2-109.4z\"><\/path><\/svg>\t\t\t\t<\/span>\n\t\t\t<\/div>\n\t\t\t\n\t\t\t\t\t\t<div class=\"elementor-icon-box-content\">\n\n\t\t\t\t\t\t\t\t\t<h5 class=\"elementor-icon-box-title\">\n\t\t\t\t\t\t<span  >\n\t\t\t\t\t\t\tSales Related Enquiries\t\t\t\t\t\t<\/span>\n\t\t\t\t\t<\/h5>\n\t\t\t\t\n\t\t\t\t\t\t\t\t\t<p class=\"elementor-icon-box-description\">\n\t\t\t\t\t\t+90 543 413 1173\t\t\t\t\t<\/p>\n\t\t\t\t\n\t\t\t<\/div>\n\t\t\t\n\t\t<\/div>\n\t\t\t\t\t\t<\/div>\n\t\t\t\t<\/div>\n\t\t\t\t<\/div>\n\t\t\t\t\t<\/div>\n\t\t\t\t<\/div>\n\t\t<div class=\"elementor-element elementor-element-33c2acb e-flex e-con-boxed e-con e-parent\" data-id=\"33c2acb\" data-element_type=\"container\" data-e-type=\"container\" data-settings=\"{&quot;background_background&quot;:&quot;classic&quot;}\">\n\t\t\t\t\t<div class=\"e-con-inner\">\n\t\t<div class=\"elementor-element elementor-element-031c53b e-con-full e-flex e-con e-child\" data-id=\"031c53b\" data-element_type=\"container\" data-e-type=\"container\" data-settings=\"{&quot;background_background&quot;:&quot;classic&quot;}\">\n\t\t\t\t<div class=\"elementor-element elementor-element-8403fd6 elementor-widget elementor-widget-heading\" data-id=\"8403fd6\" data-element_type=\"widget\" data-e-type=\"widget\" data-widget_type=\"heading.default\">\n\t\t\t\t<div class=\"elementor-widget-container\">\n\t\t\t\t\t<h3 class=\"elementor-heading-title elementor-size-default\">Let's Contact Us<\/h3>\t\t\t\t<\/div>\n\t\t\t\t<\/div>\n\t\t\t\t<div class=\"elementor-element elementor-element-71a0bde elementor-widget elementor-widget-wpforms\" data-id=\"71a0bde\" data-element_type=\"widget\" data-e-type=\"widget\" data-widget_type=\"wpforms.default\">\n\t\t\t\t<div class=\"elementor-widget-container\">\n\t\t\t\t\t<div class=\"wpforms-container \" id=\"wpforms-2973\"><form id=\"wpforms-form-2973\" class=\"wpforms-validate wpforms-form\" data-formid=\"2973\" method=\"post\" enctype=\"multipart\/form-data\" action=\"\/en\/wp-json\/wp\/v2\/pages\/1790\" data-token=\"797a153252a4146efe0004df67fcab1b\" data-token-time=\"1778327460\"><noscript class=\"wpforms-error-noscript\">Please enable JavaScript in your browser to complete this form.<\/noscript><div class=\"wpforms-field-container\"><div id=\"wpforms-2973-field_0-container\" class=\"wpforms-field wpforms-field-name\" data-field-id=\"0\"><label class=\"wpforms-field-label wpforms-label-hide\" for=\"wpforms-2973-field_0\">Ad<\/label><div class=\"wpforms-field-row wpforms-field-large\"><div class=\"wpforms-field-row-block wpforms-first wpforms-one-half\"><input type=\"text\" id=\"wpforms-2973-field_0\" class=\"wpforms-field-name-first\" name=\"wpforms[fields][0][first]\" placeholder=\"Ad\" ><label for=\"wpforms-2973-field_0\" class=\"wpforms-field-sublabel after wpforms-sublabel-hide\">First<\/label><\/div><div class=\"wpforms-field-row-block wpforms-one-half\"><input type=\"text\" id=\"wpforms-2973-field_0-last\" class=\"wpforms-field-name-last\" name=\"wpforms[fields][0][last]\" placeholder=\"Soyad\" ><label for=\"wpforms-2973-field_0-last\" class=\"wpforms-field-sublabel after wpforms-sublabel-hide\">Last<\/label><\/div><\/div><\/div><div id=\"wpforms-2973-field_1-container\" class=\"wpforms-field wpforms-field-email\" data-field-id=\"1\"><label class=\"wpforms-field-label wpforms-label-hide\" for=\"wpforms-2973-field_1\">E-posta<\/label><input type=\"email\" id=\"wpforms-2973-field_1\" class=\"wpforms-field-large\" name=\"wpforms[fields][1]\" placeholder=\"E-posta adresini girin\" spellcheck=\"false\" ><\/div><div id=\"wpforms-2973-field_2-container\" class=\"wpforms-field wpforms-field-textarea\" data-field-id=\"2\"><label class=\"wpforms-field-label wpforms-label-hide\" for=\"wpforms-2973-field_2\">Yorum veya Mesaj<\/label><textarea id=\"wpforms-2973-field_2\" class=\"wpforms-field-large\" name=\"wpforms[fields][2]\" placeholder=\"Mesaj\u0131n\u0131z\u0131 girin\" ><\/textarea><\/div><\/div><!-- .wpforms-field-container --><div class=\"wpforms-submit-container\" ><input type=\"hidden\" name=\"wpforms[id]\" value=\"2973\"><input type=\"hidden\" name=\"page_title\" value=\"\"><input type=\"hidden\" name=\"page_url\" value=\"https:\/\/alock.tr\/en\/wp-json\/wp\/v2\/pages\/1790\"><input type=\"hidden\" name=\"url_referer\" value=\"\"><button type=\"submit\" name=\"wpforms[submit]\" id=\"wpforms-submit-2973\" class=\"wpforms-submit\" data-alt-text=\"G\u00f6nderiliyor...\" data-submit-text=\"Mesaj G\u00f6nder\" aria-live=\"assertive\" value=\"wpforms-submit\">Mesaj G\u00f6nder<\/button><\/div><\/form><\/div>  <!-- .wpforms-container -->\t\t\t\t<\/div>\n\t\t\t\t<\/div>\n\t\t\t\t<\/div>\n\t\t<div class=\"elementor-element elementor-element-6304b52 e-con-full e-flex e-con e-child\" data-id=\"6304b52\" data-element_type=\"container\" data-e-type=\"container\">\n\t\t\t\t<div class=\"elementor-element elementor-element-24026a6 elementor-widget elementor-widget-heading\" data-id=\"24026a6\" data-element_type=\"widget\" data-e-type=\"widget\" data-widget_type=\"heading.default\">\n\t\t\t\t<div class=\"elementor-widget-container\">\n\t\t\t\t\t<h3 class=\"elementor-heading-title elementor-size-default\">Contact Information<\/h3>\t\t\t\t<\/div>\n\t\t\t\t<\/div>\n\t\t\t\t<div class=\"elementor-element elementor-element-8aab679 elementor-widget elementor-widget-heading\" data-id=\"8aab679\" data-element_type=\"widget\" data-e-type=\"widget\" data-widget_type=\"heading.default\">\n\t\t\t\t<div class=\"elementor-widget-container\">\n\t\t\t\t\t<h5 class=\"elementor-heading-title elementor-size-default\">Our Working Hours<\/h5>\t\t\t\t<\/div>\n\t\t\t\t<\/div>\n\t\t\t\t<div class=\"elementor-element elementor-element-ce56a6c elementor-widget elementor-widget-text-editor\" data-id=\"ce56a6c\" data-element_type=\"widget\" data-e-type=\"widget\" data-widget_type=\"text-editor.default\">\n\t\t\t\t<div class=\"elementor-widget-container\">\n\t\t\t\t\t\t\t\t\t<p>09:00 AM &#8211; 22.00 PM<br>Monday \u2013 Friday<\/p>\t\t\t\t\t\t\t\t<\/div>\n\t\t\t\t<\/div>\n\t\t\t\t<div class=\"elementor-element elementor-element-d37b152 elementor-widget elementor-widget-heading\" data-id=\"d37b152\" data-element_type=\"widget\" data-e-type=\"widget\" data-widget_type=\"heading.default\">\n\t\t\t\t<div class=\"elementor-widget-container\">\n\t\t\t\t\t<h5 class=\"elementor-heading-title elementor-size-default\">Address<\/h5>\t\t\t\t<\/div>\n\t\t\t\t<\/div>\n\t\t\t\t<div class=\"elementor-element elementor-element-4b7bc6a elementor-widget elementor-widget-text-editor\" data-id=\"4b7bc6a\" data-element_type=\"widget\" data-e-type=\"widget\" data-widget_type=\"text-editor.default\">\n\t\t\t\t<div class=\"elementor-widget-container\">\n\t\t\t\t\t\t\t\t\t<p>G\u00dcNEY MAH. GAZ\u0130LER CAD. No:292 Tempo i\u015f merkezi Kat:5 \u0130\u00e7 kap\u0131 504 KONAK \/ \u0130ZM\u0130R<br>Posta Kodu: 35180  <\/p>\t\t\t\t\t\t\t\t<\/div>\n\t\t\t\t<\/div>\n\t\t\t\t<div class=\"elementor-element elementor-element-f01fced elementor-widget elementor-widget-heading\" data-id=\"f01fced\" data-element_type=\"widget\" data-e-type=\"widget\" data-widget_type=\"heading.default\">\n\t\t\t\t<div class=\"elementor-widget-container\">\n\t\t\t\t\t<h5 class=\"elementor-heading-title elementor-size-default\">Contact Us<\/h5>\t\t\t\t<\/div>\n\t\t\t\t<\/div>\n\t\t\t\t<div class=\"elementor-element elementor-element-a87bfa2 elementor-widget elementor-widget-text-editor\" data-id=\"a87bfa2\" data-element_type=\"widget\" data-e-type=\"widget\" data-widget_type=\"text-editor.default\">\n\t\t\t\t<div class=\"elementor-widget-container\">\n\t\t\t\t\t\t\t\t\t<p>Phone : +90 543 413 1173<br>Email : info@alock.tr<\/p>\t\t\t\t\t\t\t\t<\/div>\n\t\t\t\t<\/div>\n\t\t\t\t<\/div>\n\t\t\t\t\t<\/div>\n\t\t\t\t<\/div>\n\t\t\t\t<\/div>\n\t\t","protected":false},"excerpt":{"rendered":"<p>Contact Us Shipping Fast Cargo Gurranty All products Sales Related Enquiries +90 543 413 1173 Let&#8217;s Contact Us Please enable [&hellip;]<\/p>\n","protected":false},"author":1,"featured_media":0,"parent":0,"menu_order":0,"comment_status":"closed","ping_status":"closed","template":"","meta":{"site-sidebar-layout":"no-sidebar","site-content-layout":"page-builder","ast-site-content-layout":"default","site-content-style":"default","site-sidebar-style":"default","ast-global-header-display":"","ast-banner-title-visibility":"","ast-main-header-display":"","ast-hfb-above-header-display":"","ast-hfb-below-header-display":"","ast-hfb-mobile-header-display":"","site-post-title":"disabled","ast-breadcrumbs-content":"disabled","ast-featured-img":"disabled","footer-sml-layout":"","theme-transparent-header-meta":"enabled","adv-header-id-meta":"","stick-header-meta":"","header-above-stick-meta":"","header-main-stick-meta":"","header-below-stick-meta":"","astra-migrate-meta-layouts":"default","ast-page-background-enabled":"default","ast-page-background-meta":{"desktop":{"background-color":"","background-image":"","background-repeat":"repeat","background-position":"center center","background-size":"auto","background-attachment":"scroll","background-type":"","background-media":"","overlay-type":"","overlay-color":"","overlay-opacity":"","overlay-gradient":""},"tablet":{"background-color":"","background-image":"","background-repeat":"repeat","background-position":"center center","background-size":"auto","background-attachment":"scroll","background-type":"","background-media":"","overlay-type":"","overlay-color":"","overlay-opacity":"","overlay-gradient":""},"mobile":{"background-color":"","background-image":"","background-repeat":"repeat","background-position":"center center","background-size":"auto","background-attachment":"scroll","background-type":"","background-media":"","overlay-type":"","overlay-color":"","overlay-opacity":"","overlay-gradient":""}},"ast-content-background-meta":{"desktop":{"background-color":"var(--ast-global-color-5)","background-image":"","background-repeat":"repeat","background-position":"center center","background-size":"auto","background-attachment":"scroll","background-type":"","background-media":"","overlay-type":"","overlay-color":"","overlay-opacity":"","overlay-gradient":""},"tablet":{"background-color":"var(--ast-global-color-5)","background-image":"","background-repeat":"repeat","background-position":"center center","background-size":"auto","background-attachment":"scroll","background-type":"","background-media":"","overlay-type":"","overlay-color":"","overlay-opacity":"","overlay-gradient":""},"mobile":{"background-color":"var(--ast-global-color-5)","background-image":"","background-repeat":"repeat","background-position":"center center","background-size":"auto","background-attachment":"scroll","background-type":"","background-media":"","overlay-type":"","overlay-color":"","overlay-opacity":"","overlay-gradient":""}},"footnotes":""},"class_list":["post-1790","page","type-page","status-publish","hentry"],"yoast_head":"<!-- This site is optimized with the Yoast SEO plugin v27.0 - https:\/\/yoast.com\/product\/yoast-seo-wordpress\/ -->\n<title>Contact - ALOCK<\/title>\n<meta name=\"robots\" content=\"index, follow, max-snippet:-1, max-image-preview:large, max-video-preview:-1\" \/>\n<link rel=\"canonical\" href=\"https:\/\/alock.tr\/en\/contact-en\/\" \/>\n<meta property=\"og:locale\" content=\"en_US\" \/>\n<meta property=\"og:type\" content=\"article\" \/>\n<meta property=\"og:title\" content=\"Contact - ALOCK\" \/>\n<meta property=\"og:description\" content=\"Contact Us Shipping Fast Cargo Gurranty All products Sales Related Enquiries +90 543 413 1173 Let&#8217;s Contact Us Please enable [&hellip;]\" \/>\n<meta property=\"og:url\" content=\"https:\/\/alock.tr\/en\/contact-en\/\" \/>\n<meta property=\"og:site_name\" content=\"ALOCK\" \/>\n<meta property=\"article:modified_time\" content=\"2025-05-29T16:41:21+00:00\" \/>\n<meta name=\"twitter:card\" content=\"summary_large_image\" \/>\n<meta name=\"twitter:label1\" content=\"Est. reading time\" \/>\n\t<meta name=\"twitter:data1\" content=\"1 minute\" \/>\n<script type=\"application\/ld+json\" class=\"yoast-schema-graph\">{\"@context\":\"https:\/\/schema.org\",\"@graph\":[{\"@type\":\"WebPage\",\"@id\":\"https:\/\/alock.tr\/en\/contact-en\/\",\"url\":\"https:\/\/alock.tr\/en\/contact-en\/\",\"name\":\"Contact - ALOCK\",\"isPartOf\":{\"@id\":\"https:\/\/alock.tr\/en\/#website\"},\"datePublished\":\"2024-12-02T14:51:40+00:00\",\"dateModified\":\"2025-05-29T16:41:21+00:00\",\"breadcrumb\":{\"@id\":\"https:\/\/alock.tr\/en\/contact-en\/#breadcrumb\"},\"inLanguage\":\"en-US\",\"potentialAction\":[{\"@type\":\"ReadAction\",\"target\":[\"https:\/\/alock.tr\/en\/contact-en\/\"]}]},{\"@type\":\"BreadcrumbList\",\"@id\":\"https:\/\/alock.tr\/en\/contact-en\/#breadcrumb\",\"itemListElement\":[{\"@type\":\"ListItem\",\"position\":1,\"name\":\"Home\",\"item\":\"https:\/\/alock.tr\/en\/\"},{\"@type\":\"ListItem\",\"position\":2,\"name\":\"Contact\"}]},{\"@type\":\"WebSite\",\"@id\":\"https:\/\/alock.tr\/en\/#website\",\"url\":\"https:\/\/alock.tr\/en\/\",\"name\":\"ALOCK Dijital kilitler ve ak\u0131ll\u0131 kollar\",\"description\":\"Dijital kilitler ve ak\u0131ll\u0131 kollar\",\"publisher\":{\"@id\":\"https:\/\/alock.tr\/en\/#organization\"},\"alternateName\":\"ALOCK\",\"potentialAction\":[{\"@type\":\"SearchAction\",\"target\":{\"@type\":\"EntryPoint\",\"urlTemplate\":\"https:\/\/alock.tr\/en\/?s={search_term_string}\"},\"query-input\":{\"@type\":\"PropertyValueSpecification\",\"valueRequired\":true,\"valueName\":\"search_term_string\"}}],\"inLanguage\":\"en-US\"},{\"@type\":\"Organization\",\"@id\":\"https:\/\/alock.tr\/en\/#organization\",\"name\":\"ALOCK Dijital kilitler ve ak\u0131ll\u0131 kollar\",\"url\":\"https:\/\/alock.tr\/en\/\",\"logo\":{\"@type\":\"ImageObject\",\"inLanguage\":\"en-US\",\"@id\":\"https:\/\/alock.tr\/en\/#\/schema\/logo\/image\/\",\"url\":\"https:\/\/alock.tr\/wp-content\/uploads\/2024\/12\/logo_2.png\",\"contentUrl\":\"https:\/\/alock.tr\/wp-content\/uploads\/2024\/12\/logo_2.png\",\"width\":185,\"height\":53,\"caption\":\"ALOCK Dijital kilitler ve ak\u0131ll\u0131 kollar\"},\"image\":{\"@id\":\"https:\/\/alock.tr\/en\/#\/schema\/logo\/image\/\"}}]}<\/script>\n<!-- \/ Yoast SEO plugin. -->","yoast_head_json":{"title":"Contact - ALOCK","robots":{"index":"index","follow":"follow","max-snippet":"max-snippet:-1","max-image-preview":"max-image-preview:large","max-video-preview":"max-video-preview:-1"},"canonical":"https:\/\/alock.tr\/en\/contact-en\/","og_locale":"en_US","og_type":"article","og_title":"Contact - ALOCK","og_description":"Contact Us Shipping Fast Cargo Gurranty All products Sales Related Enquiries +90 543 413 1173 Let&#8217;s Contact Us Please enable [&hellip;]","og_url":"https:\/\/alock.tr\/en\/contact-en\/","og_site_name":"ALOCK","article_modified_time":"2025-05-29T16:41:21+00:00","twitter_card":"summary_large_image","twitter_misc":{"Est. reading time":"1 minute"},"schema":{"@context":"https:\/\/schema.org","@graph":[{"@type":"WebPage","@id":"https:\/\/alock.tr\/en\/contact-en\/","url":"https:\/\/alock.tr\/en\/contact-en\/","name":"Contact - ALOCK","isPartOf":{"@id":"https:\/\/alock.tr\/en\/#website"},"datePublished":"2024-12-02T14:51:40+00:00","dateModified":"2025-05-29T16:41:21+00:00","breadcrumb":{"@id":"https:\/\/alock.tr\/en\/contact-en\/#breadcrumb"},"inLanguage":"en-US","potentialAction":[{"@type":"ReadAction","target":["https:\/\/alock.tr\/en\/contact-en\/"]}]},{"@type":"BreadcrumbList","@id":"https:\/\/alock.tr\/en\/contact-en\/#breadcrumb","itemListElement":[{"@type":"ListItem","position":1,"name":"Home","item":"https:\/\/alock.tr\/en\/"},{"@type":"ListItem","position":2,"name":"Contact"}]},{"@type":"WebSite","@id":"https:\/\/alock.tr\/en\/#website","url":"https:\/\/alock.tr\/en\/","name":"ALOCK Dijital kilitler ve ak\u0131ll\u0131 kollar","description":"Dijital kilitler ve ak\u0131ll\u0131 kollar","publisher":{"@id":"https:\/\/alock.tr\/en\/#organization"},"alternateName":"ALOCK","potentialAction":[{"@type":"SearchAction","target":{"@type":"EntryPoint","urlTemplate":"https:\/\/alock.tr\/en\/?s={search_term_string}"},"query-input":{"@type":"PropertyValueSpecification","valueRequired":true,"valueName":"search_term_string"}}],"inLanguage":"en-US"},{"@type":"Organization","@id":"https:\/\/alock.tr\/en\/#organization","name":"ALOCK Dijital kilitler ve ak\u0131ll\u0131 kollar","url":"https:\/\/alock.tr\/en\/","logo":{"@type":"ImageObject","inLanguage":"en-US","@id":"https:\/\/alock.tr\/en\/#\/schema\/logo\/image\/","url":"https:\/\/alock.tr\/wp-content\/uploads\/2024\/12\/logo_2.png","contentUrl":"https:\/\/alock.tr\/wp-content\/uploads\/2024\/12\/logo_2.png","width":185,"height":53,"caption":"ALOCK Dijital kilitler ve ak\u0131ll\u0131 kollar"},"image":{"@id":"https:\/\/alock.tr\/en\/#\/schema\/logo\/image\/"}}]}},"_links":{"self":[{"href":"https:\/\/alock.tr\/en\/wp-json\/wp\/v2\/pages\/1790","targetHints":{"allow":["GET"]}}],"collection":[{"href":"https:\/\/alock.tr\/en\/wp-json\/wp\/v2\/pages"}],"about":[{"href":"https:\/\/alock.tr\/en\/wp-json\/wp\/v2\/types\/page"}],"author":[{"embeddable":true,"href":"https:\/\/alock.tr\/en\/wp-json\/wp\/v2\/users\/1"}],"replies":[{"embeddable":true,"href":"https:\/\/alock.tr\/en\/wp-json\/wp\/v2\/comments?post=1790"}],"version-history":[{"count":9,"href":"https:\/\/alock.tr\/en\/wp-json\/wp\/v2\/pages\/1790\/revisions"}],"predecessor-version":[{"id":3318,"href":"https:\/\/alock.tr\/en\/wp-json\/wp\/v2\/pages\/1790\/revisions\/3318"}],"wp:attachment":[{"href":"https:\/\/alock.tr\/en\/wp-json\/wp\/v2\/media?parent=1790"}],"curies":[{"name":"wp","href":"https:\/\/api.w.org\/{rel}","templated":true}]}}