{"id":3300,"date":"2025-05-29T17:50:56","date_gmt":"2025-05-29T14:50:56","guid":{"rendered":"https:\/\/alock.tr\/return-policy\/"},"modified":"2025-05-29T18:42:27","modified_gmt":"2025-05-29T15:42:27","slug":"return-policy","status":"publish","type":"page","link":"https:\/\/alock.tr\/en\/return-policy\/","title":{"rendered":"Return Policy"},"content":{"rendered":"\n<h2 class=\"wp-block-heading\"><strong>Return Policy<\/strong><\/h2>\n\n<h3 class=\"wp-block-heading\">\u2705 Warranty Period<\/h3>\n\n<p>All our products come with a <strong>5-year warranty<\/strong> from the date of sale.<\/p>\n\n<h3 class=\"wp-block-heading\">\u2705 After-Sales Service<\/h3>\n\n<p>We provide <strong>15 years of after-sales service<\/strong> from the date of purchase for all our products.<\/p>\n\n<h3 class=\"wp-block-heading\">\ud83d\udd01 Return Conditions<\/h3>\n\n<p>You may return any product within <strong>14 days of delivery<\/strong>, provided that it is <strong>unused<\/strong>, in its <strong>original packaging<\/strong>, and includes all accessories.<br\/>To initiate a return, please contact us. Once the return is approved and the product is received, a refund will be issued within <strong>7 business days<\/strong>. <\/p>\n\n<h3 class=\"wp-block-heading\">\ud83d\ude9a Shipping Costs<\/h3>\n\n<p>Unless otherwise specified, shipping fees are not refundable.<\/p>\n\n<h3 class=\"wp-block-heading\">\u26a0\ufe0f Defective Products<\/h3>\n\n<p>If the product is defective, all return costs will be covered by our company.<\/p>\n\n<p><\/p>\n","protected":false},"excerpt":{"rendered":"<p>Return Policy \u2705 Warranty Period All our products come with a 5-year warranty from the date of sale. \u2705 After-Sales [&hellip;]<\/p>\n","protected":false},"author":1,"featured_media":0,"parent":0,"menu_order":0,"comment_status":"closed","ping_status":"closed","template":"","meta":{"site-sidebar-layout":"default","site-content-layout":"","ast-site-content-layout":"default","site-content-style":"default","site-sidebar-style":"default","ast-global-header-display":"","ast-banner-title-visibility":"","ast-main-header-display":"","ast-hfb-above-header-display":"","ast-hfb-below-header-display":"","ast-hfb-mobile-header-display":"","site-post-title":"","ast-breadcrumbs-content":"","ast-featured-img":"","footer-sml-layout":"","theme-transparent-header-meta":"","adv-header-id-meta":"","stick-header-meta":"","header-above-stick-meta":"","header-main-stick-meta":"","header-below-stick-meta":"","astra-migrate-meta-layouts":"default","ast-page-background-enabled":"default","ast-page-background-meta":{"desktop":{"background-color":"","background-image":"","background-repeat":"repeat","background-position":"center center","background-size":"auto","background-attachment":"scroll","background-type":"","background-media":"","overlay-type":"","overlay-color":"","overlay-opacity":"","overlay-gradient":""},"tablet":{"background-color":"","background-image":"","background-repeat":"repeat","background-position":"center center","background-size":"auto","background-attachment":"scroll","background-type":"","background-media":"","overlay-type":"","overlay-color":"","overlay-opacity":"","overlay-gradient":""},"mobile":{"background-color":"","background-image":"","background-repeat":"repeat","background-position":"center center","background-size":"auto","background-attachment":"scroll","background-type":"","background-media":"","overlay-type":"","overlay-color":"","overlay-opacity":"","overlay-gradient":""}},"ast-content-background-meta":{"desktop":{"background-color":"var(--ast-global-color-5)","background-image":"","background-repeat":"repeat","background-position":"center center","background-size":"auto","background-attachment":"scroll","background-type":"","background-media":"","overlay-type":"","overlay-color":"","overlay-opacity":"","overlay-gradient":""},"tablet":{"background-color":"var(--ast-global-color-5)","background-image":"","background-repeat":"repeat","background-position":"center center","background-size":"auto","background-attachment":"scroll","background-type":"","background-media":"","overlay-type":"","overlay-color":"","overlay-opacity":"","overlay-gradient":""},"mobile":{"background-color":"var(--ast-global-color-5)","background-image":"","background-repeat":"repeat","background-position":"center center","background-size":"auto","background-attachment":"scroll","background-type":"","background-media":"","overlay-type":"","overlay-color":"","overlay-opacity":"","overlay-gradient":""}},"footnotes":""},"class_list":["post-3300","page","type-page","status-publish","hentry"],"yoast_head":"<!-- This site is optimized with the Yoast SEO plugin v27.0 - https:\/\/yoast.com\/product\/yoast-seo-wordpress\/ -->\n<title>Return Policy - ALOCK<\/title>\n<meta name=\"description\" content=\"Return Policy\" \/>\n<meta name=\"robots\" content=\"index, follow, max-snippet:-1, max-image-preview:large, max-video-preview:-1\" \/>\n<link rel=\"canonical\" href=\"https:\/\/alock.tr\/en\/return-policy\/\" \/>\n<meta property=\"og:locale\" content=\"en_US\" \/>\n<meta property=\"og:type\" content=\"article\" \/>\n<meta property=\"og:title\" content=\"Return Policy - ALOCK\" \/>\n<meta property=\"og:description\" content=\"Return Policy\" \/>\n<meta property=\"og:url\" content=\"https:\/\/alock.tr\/en\/return-policy\/\" \/>\n<meta property=\"og:site_name\" content=\"ALOCK\" \/>\n<meta property=\"article:modified_time\" content=\"2025-05-29T15:42:27+00:00\" \/>\n<meta name=\"twitter:card\" content=\"summary_large_image\" \/>\n<meta name=\"twitter:label1\" content=\"Est. reading time\" \/>\n\t<meta name=\"twitter:data1\" content=\"1 minute\" \/>\n<script type=\"application\/ld+json\" class=\"yoast-schema-graph\">{\"@context\":\"https:\/\/schema.org\",\"@graph\":[{\"@type\":\"WebPage\",\"@id\":\"https:\/\/alock.tr\/en\/return-policy\/\",\"url\":\"https:\/\/alock.tr\/en\/return-policy\/\",\"name\":\"Return Policy - ALOCK\",\"isPartOf\":{\"@id\":\"https:\/\/alock.tr\/en\/#website\"},\"datePublished\":\"2025-05-29T14:50:56+00:00\",\"dateModified\":\"2025-05-29T15:42:27+00:00\",\"description\":\"Return Policy\",\"breadcrumb\":{\"@id\":\"https:\/\/alock.tr\/en\/return-policy\/#breadcrumb\"},\"inLanguage\":\"en-US\",\"potentialAction\":[{\"@type\":\"ReadAction\",\"target\":[\"https:\/\/alock.tr\/en\/return-policy\/\"]}]},{\"@type\":\"BreadcrumbList\",\"@id\":\"https:\/\/alock.tr\/en\/return-policy\/#breadcrumb\",\"itemListElement\":[{\"@type\":\"ListItem\",\"position\":1,\"name\":\"Home\",\"item\":\"https:\/\/alock.tr\/en\/\"},{\"@type\":\"ListItem\",\"position\":2,\"name\":\"Return Policy\"}]},{\"@type\":\"WebSite\",\"@id\":\"https:\/\/alock.tr\/en\/#website\",\"url\":\"https:\/\/alock.tr\/en\/\",\"name\":\"ALOCK Dijital kilitler ve ak\u0131ll\u0131 kollar\",\"description\":\"Dijital kilitler ve ak\u0131ll\u0131 kollar\",\"publisher\":{\"@id\":\"https:\/\/alock.tr\/en\/#organization\"},\"alternateName\":\"ALOCK\",\"potentialAction\":[{\"@type\":\"SearchAction\",\"target\":{\"@type\":\"EntryPoint\",\"urlTemplate\":\"https:\/\/alock.tr\/en\/?s={search_term_string}\"},\"query-input\":{\"@type\":\"PropertyValueSpecification\",\"valueRequired\":true,\"valueName\":\"search_term_string\"}}],\"inLanguage\":\"en-US\"},{\"@type\":\"Organization\",\"@id\":\"https:\/\/alock.tr\/en\/#organization\",\"name\":\"ALOCK Dijital kilitler ve ak\u0131ll\u0131 kollar\",\"url\":\"https:\/\/alock.tr\/en\/\",\"logo\":{\"@type\":\"ImageObject\",\"inLanguage\":\"en-US\",\"@id\":\"https:\/\/alock.tr\/en\/#\/schema\/logo\/image\/\",\"url\":\"https:\/\/alock.tr\/wp-content\/uploads\/2024\/12\/logo_2.png\",\"contentUrl\":\"https:\/\/alock.tr\/wp-content\/uploads\/2024\/12\/logo_2.png\",\"width\":185,\"height\":53,\"caption\":\"ALOCK Dijital kilitler ve ak\u0131ll\u0131 kollar\"},\"image\":{\"@id\":\"https:\/\/alock.tr\/en\/#\/schema\/logo\/image\/\"}}]}<\/script>\n<!-- \/ Yoast SEO plugin. -->","yoast_head_json":{"title":"Return Policy - ALOCK","description":"Return Policy","robots":{"index":"index","follow":"follow","max-snippet":"max-snippet:-1","max-image-preview":"max-image-preview:large","max-video-preview":"max-video-preview:-1"},"canonical":"https:\/\/alock.tr\/en\/return-policy\/","og_locale":"en_US","og_type":"article","og_title":"Return Policy - ALOCK","og_description":"Return Policy","og_url":"https:\/\/alock.tr\/en\/return-policy\/","og_site_name":"ALOCK","article_modified_time":"2025-05-29T15:42:27+00:00","twitter_card":"summary_large_image","twitter_misc":{"Est. reading time":"1 minute"},"schema":{"@context":"https:\/\/schema.org","@graph":[{"@type":"WebPage","@id":"https:\/\/alock.tr\/en\/return-policy\/","url":"https:\/\/alock.tr\/en\/return-policy\/","name":"Return Policy - ALOCK","isPartOf":{"@id":"https:\/\/alock.tr\/en\/#website"},"datePublished":"2025-05-29T14:50:56+00:00","dateModified":"2025-05-29T15:42:27+00:00","description":"Return Policy","breadcrumb":{"@id":"https:\/\/alock.tr\/en\/return-policy\/#breadcrumb"},"inLanguage":"en-US","potentialAction":[{"@type":"ReadAction","target":["https:\/\/alock.tr\/en\/return-policy\/"]}]},{"@type":"BreadcrumbList","@id":"https:\/\/alock.tr\/en\/return-policy\/#breadcrumb","itemListElement":[{"@type":"ListItem","position":1,"name":"Home","item":"https:\/\/alock.tr\/en\/"},{"@type":"ListItem","position":2,"name":"Return Policy"}]},{"@type":"WebSite","@id":"https:\/\/alock.tr\/en\/#website","url":"https:\/\/alock.tr\/en\/","name":"ALOCK Dijital kilitler ve ak\u0131ll\u0131 kollar","description":"Dijital kilitler ve ak\u0131ll\u0131 kollar","publisher":{"@id":"https:\/\/alock.tr\/en\/#organization"},"alternateName":"ALOCK","potentialAction":[{"@type":"SearchAction","target":{"@type":"EntryPoint","urlTemplate":"https:\/\/alock.tr\/en\/?s={search_term_string}"},"query-input":{"@type":"PropertyValueSpecification","valueRequired":true,"valueName":"search_term_string"}}],"inLanguage":"en-US"},{"@type":"Organization","@id":"https:\/\/alock.tr\/en\/#organization","name":"ALOCK Dijital kilitler ve ak\u0131ll\u0131 kollar","url":"https:\/\/alock.tr\/en\/","logo":{"@type":"ImageObject","inLanguage":"en-US","@id":"https:\/\/alock.tr\/en\/#\/schema\/logo\/image\/","url":"https:\/\/alock.tr\/wp-content\/uploads\/2024\/12\/logo_2.png","contentUrl":"https:\/\/alock.tr\/wp-content\/uploads\/2024\/12\/logo_2.png","width":185,"height":53,"caption":"ALOCK Dijital kilitler ve ak\u0131ll\u0131 kollar"},"image":{"@id":"https:\/\/alock.tr\/en\/#\/schema\/logo\/image\/"}}]}},"_links":{"self":[{"href":"https:\/\/alock.tr\/en\/wp-json\/wp\/v2\/pages\/3300","targetHints":{"allow":["GET"]}}],"collection":[{"href":"https:\/\/alock.tr\/en\/wp-json\/wp\/v2\/pages"}],"about":[{"href":"https:\/\/alock.tr\/en\/wp-json\/wp\/v2\/types\/page"}],"author":[{"embeddable":true,"href":"https:\/\/alock.tr\/en\/wp-json\/wp\/v2\/users\/1"}],"replies":[{"embeddable":true,"href":"https:\/\/alock.tr\/en\/wp-json\/wp\/v2\/comments?post=3300"}],"version-history":[{"count":1,"href":"https:\/\/alock.tr\/en\/wp-json\/wp\/v2\/pages\/3300\/revisions"}],"predecessor-version":[{"id":3301,"href":"https:\/\/alock.tr\/en\/wp-json\/wp\/v2\/pages\/3300\/revisions\/3301"}],"wp:attachment":[{"href":"https:\/\/alock.tr\/en\/wp-json\/wp\/v2\/media?parent=3300"}],"curies":[{"name":"wp","href":"https:\/\/api.w.org\/{rel}","templated":true}]}}