{"id":2131,"date":"2025-02-15T11:06:53","date_gmt":"2025-02-15T08:06:53","guid":{"rendered":"https:\/\/alock.tr\/product\/dijital-parmak-izi-kilidi-ve-yuz-tanima-kolu-p60-pro-g-2023\/"},"modified":"2026-04-26T00:25:41","modified_gmt":"2026-04-25T21:25:41","slug":"digital-fingerprint-face-recognition-p60-pro-g-2023","status":"publish","type":"product","link":"https:\/\/alock.tr\/en\/urun\/digital-fingerprint-face-recognition-p60-pro-g-2023\/","title":{"rendered":"Digital fingerprint lock and Face recognition lever P60+ Pro G 2023"},"content":{"rendered":"<p><span style=\"color: #ff0000;\"><strong>Digital fingerprint lock and Face recognition lever P60+ Pro G 2023<\/strong><\/span><\/p>\n<p style=\"text-align: justify;\"><strong>ALOCK digital lock with autopilot handle, model P60+ Pro G 2023<\/strong>, is one of ALOCK&#8217;s latest face recognition handles with digital eye, version 2023.09. The touch panel of this special handle is made of scratch-resistant Tempered Glass. This face recognition lock has two versions. The first phase of its production and launch in early April 2023, the device is equipped with <a href=\"https:\/\/alock.tr\/en\/urun-kategori\/digitlock_smthandle\/fingerprint\/\" target=\"_blank\" rel=\"noopener\">fingerprint<\/a>, <a href=\"https:\/\/alock.tr\/en\/urun-kategori\/digitlock_smthandle\/passcode\/\" target=\"_blank\" rel=\"noopener\">password<\/a>, <a href=\"https:\/\/alock.tr\/en\/urun-kategori\/digitlock_smthandle\/keycard\/\" target=\"_blank\" rel=\"noopener\">card<\/a>, <a href=\"https:\/\/alock.tr\/optionstr\/onlinelock\/\" target=\"_blank\" rel=\"noopener\">app <\/a>and <a href=\"https:\/\/alock.tr\/en\/urun-kategori\/digitlock_smthandle\/facerecognition\/\" target=\"_blank\" rel=\"noopener\">face recognition<\/a> features, as well as a night vision color camera with a 3.5 inch built-in monitor.    However, from the beginning of October 2023, this product was relaunched with a very attractive update.<\/p>\n<p style=\"text-align: justify;\">The new versions of this product are detailed below; Viewing the phone, opening the camera without touching the door, hidden camera, card settings, etc. Features such as: <\/p>\n<p style=\"text-align: justify;\">When someone stands in front of the door handle, the smart handle&#8217;s motion sensor detects their presence and if you are the main user of the space, the door opens for you. Otherwise, the handle will instantly record photos and videos and save them on the memory card inserted in the device. This will also be sent as a notification to the administrator and app users. The new update of this product uses a larger 4-inch monitor.   <\/p>\n<p style=\"text-align: justify;\">Other features include a larger and clearer camera, more powerful night vision and the ability to transmit images to smart home touch panels. If we talk about expertise in the field of smart locks, ALOCK is the flagship of this sector. Because it moves with the latest technologies. One of the features needed for office environments and server rooms is the ability to control users and monitor images through the computer.   <\/p>\n<p style=\"text-align: justify;\">With this new product and update, you can set a unique password for each user, and even define a specific day of the week and specific access hours for each password. This means that a user named Morteza will only be able to access the site between 09:00-16:00 on Sundays-Thursdays with a unique password, and will not be able to open the site at other times and days. <\/p>\n<p style=\"text-align: justify;\">The new update also includes an 8 GB memory card in the handle so that recorded images and videos can be removed and viewed on the product. In this new version, the user will be able to activate the doorbell camera with their mobile phone from anywhere in the world without touching the doorbell button and view the outside as a hidden camera with audio and video communication capability.<\/p>\n<p style=\"text-align: justify;\">The P60+ PRO G 2023 model is a fully automatic digital product with fully intelligent operation capabilities. The digital eye of the smart door handle has a resolution of 8 megapixels and is activated when the doorbell button is touched, recording images of people at the door and displaying them on the internal monitor. It is also possible to send the images of the people online to the manager via their mobile phones.  <\/p>\n<p style=\"text-align: justify;\">The face unlock on this product has a very nice and eye-catching design. The fingerprint scanner of this product is capacitive and very sensitive. The face recognition technology in the ALOCK face unlock is Double Eyes Deep Sense Scan technology. You can travel with your biometric ID card with utmost safety and security.    This product uses two types of biometric identification systems: live <a href=\"https:\/\/alock.tr\/en\/urun-kategori\/digitlock_smthandle\/fingerprint\/\" target=\"_blank\" rel=\"noopener\">fingerprint<\/a> and <a href=\"https:\/\/alock.tr\/en\/urun-kategori\/digitlock_smthandle\/facerecognition\/\" target=\"_blank\" rel=\"noopener\">3D infrared face<\/a>. In this product, you can open the door with two-step biometric verification. For example, when you come in front of the doorknob, your face is first recognized and then you open the door by entering your fingerprint. For example, you locked the door twice. This is the highest level of biometric security.   <\/p>\n<p style=\"text-align: justify;\">Also, the fingerprint scanner of this product is capacitive type, which is a type of mobile scanner. Additionally, these scanners are highly resistant to moisture and have an IP=65 rating. Another security feature used to prevent password hacking is the virtual function.   <\/p>\n","protected":false},"excerpt":{"rendered":"<p>&nbsp;<\/p>\n<p><span style=\"color: #ff0000;\"><strong>Main features:<\/strong><\/span><\/p>\n<ul>\n<li style=\"list-style-type: none;\">\n<ul>\n<li><a href=\"https:\/\/alock.tr\/en\/urun-kategori\/digitlock_smthandle\/facerecognition\/\" target=\"_blank\" rel=\"noopener\">Face Recognition Door Lock and Handle<\/a><\/li>\n<li><a href=\"https:\/\/alock.tr\/en\/urun-kategori\/digitlock_smthandle\/fingerprint\/\" target=\"_blank\" rel=\"noopener\">Fingerprint Door Handle<\/a><\/li>\n<li><a href=\"https:\/\/alock.tr\/en\/urun-kategori\/digitlock_smthandle\/passcode\/\" target=\"_blank\" rel=\"noopener\">Combination Door Lock<\/a><\/li>\n<li><a href=\"https:\/\/alock.tr\/en\/urun-kategori\/digitlock_smthandle\/keycard\/\" target=\"_blank\" rel=\"noopener\">Card Door Lock and Handle<\/a><\/li>\n<li><a href=\"https:\/\/alock.tr\/en\/urun-kategori\/digitlock_smthandle\/appcontrol\/\" target=\"_blank\" rel=\"noopener\">Mobile Connected Smart Arm<\/a><\/li>\n<\/ul>\n<\/li>\n<\/ul>\n<ul>\n<li style=\"list-style-type: none;\">\n<\/li>\n<\/ul>\n","protected":false},"featured_media":2112,"comment_status":"open","ping_status":"closed","template":"","meta":{"site-sidebar-layout":"default","site-content-layout":"","ast-site-content-layout":"default","site-content-style":"default","site-sidebar-style":"default","ast-global-header-display":"","ast-banner-title-visibility":"","ast-main-header-display":"","ast-hfb-above-header-display":"","ast-hfb-below-header-display":"","ast-hfb-mobile-header-display":"","site-post-title":"","ast-breadcrumbs-content":"","ast-featured-img":"","footer-sml-layout":"","theme-transparent-header-meta":"default","adv-header-id-meta":"","stick-header-meta":"","header-above-stick-meta":"","header-main-stick-meta":"","header-below-stick-meta":"","astra-migrate-meta-layouts":"set","ast-page-background-enabled":"default","ast-page-background-meta":{"desktop":{"background-color":"","background-image":"","background-repeat":"repeat","background-position":"center center","background-size":"auto","background-attachment":"scroll","background-type":"","background-media":"","overlay-type":"","overlay-color":"","overlay-opacity":"","overlay-gradient":""},"tablet":{"background-color":"","background-image":"","background-repeat":"repeat","background-position":"center center","background-size":"auto","background-attachment":"scroll","background-type":"","background-media":"","overlay-type":"","overlay-color":"","overlay-opacity":"","overlay-gradient":""},"mobile":{"background-color":"","background-image":"","background-repeat":"repeat","background-position":"center center","background-size":"auto","background-attachment":"scroll","background-type":"","background-media":"","overlay-type":"","overlay-color":"","overlay-opacity":"","overlay-gradient":""}},"ast-content-background-meta":{"desktop":{"background-color":"var(--ast-global-color-5)","background-image":"","background-repeat":"repeat","background-position":"center center","background-size":"auto","background-attachment":"scroll","background-type":"","background-media":"","overlay-type":"","overlay-color":"","overlay-opacity":"","overlay-gradient":""},"tablet":{"background-color":"var(--ast-global-color-5)","background-image":"","background-repeat":"repeat","background-position":"center center","background-size":"auto","background-attachment":"scroll","background-type":"","background-media":"","overlay-type":"","overlay-color":"","overlay-opacity":"","overlay-gradient":""},"mobile":{"background-color":"var(--ast-global-color-5)","background-image":"","background-repeat":"repeat","background-position":"center center","background-size":"auto","background-attachment":"scroll","background-type":"","background-media":"","overlay-type":"","overlay-color":"","overlay-opacity":"","overlay-gradient":""}}},"product_brand":[],"product_cat":[100,96,95,98,97],"product_tag":[],"class_list":{"0":"post-2131","1":"product","2":"type-product","3":"status-publish","4":"has-post-thumbnail","6":"product_cat-facerecognition","7":"product_cat-fingerprint","8":"product_cat-keycard","9":"product_cat-passcode","10":"product_cat-appcontrol","11":"desktop-align-left","12":"tablet-align-left","13":"mobile-align-left","14":"ast-product-gallery-layout-horizontal-slider","15":"ast-product-tabs-layout-horizontal","17":"first","18":"instock","19":"taxable","20":"shipping-taxable","21":"purchasable","22":"product-type-simple"},"yoast_head":"<!-- This site is optimized with the Yoast SEO plugin v27.0 - https:\/\/yoast.com\/product\/yoast-seo-wordpress\/ -->\n<title>Digital fingerprint lock and Face recognition lever P60+ Pro G 2023 - ALOCK<\/title>\n<meta name=\"description\" content=\"Digital fingerprint lock and Face recognition handle P60+ Pro G, room door lock Prices, automatic door lock, combination door Card Door Lock, Face Recognition Lock\" \/>\n<meta name=\"robots\" content=\"index, follow, max-snippet:-1, max-image-preview:large, max-video-preview:-1\" \/>\n<link rel=\"canonical\" href=\"https:\/\/alock.tr\/en\/urun\/digital-fingerprint-face-recognition-p60-pro-g-2023\/\" \/>\n<meta property=\"og:locale\" content=\"en_US\" \/>\n<meta property=\"og:type\" content=\"article\" \/>\n<meta property=\"og:title\" content=\"Digital fingerprint lock and Face recognition lever P60+ Pro G 2023 - ALOCK\" \/>\n<meta property=\"og:description\" content=\"Digital fingerprint lock and Face recognition handle P60+ Pro G, room door lock Prices, automatic door lock, combination door Card Door Lock, Face Recognition Lock\" \/>\n<meta property=\"og:url\" content=\"https:\/\/alock.tr\/en\/urun\/digital-fingerprint-face-recognition-p60-pro-g-2023\/\" \/>\n<meta property=\"og:site_name\" content=\"ALOCK\" \/>\n<meta property=\"article:modified_time\" content=\"2026-04-25T21:25:41+00:00\" \/>\n<meta property=\"og:image\" content=\"https:\/\/alock.tr\/wp-content\/uploads\/2025\/02\/P60_plus_pro.jpg\" \/>\n\t<meta property=\"og:image:width\" content=\"700\" \/>\n\t<meta property=\"og:image:height\" content=\"700\" \/>\n\t<meta property=\"og:image:type\" content=\"image\/jpeg\" \/>\n<meta name=\"twitter:card\" content=\"summary_large_image\" \/>\n<meta name=\"twitter:label1\" content=\"Est. reading time\" \/>\n\t<meta name=\"twitter:data1\" content=\"1 minute\" \/>\n<script type=\"application\/ld+json\" class=\"yoast-schema-graph\">{\"@context\":\"https:\/\/schema.org\",\"@graph\":[{\"@type\":\"WebPage\",\"@id\":\"https:\/\/alock.tr\/en\/urun\/digital-fingerprint-face-recognition-p60-pro-g-2023\/\",\"url\":\"https:\/\/alock.tr\/en\/urun\/digital-fingerprint-face-recognition-p60-pro-g-2023\/\",\"name\":\"Digital fingerprint lock and Face recognition lever P60+ Pro G 2023 - ALOCK\",\"isPartOf\":{\"@id\":\"https:\/\/alock.tr\/en\/#website\"},\"primaryImageOfPage\":{\"@id\":\"https:\/\/alock.tr\/en\/urun\/digital-fingerprint-face-recognition-p60-pro-g-2023\/#primaryimage\"},\"image\":{\"@id\":\"https:\/\/alock.tr\/en\/urun\/digital-fingerprint-face-recognition-p60-pro-g-2023\/#primaryimage\"},\"thumbnailUrl\":\"https:\/\/alock.tr\/wp-content\/uploads\/2025\/02\/P60_plus_pro.jpg\",\"datePublished\":\"2025-02-15T08:06:53+00:00\",\"dateModified\":\"2026-04-25T21:25:41+00:00\",\"description\":\"Digital fingerprint lock and Face recognition handle P60+ Pro G, room door lock Prices, automatic door lock, combination door Card Door Lock, Face Recognition Lock\",\"breadcrumb\":{\"@id\":\"https:\/\/alock.tr\/en\/urun\/digital-fingerprint-face-recognition-p60-pro-g-2023\/#breadcrumb\"},\"inLanguage\":\"en-US\",\"potentialAction\":[{\"@type\":\"ReadAction\",\"target\":[\"https:\/\/alock.tr\/en\/urun\/digital-fingerprint-face-recognition-p60-pro-g-2023\/\"]}]},{\"@type\":\"ImageObject\",\"inLanguage\":\"en-US\",\"@id\":\"https:\/\/alock.tr\/en\/urun\/digital-fingerprint-face-recognition-p60-pro-g-2023\/#primaryimage\",\"url\":\"https:\/\/alock.tr\/wp-content\/uploads\/2025\/02\/P60_plus_pro.jpg\",\"contentUrl\":\"https:\/\/alock.tr\/wp-content\/uploads\/2025\/02\/P60_plus_pro.jpg\",\"width\":700,\"height\":700,\"caption\":\"Digital fingerprint lock and Face recognition handle P60+ Pro G\"},{\"@type\":\"BreadcrumbList\",\"@id\":\"https:\/\/alock.tr\/en\/urun\/digital-fingerprint-face-recognition-p60-pro-g-2023\/#breadcrumb\",\"itemListElement\":[{\"@type\":\"ListItem\",\"position\":1,\"name\":\"Home\",\"item\":\"https:\/\/alock.tr\/en\/\"},{\"@type\":\"ListItem\",\"position\":2,\"name\":\"Shop\",\"item\":\"https:\/\/alock.tr\/en\/shop\/\"},{\"@type\":\"ListItem\",\"position\":3,\"name\":\"Digital fingerprint lock and Face recognition lever P60+ Pro G 2023\"}]},{\"@type\":\"WebSite\",\"@id\":\"https:\/\/alock.tr\/en\/#website\",\"url\":\"https:\/\/alock.tr\/en\/\",\"name\":\"ALOCK Dijital kilitler ve ak\u0131ll\u0131 kollar\",\"description\":\"Dijital kilitler ve ak\u0131ll\u0131 kollar\",\"publisher\":{\"@id\":\"https:\/\/alock.tr\/en\/#organization\"},\"alternateName\":\"ALOCK\",\"potentialAction\":[{\"@type\":\"SearchAction\",\"target\":{\"@type\":\"EntryPoint\",\"urlTemplate\":\"https:\/\/alock.tr\/en\/?s={search_term_string}\"},\"query-input\":{\"@type\":\"PropertyValueSpecification\",\"valueRequired\":true,\"valueName\":\"search_term_string\"}}],\"inLanguage\":\"en-US\"},{\"@type\":\"Organization\",\"@id\":\"https:\/\/alock.tr\/en\/#organization\",\"name\":\"ALOCK Dijital kilitler ve ak\u0131ll\u0131 kollar\",\"url\":\"https:\/\/alock.tr\/en\/\",\"logo\":{\"@type\":\"ImageObject\",\"inLanguage\":\"en-US\",\"@id\":\"https:\/\/alock.tr\/en\/#\/schema\/logo\/image\/\",\"url\":\"https:\/\/alock.tr\/wp-content\/uploads\/2024\/12\/logo_2.png\",\"contentUrl\":\"https:\/\/alock.tr\/wp-content\/uploads\/2024\/12\/logo_2.png\",\"width\":185,\"height\":53,\"caption\":\"ALOCK Dijital kilitler ve ak\u0131ll\u0131 kollar\"},\"image\":{\"@id\":\"https:\/\/alock.tr\/en\/#\/schema\/logo\/image\/\"}}]}<\/script>\n<!-- \/ Yoast SEO plugin. -->","yoast_head_json":{"title":"Digital fingerprint lock and Face recognition lever P60+ Pro G 2023 - ALOCK","description":"Digital fingerprint lock and Face recognition handle P60+ Pro G, room door lock Prices, automatic door lock, combination door Card Door Lock, Face Recognition Lock","robots":{"index":"index","follow":"follow","max-snippet":"max-snippet:-1","max-image-preview":"max-image-preview:large","max-video-preview":"max-video-preview:-1"},"canonical":"https:\/\/alock.tr\/en\/urun\/digital-fingerprint-face-recognition-p60-pro-g-2023\/","og_locale":"en_US","og_type":"article","og_title":"Digital fingerprint lock and Face recognition lever P60+ Pro G 2023 - ALOCK","og_description":"Digital fingerprint lock and Face recognition handle P60+ Pro G, room door lock Prices, automatic door lock, combination door Card Door Lock, Face Recognition Lock","og_url":"https:\/\/alock.tr\/en\/urun\/digital-fingerprint-face-recognition-p60-pro-g-2023\/","og_site_name":"ALOCK","article_modified_time":"2026-04-25T21:25:41+00:00","og_image":[{"width":700,"height":700,"url":"https:\/\/alock.tr\/wp-content\/uploads\/2025\/02\/P60_plus_pro.jpg","type":"image\/jpeg"}],"twitter_card":"summary_large_image","twitter_misc":{"Est. reading time":"1 minute"},"schema":{"@context":"https:\/\/schema.org","@graph":[{"@type":"WebPage","@id":"https:\/\/alock.tr\/en\/urun\/digital-fingerprint-face-recognition-p60-pro-g-2023\/","url":"https:\/\/alock.tr\/en\/urun\/digital-fingerprint-face-recognition-p60-pro-g-2023\/","name":"Digital fingerprint lock and Face recognition lever P60+ Pro G 2023 - ALOCK","isPartOf":{"@id":"https:\/\/alock.tr\/en\/#website"},"primaryImageOfPage":{"@id":"https:\/\/alock.tr\/en\/urun\/digital-fingerprint-face-recognition-p60-pro-g-2023\/#primaryimage"},"image":{"@id":"https:\/\/alock.tr\/en\/urun\/digital-fingerprint-face-recognition-p60-pro-g-2023\/#primaryimage"},"thumbnailUrl":"https:\/\/alock.tr\/wp-content\/uploads\/2025\/02\/P60_plus_pro.jpg","datePublished":"2025-02-15T08:06:53+00:00","dateModified":"2026-04-25T21:25:41+00:00","description":"Digital fingerprint lock and Face recognition handle P60+ Pro G, room door lock Prices, automatic door lock, combination door Card Door Lock, Face Recognition Lock","breadcrumb":{"@id":"https:\/\/alock.tr\/en\/urun\/digital-fingerprint-face-recognition-p60-pro-g-2023\/#breadcrumb"},"inLanguage":"en-US","potentialAction":[{"@type":"ReadAction","target":["https:\/\/alock.tr\/en\/urun\/digital-fingerprint-face-recognition-p60-pro-g-2023\/"]}]},{"@type":"ImageObject","inLanguage":"en-US","@id":"https:\/\/alock.tr\/en\/urun\/digital-fingerprint-face-recognition-p60-pro-g-2023\/#primaryimage","url":"https:\/\/alock.tr\/wp-content\/uploads\/2025\/02\/P60_plus_pro.jpg","contentUrl":"https:\/\/alock.tr\/wp-content\/uploads\/2025\/02\/P60_plus_pro.jpg","width":700,"height":700,"caption":"Digital fingerprint lock and Face recognition handle P60+ Pro G"},{"@type":"BreadcrumbList","@id":"https:\/\/alock.tr\/en\/urun\/digital-fingerprint-face-recognition-p60-pro-g-2023\/#breadcrumb","itemListElement":[{"@type":"ListItem","position":1,"name":"Home","item":"https:\/\/alock.tr\/en\/"},{"@type":"ListItem","position":2,"name":"Shop","item":"https:\/\/alock.tr\/en\/shop\/"},{"@type":"ListItem","position":3,"name":"Digital fingerprint lock and Face recognition lever P60+ Pro G 2023"}]},{"@type":"WebSite","@id":"https:\/\/alock.tr\/en\/#website","url":"https:\/\/alock.tr\/en\/","name":"ALOCK Dijital kilitler ve ak\u0131ll\u0131 kollar","description":"Dijital kilitler ve ak\u0131ll\u0131 kollar","publisher":{"@id":"https:\/\/alock.tr\/en\/#organization"},"alternateName":"ALOCK","potentialAction":[{"@type":"SearchAction","target":{"@type":"EntryPoint","urlTemplate":"https:\/\/alock.tr\/en\/?s={search_term_string}"},"query-input":{"@type":"PropertyValueSpecification","valueRequired":true,"valueName":"search_term_string"}}],"inLanguage":"en-US"},{"@type":"Organization","@id":"https:\/\/alock.tr\/en\/#organization","name":"ALOCK Dijital kilitler ve ak\u0131ll\u0131 kollar","url":"https:\/\/alock.tr\/en\/","logo":{"@type":"ImageObject","inLanguage":"en-US","@id":"https:\/\/alock.tr\/en\/#\/schema\/logo\/image\/","url":"https:\/\/alock.tr\/wp-content\/uploads\/2024\/12\/logo_2.png","contentUrl":"https:\/\/alock.tr\/wp-content\/uploads\/2024\/12\/logo_2.png","width":185,"height":53,"caption":"ALOCK Dijital kilitler ve ak\u0131ll\u0131 kollar"},"image":{"@id":"https:\/\/alock.tr\/en\/#\/schema\/logo\/image\/"}}]}},"_links":{"self":[{"href":"https:\/\/alock.tr\/en\/wp-json\/wp\/v2\/product\/2131","targetHints":{"allow":["GET"]}}],"collection":[{"href":"https:\/\/alock.tr\/en\/wp-json\/wp\/v2\/product"}],"about":[{"href":"https:\/\/alock.tr\/en\/wp-json\/wp\/v2\/types\/product"}],"replies":[{"embeddable":true,"href":"https:\/\/alock.tr\/en\/wp-json\/wp\/v2\/comments?post=2131"}],"version-history":[{"count":12,"href":"https:\/\/alock.tr\/en\/wp-json\/wp\/v2\/product\/2131\/revisions"}],"predecessor-version":[{"id":3696,"href":"https:\/\/alock.tr\/en\/wp-json\/wp\/v2\/product\/2131\/revisions\/3696"}],"wp:featuredmedia":[{"embeddable":true,"href":"https:\/\/alock.tr\/en\/wp-json\/wp\/v2\/media\/2112"}],"wp:attachment":[{"href":"https:\/\/alock.tr\/en\/wp-json\/wp\/v2\/media?parent=2131"}],"wp:term":[{"taxonomy":"product_brand","embeddable":true,"href":"https:\/\/alock.tr\/en\/wp-json\/wp\/v2\/product_brand?post=2131"},{"taxonomy":"product_cat","embeddable":true,"href":"https:\/\/alock.tr\/en\/wp-json\/wp\/v2\/product_cat?post=2131"},{"taxonomy":"product_tag","embeddable":true,"href":"https:\/\/alock.tr\/en\/wp-json\/wp\/v2\/product_tag?post=2131"}],"curies":[{"name":"wp","href":"https:\/\/api.w.org\/{rel}","templated":true}]}}