{"id":2398,"date":"2024-12-03T20:38:30","date_gmt":"2024-12-03T17:38:30","guid":{"rendered":"https:\/\/alock.tr\/product\/digital-fingerprint-lock-d400-camera\/"},"modified":"2026-02-26T16:12:33","modified_gmt":"2026-02-26T13:12:33","slug":"digital-fingerprint-lock-d400-camera","status":"publish","type":"product","link":"https:\/\/alock.tr\/en\/urun\/digital-fingerprint-lock-d400-camera\/","title":{"rendered":"Fingerprint Door Lock D400 + Camera"},"content":{"rendered":"<p><span style=\"color: #ff0000;\"><strong>Fingerprint Door Lock D400 + Camera<\/strong><\/span><\/p>\n<p style=\"text-align: justify;\"><strong>The D400+ Camera fingerprint smart lock<\/strong>, is one of the latest economical models from ALOCK. This product supports 100 <a href=\"https:\/\/alock.tr\/en\/optionstr\/fingerprint-lock\/\" target=\"_blank\" rel=\"noopener\">fingerprint<\/a> users, 200 PIN codes and card access. The 4 mega pixel color camera on it records images onto the internal memory card when the doorbell is pressed. It also offers live monitoring from inside and footage can be sent online to administrators.<\/p>\n<p style=\"text-align: justify;\">This smart lock has Wi-Fi connectivity and can be controlled via the Smart Life app on mobile devices. It is equipped with a scratch-resistant glass touch panel and a touch doorbell button with a 50-decibel warning sound. Through the dedicated application, users can set single-use or multi-use passwords and view login records.<\/p>\n<p style=\"text-align: justify;\">The color camera supports night vision, providing clear images even in low-light conditions. Another important feature is the ability to unlock the door remotely via mobile phone. Built-in privacy lock enhances security by preventing unauthorized access from outside.<\/p>\n<p style=\"text-align: justify;\">The D400+ Camera smart lock is powered by four 1.5V AA batteries and offers approximately six months of usage time. Low battery warning system notifies the user before the battery runs out completely. There is also a micro-USB charging port integrated into the lock for emergencies. This way, temporary power can be provided using a power bank or phone charger from outside the door, and batteries can be changed by opening the lock.<\/p>\n<p style=\"text-align: justify;\">For additional security, the lock is equipped with a super C-class mechanical key and offers a reliable manual opening option in case of emergency. When the electronic system is disabled, the mechanical key allows the door to be opened.<\/p>\n<p style=\"text-align: justify;\">Another notable feature of the D400+ Camera digital lock is the Transition Mode. When this mode is enabled, no fingerprint, PIN or card is required to open the door; users can simply press down on the door handle to open the door. This feature is very useful for events, offices with frequent visitors, or busy transit areas.<\/p>\n<p style=\"text-align: justify;\">The electronic components of the lock are covered by a two-year warranty. However, as with many smart locks, it is not suitable for installation in outdoor areas exposed to direct sunlight, rain or harsh weather conditions. It is ideal for interior use and can be installed on timber, security and fire rated doors.<\/p>\n","protected":false},"excerpt":{"rendered":"<p>&nbsp;<\/p>\n<p><span style=\"color: #ff0000;\"><strong>Key Features:<\/strong><\/span><\/p>\n<ul>\n<li style=\"list-style-type: none;\">\n<ul>\n<li><a href=\"https:\/\/alock.tr\/en\/product-category\/digitlock_smthandle-en\/fingerprint-lock\/\" target=\"_blank\" rel=\"noopener\">Fingerprint Door Lock<\/a><\/li>\n<li><a href=\"https:\/\/alock.tr\/en\/product-category\/digitlock_smthandle-en\/passcode-en\/\" target=\"_blank\" rel=\"noopener\">Keypad Door lock<\/a><\/li>\n<li><a href=\"https:\/\/alock.tr\/en\/product-category\/digitlock_smthandle-en\/keycard_en\/_en\" target=\"_blank\" rel=\"noopener\">Key Card Door Lock<\/a><\/li>\n<li><a href=\"https:\/\/alock.tr\/en\/product-category\/digitlock_smthandle-en\/mobile-connected\/\" target=\"_blank\" rel=\"noopener\">Mobile-Connected Smart Locks<\/a><\/li>\n<\/ul>\n<\/li>\n<\/ul>\n","protected":false},"featured_media":1954,"comment_status":"open","ping_status":"closed","template":"","meta":{"site-sidebar-layout":"default","site-content-layout":"","ast-site-content-layout":"default","site-content-style":"default","site-sidebar-style":"default","ast-global-header-display":"","ast-banner-title-visibility":"","ast-main-header-display":"","ast-hfb-above-header-display":"","ast-hfb-below-header-display":"","ast-hfb-mobile-header-display":"","site-post-title":"","ast-breadcrumbs-content":"","ast-featured-img":"","footer-sml-layout":"","theme-transparent-header-meta":"default","adv-header-id-meta":"","stick-header-meta":"default","header-above-stick-meta":"","header-main-stick-meta":"","header-below-stick-meta":"","astra-migrate-meta-layouts":"set","ast-page-background-enabled":"default","ast-page-background-meta":{"desktop":{"background-color":"","background-image":"","background-repeat":"repeat","background-position":"center center","background-size":"auto","background-attachment":"scroll","background-type":"","background-media":"","overlay-type":"","overlay-color":"","overlay-opacity":"","overlay-gradient":""},"tablet":{"background-color":"","background-image":"","background-repeat":"repeat","background-position":"center center","background-size":"auto","background-attachment":"scroll","background-type":"","background-media":"","overlay-type":"","overlay-color":"","overlay-opacity":"","overlay-gradient":""},"mobile":{"background-color":"","background-image":"","background-repeat":"repeat","background-position":"center center","background-size":"auto","background-attachment":"scroll","background-type":"","background-media":"","overlay-type":"","overlay-color":"","overlay-opacity":"","overlay-gradient":""}},"ast-content-background-meta":{"desktop":{"background-color":"var(--ast-global-color-5)","background-image":"","background-repeat":"repeat","background-position":"center center","background-size":"auto","background-attachment":"scroll","background-type":"","background-media":"","overlay-type":"","overlay-color":"","overlay-opacity":"","overlay-gradient":""},"tablet":{"background-color":"var(--ast-global-color-5)","background-image":"","background-repeat":"repeat","background-position":"center center","background-size":"auto","background-attachment":"scroll","background-type":"","background-media":"","overlay-type":"","overlay-color":"","overlay-opacity":"","overlay-gradient":""},"mobile":{"background-color":"var(--ast-global-color-5)","background-image":"","background-repeat":"repeat","background-position":"center center","background-size":"auto","background-attachment":"scroll","background-type":"","background-media":"","overlay-type":"","overlay-color":"","overlay-opacity":"","overlay-gradient":""}}},"product_brand":[],"product_cat":[96,95,98,97],"product_tag":[],"class_list":{"0":"post-2398","1":"product","2":"type-product","3":"status-publish","4":"has-post-thumbnail","6":"product_cat-fingerprint","7":"product_cat-keycard","8":"product_cat-passcode","9":"product_cat-appcontrol","10":"desktop-align-left","11":"tablet-align-left","12":"mobile-align-left","13":"ast-product-gallery-layout-horizontal-slider","14":"ast-product-tabs-layout-horizontal","16":"first","17":"outofstock","18":"taxable","19":"shipping-taxable","20":"product-type-simple"},"yoast_head":"<!-- This site is optimized with the Yoast SEO plugin v27.0 - https:\/\/yoast.com\/product\/yoast-seo-wordpress\/ -->\n<title>Fingerprint Door Lock D400 + Camera - ALOCK<\/title>\n<meta name=\"description\" content=\"Fingerprint Door Lock D400 + Camera, automatic door lock prices, card door lock prices system, steel door key less lock in Turkey\" \/>\n<meta name=\"robots\" content=\"index, follow, max-snippet:-1, max-image-preview:large, max-video-preview:-1\" \/>\n<link rel=\"canonical\" href=\"https:\/\/alock.tr\/en\/urun\/digital-fingerprint-lock-d400-camera\/\" \/>\n<meta property=\"og:locale\" content=\"en_US\" \/>\n<meta property=\"og:type\" content=\"article\" \/>\n<meta property=\"og:title\" content=\"Fingerprint Door Lock D400 + Camera - ALOCK\" \/>\n<meta property=\"og:description\" content=\"Fingerprint Door Lock D400 + Camera, automatic door lock prices, card door lock prices system, steel door key less lock in Turkey\" \/>\n<meta property=\"og:url\" content=\"https:\/\/alock.tr\/en\/urun\/digital-fingerprint-lock-d400-camera\/\" \/>\n<meta property=\"og:site_name\" content=\"ALOCK\" \/>\n<meta property=\"article:modified_time\" content=\"2026-02-26T13:12:33+00:00\" \/>\n<meta property=\"og:image\" content=\"https:\/\/alock.tr\/wp-content\/uploads\/2024\/12\/D400_camera.jpg\" \/>\n\t<meta property=\"og:image:width\" content=\"700\" \/>\n\t<meta property=\"og:image:height\" content=\"700\" \/>\n\t<meta property=\"og:image:type\" content=\"image\/jpeg\" \/>\n<meta name=\"twitter:card\" content=\"summary_large_image\" \/>\n<meta name=\"twitter:label1\" content=\"Est. reading time\" \/>\n\t<meta name=\"twitter:data1\" content=\"2 minutes\" \/>\n<script type=\"application\/ld+json\" class=\"yoast-schema-graph\">{\"@context\":\"https:\/\/schema.org\",\"@graph\":[{\"@type\":\"WebPage\",\"@id\":\"https:\/\/alock.tr\/en\/urun\/digital-fingerprint-lock-d400-camera\/\",\"url\":\"https:\/\/alock.tr\/en\/urun\/digital-fingerprint-lock-d400-camera\/\",\"name\":\"Fingerprint Door Lock D400 + Camera - ALOCK\",\"isPartOf\":{\"@id\":\"https:\/\/alock.tr\/en\/#website\"},\"primaryImageOfPage\":{\"@id\":\"https:\/\/alock.tr\/en\/urun\/digital-fingerprint-lock-d400-camera\/#primaryimage\"},\"image\":{\"@id\":\"https:\/\/alock.tr\/en\/urun\/digital-fingerprint-lock-d400-camera\/#primaryimage\"},\"thumbnailUrl\":\"https:\/\/alock.tr\/wp-content\/uploads\/2024\/12\/D400_camera.jpg\",\"datePublished\":\"2024-12-03T17:38:30+00:00\",\"dateModified\":\"2026-02-26T13:12:33+00:00\",\"description\":\"Fingerprint Door Lock D400 + Camera, automatic door lock prices, card door lock prices system, steel door key less lock in Turkey\",\"breadcrumb\":{\"@id\":\"https:\/\/alock.tr\/en\/urun\/digital-fingerprint-lock-d400-camera\/#breadcrumb\"},\"inLanguage\":\"en-US\",\"potentialAction\":[{\"@type\":\"ReadAction\",\"target\":[\"https:\/\/alock.tr\/en\/urun\/digital-fingerprint-lock-d400-camera\/\"]}]},{\"@type\":\"ImageObject\",\"inLanguage\":\"en-US\",\"@id\":\"https:\/\/alock.tr\/en\/urun\/digital-fingerprint-lock-d400-camera\/#primaryimage\",\"url\":\"https:\/\/alock.tr\/wp-content\/uploads\/2024\/12\/D400_camera.jpg\",\"contentUrl\":\"https:\/\/alock.tr\/wp-content\/uploads\/2024\/12\/D400_camera.jpg\",\"width\":700,\"height\":700,\"caption\":\"Fingerprint Door Lock D400 + Camera\"},{\"@type\":\"BreadcrumbList\",\"@id\":\"https:\/\/alock.tr\/en\/urun\/digital-fingerprint-lock-d400-camera\/#breadcrumb\",\"itemListElement\":[{\"@type\":\"ListItem\",\"position\":1,\"name\":\"Home\",\"item\":\"https:\/\/alock.tr\/en\/\"},{\"@type\":\"ListItem\",\"position\":2,\"name\":\"Shop\",\"item\":\"https:\/\/alock.tr\/en\/shop\/\"},{\"@type\":\"ListItem\",\"position\":3,\"name\":\"Fingerprint Door Lock D400 + Camera\"}]},{\"@type\":\"WebSite\",\"@id\":\"https:\/\/alock.tr\/en\/#website\",\"url\":\"https:\/\/alock.tr\/en\/\",\"name\":\"ALOCK Dijital kilitler ve ak\u0131ll\u0131 kollar\",\"description\":\"Dijital kilitler ve ak\u0131ll\u0131 kollar\",\"publisher\":{\"@id\":\"https:\/\/alock.tr\/en\/#organization\"},\"alternateName\":\"ALOCK\",\"potentialAction\":[{\"@type\":\"SearchAction\",\"target\":{\"@type\":\"EntryPoint\",\"urlTemplate\":\"https:\/\/alock.tr\/en\/?s={search_term_string}\"},\"query-input\":{\"@type\":\"PropertyValueSpecification\",\"valueRequired\":true,\"valueName\":\"search_term_string\"}}],\"inLanguage\":\"en-US\"},{\"@type\":\"Organization\",\"@id\":\"https:\/\/alock.tr\/en\/#organization\",\"name\":\"ALOCK Dijital kilitler ve ak\u0131ll\u0131 kollar\",\"url\":\"https:\/\/alock.tr\/en\/\",\"logo\":{\"@type\":\"ImageObject\",\"inLanguage\":\"en-US\",\"@id\":\"https:\/\/alock.tr\/en\/#\/schema\/logo\/image\/\",\"url\":\"https:\/\/alock.tr\/wp-content\/uploads\/2024\/12\/logo_2.png\",\"contentUrl\":\"https:\/\/alock.tr\/wp-content\/uploads\/2024\/12\/logo_2.png\",\"width\":185,\"height\":53,\"caption\":\"ALOCK Dijital kilitler ve ak\u0131ll\u0131 kollar\"},\"image\":{\"@id\":\"https:\/\/alock.tr\/en\/#\/schema\/logo\/image\/\"}}]}<\/script>\n<!-- \/ Yoast SEO plugin. -->","yoast_head_json":{"title":"Fingerprint Door Lock D400 + Camera - ALOCK","description":"Fingerprint Door Lock D400 + Camera, automatic door lock prices, card door lock prices system, steel door key less lock in Turkey","robots":{"index":"index","follow":"follow","max-snippet":"max-snippet:-1","max-image-preview":"max-image-preview:large","max-video-preview":"max-video-preview:-1"},"canonical":"https:\/\/alock.tr\/en\/urun\/digital-fingerprint-lock-d400-camera\/","og_locale":"en_US","og_type":"article","og_title":"Fingerprint Door Lock D400 + Camera - ALOCK","og_description":"Fingerprint Door Lock D400 + Camera, automatic door lock prices, card door lock prices system, steel door key less lock in Turkey","og_url":"https:\/\/alock.tr\/en\/urun\/digital-fingerprint-lock-d400-camera\/","og_site_name":"ALOCK","article_modified_time":"2026-02-26T13:12:33+00:00","og_image":[{"width":700,"height":700,"url":"https:\/\/alock.tr\/wp-content\/uploads\/2024\/12\/D400_camera.jpg","type":"image\/jpeg"}],"twitter_card":"summary_large_image","twitter_misc":{"Est. reading time":"2 minutes"},"schema":{"@context":"https:\/\/schema.org","@graph":[{"@type":"WebPage","@id":"https:\/\/alock.tr\/en\/urun\/digital-fingerprint-lock-d400-camera\/","url":"https:\/\/alock.tr\/en\/urun\/digital-fingerprint-lock-d400-camera\/","name":"Fingerprint Door Lock D400 + Camera - ALOCK","isPartOf":{"@id":"https:\/\/alock.tr\/en\/#website"},"primaryImageOfPage":{"@id":"https:\/\/alock.tr\/en\/urun\/digital-fingerprint-lock-d400-camera\/#primaryimage"},"image":{"@id":"https:\/\/alock.tr\/en\/urun\/digital-fingerprint-lock-d400-camera\/#primaryimage"},"thumbnailUrl":"https:\/\/alock.tr\/wp-content\/uploads\/2024\/12\/D400_camera.jpg","datePublished":"2024-12-03T17:38:30+00:00","dateModified":"2026-02-26T13:12:33+00:00","description":"Fingerprint Door Lock D400 + Camera, automatic door lock prices, card door lock prices system, steel door key less lock in Turkey","breadcrumb":{"@id":"https:\/\/alock.tr\/en\/urun\/digital-fingerprint-lock-d400-camera\/#breadcrumb"},"inLanguage":"en-US","potentialAction":[{"@type":"ReadAction","target":["https:\/\/alock.tr\/en\/urun\/digital-fingerprint-lock-d400-camera\/"]}]},{"@type":"ImageObject","inLanguage":"en-US","@id":"https:\/\/alock.tr\/en\/urun\/digital-fingerprint-lock-d400-camera\/#primaryimage","url":"https:\/\/alock.tr\/wp-content\/uploads\/2024\/12\/D400_camera.jpg","contentUrl":"https:\/\/alock.tr\/wp-content\/uploads\/2024\/12\/D400_camera.jpg","width":700,"height":700,"caption":"Fingerprint Door Lock D400 + Camera"},{"@type":"BreadcrumbList","@id":"https:\/\/alock.tr\/en\/urun\/digital-fingerprint-lock-d400-camera\/#breadcrumb","itemListElement":[{"@type":"ListItem","position":1,"name":"Home","item":"https:\/\/alock.tr\/en\/"},{"@type":"ListItem","position":2,"name":"Shop","item":"https:\/\/alock.tr\/en\/shop\/"},{"@type":"ListItem","position":3,"name":"Fingerprint Door Lock D400 + Camera"}]},{"@type":"WebSite","@id":"https:\/\/alock.tr\/en\/#website","url":"https:\/\/alock.tr\/en\/","name":"ALOCK Dijital kilitler ve ak\u0131ll\u0131 kollar","description":"Dijital kilitler ve ak\u0131ll\u0131 kollar","publisher":{"@id":"https:\/\/alock.tr\/en\/#organization"},"alternateName":"ALOCK","potentialAction":[{"@type":"SearchAction","target":{"@type":"EntryPoint","urlTemplate":"https:\/\/alock.tr\/en\/?s={search_term_string}"},"query-input":{"@type":"PropertyValueSpecification","valueRequired":true,"valueName":"search_term_string"}}],"inLanguage":"en-US"},{"@type":"Organization","@id":"https:\/\/alock.tr\/en\/#organization","name":"ALOCK Dijital kilitler ve ak\u0131ll\u0131 kollar","url":"https:\/\/alock.tr\/en\/","logo":{"@type":"ImageObject","inLanguage":"en-US","@id":"https:\/\/alock.tr\/en\/#\/schema\/logo\/image\/","url":"https:\/\/alock.tr\/wp-content\/uploads\/2024\/12\/logo_2.png","contentUrl":"https:\/\/alock.tr\/wp-content\/uploads\/2024\/12\/logo_2.png","width":185,"height":53,"caption":"ALOCK Dijital kilitler ve ak\u0131ll\u0131 kollar"},"image":{"@id":"https:\/\/alock.tr\/en\/#\/schema\/logo\/image\/"}}]}},"_links":{"self":[{"href":"https:\/\/alock.tr\/en\/wp-json\/wp\/v2\/product\/2398","targetHints":{"allow":["GET"]}}],"collection":[{"href":"https:\/\/alock.tr\/en\/wp-json\/wp\/v2\/product"}],"about":[{"href":"https:\/\/alock.tr\/en\/wp-json\/wp\/v2\/types\/product"}],"replies":[{"embeddable":true,"href":"https:\/\/alock.tr\/en\/wp-json\/wp\/v2\/comments?post=2398"}],"version-history":[{"count":13,"href":"https:\/\/alock.tr\/en\/wp-json\/wp\/v2\/product\/2398\/revisions"}],"predecessor-version":[{"id":3633,"href":"https:\/\/alock.tr\/en\/wp-json\/wp\/v2\/product\/2398\/revisions\/3633"}],"wp:featuredmedia":[{"embeddable":true,"href":"https:\/\/alock.tr\/en\/wp-json\/wp\/v2\/media\/1954"}],"wp:attachment":[{"href":"https:\/\/alock.tr\/en\/wp-json\/wp\/v2\/media?parent=2398"}],"wp:term":[{"taxonomy":"product_brand","embeddable":true,"href":"https:\/\/alock.tr\/en\/wp-json\/wp\/v2\/product_brand?post=2398"},{"taxonomy":"product_cat","embeddable":true,"href":"https:\/\/alock.tr\/en\/wp-json\/wp\/v2\/product_cat?post=2398"},{"taxonomy":"product_tag","embeddable":true,"href":"https:\/\/alock.tr\/en\/wp-json\/wp\/v2\/product_tag?post=2398"}],"curies":[{"name":"wp","href":"https:\/\/api.w.org\/{rel}","templated":true}]}}