{"id":2401,"date":"2025-02-09T12:22:00","date_gmt":"2025-02-09T09:22:00","guid":{"rendered":"https:\/\/alock.tr\/product\/fingerprint-lock-k90-g\/"},"modified":"2025-05-26T19:00:45","modified_gmt":"2025-05-26T16:00:45","slug":"fingerprint-lock-k90-g","status":"publish","type":"product","link":"https:\/\/alock.tr\/en\/urun\/fingerprint-lock-k90-g\/","title":{"rendered":"Fingerprint Door Lock K90+ G"},"content":{"rendered":"<p><span style=\"color: #ff0000;\"><strong>Fingerprint Door Lock K90+ G<\/strong><\/span><\/p>\n<p style=\"text-align: justify;\"><strong>K90+ fingerprint digital lock<\/strong> is designed and manufactured considering the market need for classic products and the popularity of model 91A+. This special design has made this product model more popular than modern digital locks. The sliding screen protector of this handle is completely mechanical and automatic, does not need a battery, and with its silent transmission, it slides from top to bottom after opening and closing the door, providing a classic design and security for the handle screen.  <\/p>\n<p style=\"text-align: justify;\">The need for security with up-to-date technologies in our country&#8217;s housing and office projects has led to the emergence of special designs in the ALOCK electronic lock sector. One of the features of the K90+ fingerprint doorbell model is that it has an ergonomic biometric scanner, a stylish and robust design. This lock is designed and manufactured with Japanese-made components that increase the lifespan of the product compared to other products on the market. The body of this fingerprint lock is made entirely of metal parts, which makes it more durable than other brands on the market.   <\/p>\n<p style=\"text-align: justify;\">K90+ fingerprint doorbell can store 100 fingerprints, 200 offline users and over one million online users. Other features of this product include reporting people&#8217;s entry and exit with exact date and time of movement, working with mobile phones, monitoring and controlling movements on mobile phones and computers, defining one-time passwords for users with different access levels such as babysitters, doormen, employees with different contract periods, fancy function passwords to prevent hacking by others, two-step entry approval, free passage and movement mode for heavy traffic situations such as parties, etc.  <\/p>\n<p style=\"text-align: justify;\">Another feature of the product is the access control system that will warn you if the product is attempted to be tampered with more than once or if an incorrect password is entered.<\/p>\n","protected":false},"excerpt":{"rendered":"<p>&nbsp;<\/p>\n<p><span style=\"color: #ff0000;\"><strong>Key Features:<\/strong><\/span><\/p>\n<ul>\n<li style=\"list-style-type: none;\">\n<ul>\n<li><a href=\"https:\/\/alock.tr\/en\/product-category\/digitlock_smthandle-en\/face-recognition\/\" target=\"_blank\" rel=\"noopener\">Face Recognition Lock<\/a><\/li>\n<li><a href=\"https:\/\/alock.tr\/en\/product-category\/digitlock_smthandle-en\/fingerprint-lock\/\" target=\"_blank\" rel=\"noopener\">Fingerprint Door Lock<\/a><\/li>\n<li><a href=\"https:\/\/alock.tr\/en\/product-category\/digitlock_smthandle-en\/passcode-en\/\" target=\"_blank\" rel=\"noopener\">Keypad Door lock<\/a><\/li>\n<li><a href=\"https:\/\/alock.tr\/en\/product-category\/digitlock_smthandle-en\/keycard_en\/\" target=\"_blank\" rel=\"noopener\">Key Card Door Lock<\/a><\/li>\n<li><a href=\"https:\/\/alock.tr\/en\/product-category\/digitlock_smthandle-en\/mobile-connected\/\" target=\"_blank\" rel=\"noopener\">Mobile-Connected Smart Locks<\/a><\/li>\n<\/ul>\n<\/li>\n<\/ul>\n","protected":false},"featured_media":1949,"comment_status":"open","ping_status":"closed","template":"","meta":{"site-sidebar-layout":"default","site-content-layout":"","ast-site-content-layout":"default","site-content-style":"default","site-sidebar-style":"default","ast-global-header-display":"","ast-banner-title-visibility":"","ast-main-header-display":"","ast-hfb-above-header-display":"","ast-hfb-below-header-display":"","ast-hfb-mobile-header-display":"","site-post-title":"","ast-breadcrumbs-content":"","ast-featured-img":"","footer-sml-layout":"","theme-transparent-header-meta":"default","adv-header-id-meta":"","stick-header-meta":"","header-above-stick-meta":"","header-main-stick-meta":"","header-below-stick-meta":"","astra-migrate-meta-layouts":"set","ast-page-background-enabled":"default","ast-page-background-meta":{"desktop":{"background-color":"","background-image":"","background-repeat":"repeat","background-position":"center center","background-size":"auto","background-attachment":"scroll","background-type":"","background-media":"","overlay-type":"","overlay-color":"","overlay-opacity":"","overlay-gradient":""},"tablet":{"background-color":"","background-image":"","background-repeat":"repeat","background-position":"center center","background-size":"auto","background-attachment":"scroll","background-type":"","background-media":"","overlay-type":"","overlay-color":"","overlay-opacity":"","overlay-gradient":""},"mobile":{"background-color":"","background-image":"","background-repeat":"repeat","background-position":"center center","background-size":"auto","background-attachment":"scroll","background-type":"","background-media":"","overlay-type":"","overlay-color":"","overlay-opacity":"","overlay-gradient":""}},"ast-content-background-meta":{"desktop":{"background-color":"var(--ast-global-color-5)","background-image":"","background-repeat":"repeat","background-position":"center center","background-size":"auto","background-attachment":"scroll","background-type":"","background-media":"","overlay-type":"","overlay-color":"","overlay-opacity":"","overlay-gradient":""},"tablet":{"background-color":"var(--ast-global-color-5)","background-image":"","background-repeat":"repeat","background-position":"center center","background-size":"auto","background-attachment":"scroll","background-type":"","background-media":"","overlay-type":"","overlay-color":"","overlay-opacity":"","overlay-gradient":""},"mobile":{"background-color":"var(--ast-global-color-5)","background-image":"","background-repeat":"repeat","background-position":"center center","background-size":"auto","background-attachment":"scroll","background-type":"","background-media":"","overlay-type":"","overlay-color":"","overlay-opacity":"","overlay-gradient":""}}},"product_brand":[],"product_cat":[100,96,95,98,97],"product_tag":[],"class_list":{"0":"post-2401","1":"product","2":"type-product","3":"status-publish","4":"has-post-thumbnail","6":"product_cat-facerecognition","7":"product_cat-fingerprint","8":"product_cat-keycard","9":"product_cat-passcode","10":"product_cat-appcontrol","11":"desktop-align-left","12":"tablet-align-left","13":"mobile-align-left","14":"ast-product-gallery-layout-horizontal-slider","15":"ast-product-tabs-layout-horizontal","17":"first","18":"outofstock","19":"taxable","20":"shipping-taxable","21":"product-type-simple"},"yoast_head":"<!-- This site is optimized with the Yoast SEO plugin v27.0 - https:\/\/yoast.com\/product\/yoast-seo-wordpress\/ -->\n<title>Fingerprint Door Lock K90+ G - ALOCK<\/title>\n<meta name=\"description\" content=\"Fingerprint Door Lock K90+ G, Steel Door Lock Prices, keypad Door Lock, Electronic Door Lock System, Apartment Card Lock in Turkey\" \/>\n<meta name=\"robots\" content=\"index, follow, max-snippet:-1, max-image-preview:large, max-video-preview:-1\" \/>\n<link rel=\"canonical\" href=\"https:\/\/alock.tr\/en\/urun\/fingerprint-lock-k90-g\/\" \/>\n<meta property=\"og:locale\" content=\"en_US\" \/>\n<meta property=\"og:type\" content=\"article\" \/>\n<meta property=\"og:title\" content=\"Fingerprint Door Lock K90+ G - ALOCK\" \/>\n<meta property=\"og:description\" content=\"Fingerprint Door Lock K90+ G, Steel Door Lock Prices, keypad Door Lock, Electronic Door Lock System, Apartment Card Lock in Turkey\" \/>\n<meta property=\"og:url\" content=\"https:\/\/alock.tr\/en\/urun\/fingerprint-lock-k90-g\/\" \/>\n<meta property=\"og:site_name\" content=\"ALOCK\" \/>\n<meta property=\"article:modified_time\" content=\"2025-05-26T16:00:45+00:00\" \/>\n<meta property=\"og:image\" content=\"https:\/\/alock.tr\/wp-content\/uploads\/2025\/02\/K90-1.jpg\" \/>\n\t<meta property=\"og:image:width\" content=\"700\" \/>\n\t<meta property=\"og:image:height\" content=\"700\" \/>\n\t<meta property=\"og:image:type\" content=\"image\/jpeg\" \/>\n<meta name=\"twitter:card\" content=\"summary_large_image\" \/>\n<meta name=\"twitter:label1\" content=\"Est. reading time\" \/>\n\t<meta name=\"twitter:data1\" content=\"2 minutes\" \/>\n<script type=\"application\/ld+json\" class=\"yoast-schema-graph\">{\"@context\":\"https:\/\/schema.org\",\"@graph\":[{\"@type\":\"WebPage\",\"@id\":\"https:\/\/alock.tr\/en\/urun\/fingerprint-lock-k90-g\/\",\"url\":\"https:\/\/alock.tr\/en\/urun\/fingerprint-lock-k90-g\/\",\"name\":\"Fingerprint Door Lock K90+ G - ALOCK\",\"isPartOf\":{\"@id\":\"https:\/\/alock.tr\/en\/#website\"},\"primaryImageOfPage\":{\"@id\":\"https:\/\/alock.tr\/en\/urun\/fingerprint-lock-k90-g\/#primaryimage\"},\"image\":{\"@id\":\"https:\/\/alock.tr\/en\/urun\/fingerprint-lock-k90-g\/#primaryimage\"},\"thumbnailUrl\":\"https:\/\/alock.tr\/wp-content\/uploads\/2025\/02\/K90-1.jpg\",\"datePublished\":\"2025-02-09T09:22:00+00:00\",\"dateModified\":\"2025-05-26T16:00:45+00:00\",\"description\":\"Fingerprint Door Lock K90+ G, Steel Door Lock Prices, keypad Door Lock, Electronic Door Lock System, Apartment Card Lock in Turkey\",\"breadcrumb\":{\"@id\":\"https:\/\/alock.tr\/en\/urun\/fingerprint-lock-k90-g\/#breadcrumb\"},\"inLanguage\":\"en-US\",\"potentialAction\":[{\"@type\":\"ReadAction\",\"target\":[\"https:\/\/alock.tr\/en\/urun\/fingerprint-lock-k90-g\/\"]}]},{\"@type\":\"ImageObject\",\"inLanguage\":\"en-US\",\"@id\":\"https:\/\/alock.tr\/en\/urun\/fingerprint-lock-k90-g\/#primaryimage\",\"url\":\"https:\/\/alock.tr\/wp-content\/uploads\/2025\/02\/K90-1.jpg\",\"contentUrl\":\"https:\/\/alock.tr\/wp-content\/uploads\/2025\/02\/K90-1.jpg\",\"width\":700,\"height\":700,\"caption\":\"Fingerprint Door Lock K90+ G\"},{\"@type\":\"BreadcrumbList\",\"@id\":\"https:\/\/alock.tr\/en\/urun\/fingerprint-lock-k90-g\/#breadcrumb\",\"itemListElement\":[{\"@type\":\"ListItem\",\"position\":1,\"name\":\"Home\",\"item\":\"https:\/\/alock.tr\/en\/\"},{\"@type\":\"ListItem\",\"position\":2,\"name\":\"Shop\",\"item\":\"https:\/\/alock.tr\/en\/shop\/\"},{\"@type\":\"ListItem\",\"position\":3,\"name\":\"Fingerprint Door Lock K90+ G\"}]},{\"@type\":\"WebSite\",\"@id\":\"https:\/\/alock.tr\/en\/#website\",\"url\":\"https:\/\/alock.tr\/en\/\",\"name\":\"ALOCK Dijital kilitler ve ak\u0131ll\u0131 kollar\",\"description\":\"Dijital kilitler ve ak\u0131ll\u0131 kollar\",\"publisher\":{\"@id\":\"https:\/\/alock.tr\/en\/#organization\"},\"alternateName\":\"ALOCK\",\"potentialAction\":[{\"@type\":\"SearchAction\",\"target\":{\"@type\":\"EntryPoint\",\"urlTemplate\":\"https:\/\/alock.tr\/en\/?s={search_term_string}\"},\"query-input\":{\"@type\":\"PropertyValueSpecification\",\"valueRequired\":true,\"valueName\":\"search_term_string\"}}],\"inLanguage\":\"en-US\"},{\"@type\":\"Organization\",\"@id\":\"https:\/\/alock.tr\/en\/#organization\",\"name\":\"ALOCK Dijital kilitler ve ak\u0131ll\u0131 kollar\",\"url\":\"https:\/\/alock.tr\/en\/\",\"logo\":{\"@type\":\"ImageObject\",\"inLanguage\":\"en-US\",\"@id\":\"https:\/\/alock.tr\/en\/#\/schema\/logo\/image\/\",\"url\":\"https:\/\/alock.tr\/wp-content\/uploads\/2024\/12\/logo_2.png\",\"contentUrl\":\"https:\/\/alock.tr\/wp-content\/uploads\/2024\/12\/logo_2.png\",\"width\":185,\"height\":53,\"caption\":\"ALOCK Dijital kilitler ve ak\u0131ll\u0131 kollar\"},\"image\":{\"@id\":\"https:\/\/alock.tr\/en\/#\/schema\/logo\/image\/\"}}]}<\/script>\n<!-- \/ Yoast SEO plugin. -->","yoast_head_json":{"title":"Fingerprint Door Lock K90+ G - ALOCK","description":"Fingerprint Door Lock K90+ G, Steel Door Lock Prices, keypad Door Lock, Electronic Door Lock System, Apartment Card Lock in Turkey","robots":{"index":"index","follow":"follow","max-snippet":"max-snippet:-1","max-image-preview":"max-image-preview:large","max-video-preview":"max-video-preview:-1"},"canonical":"https:\/\/alock.tr\/en\/urun\/fingerprint-lock-k90-g\/","og_locale":"en_US","og_type":"article","og_title":"Fingerprint Door Lock K90+ G - ALOCK","og_description":"Fingerprint Door Lock K90+ G, Steel Door Lock Prices, keypad Door Lock, Electronic Door Lock System, Apartment Card Lock in Turkey","og_url":"https:\/\/alock.tr\/en\/urun\/fingerprint-lock-k90-g\/","og_site_name":"ALOCK","article_modified_time":"2025-05-26T16:00:45+00:00","og_image":[{"width":700,"height":700,"url":"https:\/\/alock.tr\/wp-content\/uploads\/2025\/02\/K90-1.jpg","type":"image\/jpeg"}],"twitter_card":"summary_large_image","twitter_misc":{"Est. reading time":"2 minutes"},"schema":{"@context":"https:\/\/schema.org","@graph":[{"@type":"WebPage","@id":"https:\/\/alock.tr\/en\/urun\/fingerprint-lock-k90-g\/","url":"https:\/\/alock.tr\/en\/urun\/fingerprint-lock-k90-g\/","name":"Fingerprint Door Lock K90+ G - ALOCK","isPartOf":{"@id":"https:\/\/alock.tr\/en\/#website"},"primaryImageOfPage":{"@id":"https:\/\/alock.tr\/en\/urun\/fingerprint-lock-k90-g\/#primaryimage"},"image":{"@id":"https:\/\/alock.tr\/en\/urun\/fingerprint-lock-k90-g\/#primaryimage"},"thumbnailUrl":"https:\/\/alock.tr\/wp-content\/uploads\/2025\/02\/K90-1.jpg","datePublished":"2025-02-09T09:22:00+00:00","dateModified":"2025-05-26T16:00:45+00:00","description":"Fingerprint Door Lock K90+ G, Steel Door Lock Prices, keypad Door Lock, Electronic Door Lock System, Apartment Card Lock in Turkey","breadcrumb":{"@id":"https:\/\/alock.tr\/en\/urun\/fingerprint-lock-k90-g\/#breadcrumb"},"inLanguage":"en-US","potentialAction":[{"@type":"ReadAction","target":["https:\/\/alock.tr\/en\/urun\/fingerprint-lock-k90-g\/"]}]},{"@type":"ImageObject","inLanguage":"en-US","@id":"https:\/\/alock.tr\/en\/urun\/fingerprint-lock-k90-g\/#primaryimage","url":"https:\/\/alock.tr\/wp-content\/uploads\/2025\/02\/K90-1.jpg","contentUrl":"https:\/\/alock.tr\/wp-content\/uploads\/2025\/02\/K90-1.jpg","width":700,"height":700,"caption":"Fingerprint Door Lock K90+ G"},{"@type":"BreadcrumbList","@id":"https:\/\/alock.tr\/en\/urun\/fingerprint-lock-k90-g\/#breadcrumb","itemListElement":[{"@type":"ListItem","position":1,"name":"Home","item":"https:\/\/alock.tr\/en\/"},{"@type":"ListItem","position":2,"name":"Shop","item":"https:\/\/alock.tr\/en\/shop\/"},{"@type":"ListItem","position":3,"name":"Fingerprint Door Lock K90+ G"}]},{"@type":"WebSite","@id":"https:\/\/alock.tr\/en\/#website","url":"https:\/\/alock.tr\/en\/","name":"ALOCK Dijital kilitler ve ak\u0131ll\u0131 kollar","description":"Dijital kilitler ve ak\u0131ll\u0131 kollar","publisher":{"@id":"https:\/\/alock.tr\/en\/#organization"},"alternateName":"ALOCK","potentialAction":[{"@type":"SearchAction","target":{"@type":"EntryPoint","urlTemplate":"https:\/\/alock.tr\/en\/?s={search_term_string}"},"query-input":{"@type":"PropertyValueSpecification","valueRequired":true,"valueName":"search_term_string"}}],"inLanguage":"en-US"},{"@type":"Organization","@id":"https:\/\/alock.tr\/en\/#organization","name":"ALOCK Dijital kilitler ve ak\u0131ll\u0131 kollar","url":"https:\/\/alock.tr\/en\/","logo":{"@type":"ImageObject","inLanguage":"en-US","@id":"https:\/\/alock.tr\/en\/#\/schema\/logo\/image\/","url":"https:\/\/alock.tr\/wp-content\/uploads\/2024\/12\/logo_2.png","contentUrl":"https:\/\/alock.tr\/wp-content\/uploads\/2024\/12\/logo_2.png","width":185,"height":53,"caption":"ALOCK Dijital kilitler ve ak\u0131ll\u0131 kollar"},"image":{"@id":"https:\/\/alock.tr\/en\/#\/schema\/logo\/image\/"}}]}},"_links":{"self":[{"href":"https:\/\/alock.tr\/en\/wp-json\/wp\/v2\/product\/2401","targetHints":{"allow":["GET"]}}],"collection":[{"href":"https:\/\/alock.tr\/en\/wp-json\/wp\/v2\/product"}],"about":[{"href":"https:\/\/alock.tr\/en\/wp-json\/wp\/v2\/types\/product"}],"replies":[{"embeddable":true,"href":"https:\/\/alock.tr\/en\/wp-json\/wp\/v2\/comments?post=2401"}],"version-history":[{"count":8,"href":"https:\/\/alock.tr\/en\/wp-json\/wp\/v2\/product\/2401\/revisions"}],"predecessor-version":[{"id":3143,"href":"https:\/\/alock.tr\/en\/wp-json\/wp\/v2\/product\/2401\/revisions\/3143"}],"wp:featuredmedia":[{"embeddable":true,"href":"https:\/\/alock.tr\/en\/wp-json\/wp\/v2\/media\/1949"}],"wp:attachment":[{"href":"https:\/\/alock.tr\/en\/wp-json\/wp\/v2\/media?parent=2401"}],"wp:term":[{"taxonomy":"product_brand","embeddable":true,"href":"https:\/\/alock.tr\/en\/wp-json\/wp\/v2\/product_brand?post=2401"},{"taxonomy":"product_cat","embeddable":true,"href":"https:\/\/alock.tr\/en\/wp-json\/wp\/v2\/product_cat?post=2401"},{"taxonomy":"product_tag","embeddable":true,"href":"https:\/\/alock.tr\/en\/wp-json\/wp\/v2\/product_tag?post=2401"}],"curies":[{"name":"wp","href":"https:\/\/api.w.org\/{rel}","templated":true}]}}