{"id":2402,"date":"2025-02-10T18:05:48","date_gmt":"2025-02-10T15:05:48","guid":{"rendered":"https:\/\/alock.tr\/product\/fingerprint-lock-d400\/"},"modified":"2026-02-26T16:12:32","modified_gmt":"2026-02-26T13:12:32","slug":"fingerprint-lock-d400","status":"publish","type":"product","link":"https:\/\/alock.tr\/en\/urun\/fingerprint-lock-d400\/","title":{"rendered":"Fingerprint Door Lock D400+"},"content":{"rendered":"<p><span style=\"color: #ff0000;\"><strong>Fingerprint Door Lock D400+<\/strong><\/span><\/p>\n<p style=\"text-align: justify;\">The <strong>D400+ fingerprint door handle<\/strong>, one of the economical products of ALOCK, has a capacity of 100 fingerprints, 200 passwords and card identification. In addition, TTlock can be connected to the mobile device via the Bluetooth application.<\/p>\n<p style=\"text-align: justify;\">The device has a scratch-resistant glass touch screen and a 50-decibel touch ring button. Thanks to the application, single-use or multi-use passwords can be assigned to users. Additionally, entry-exit records can be viewed through the application, and access hours and permissions for specific users can be defined for specific days of the week. However, since this application works with Bluetooth technology, the device must be at most 6 meters away in order to communicate with the door handle.<\/p>\n<p style=\"text-align: justify;\">Another feature of this door handle is the remote opening function via mobile device. The night lock on it is designed to prevent unauthorized or accidental entry from outside.<\/p>\n<p style=\"text-align: justify;\">The D400+ smart door handle works with 4 1.5V AA batteries and can be used for approximately one year. Thanks to the low battery level warning system, the user is notified that the battery is about to run out. In emergency situations, power can be supplied using a power bank or phone charger via the micro USB charging port. After entering your password or fingerprint, you can enter and change the batteries.<\/p>\n<p style=\"text-align: justify;\">The mechanical key located on the door handle is super C type and provides high security. If the electronic system is disabled for any reason, the door can be opened with a mechanical key.<\/p>\n<p style=\"text-align: justify;\">ALOCK&#8217;s D400+ digital door handle also has a &#8220;passage mode&#8221; feature. In this mode, the door lock is disabled and users can enter without entering any password or fingerprint, just by pulling down the door handle. This feature is ideal for guests or during times of heavy visitor traffic in offices.<\/p>\n<p style=\"text-align: justify;\">This door handle comes with a 2-year replacement warranty for electronic components. Like other brands on the market, it is not suitable for areas exposed to direct sunlight, wind and rain, but is ideal for use inside buildings. It can be easily installed on wooden, steel and fire doors.<\/p>\n<p style=\"text-align: justify;\">An optional remote control with Bluetooth technology can be added to the product. This remote control cannot be copied.<\/p>\n","protected":false},"excerpt":{"rendered":"<p>&nbsp;<\/p>\n<p><span style=\"color: #ff0000;\"><strong>Key Features:<\/strong><\/span><\/p>\n<ul>\n<li style=\"list-style-type: none;\">\n<ul>\n<li><a href=\"https:\/\/alock.tr\/en\/urun-kategori\/digitlock_smthandle\/fingerprint\/\" target=\"_blank\" rel=\"noopener\">Fingerprint Door Lock<\/a><\/li>\n<li><a href=\"https:\/\/alock.tr\/en\/urun-kategori\/digitlock_smthandle\/passcode\/\" target=\"_blank\" rel=\"noopener\">Keypad Door lock<\/a><\/li>\n<li><a href=\"https:\/\/alock.tr\/en\/urun-kategori\/digitlock_smthandle\/keycard\/\" target=\"_blank\" rel=\"noopener\">Key Card Door Lock<\/a><\/li>\n<li><a href=\"https:\/\/alock.tr\/en\/urun-kategori\/digitlock_smthandle\/appcontrol\/\" target=\"_blank\" rel=\"noopener\">Mobile-Connected Smart Locks<\/a><\/li>\n<li><span style=\"color: #ff0000;\">Exterior Door lock and Interior (office, room, &#8230;) Door lock<\/span><\/li>\n<\/ul>\n<\/li>\n<\/ul>\n","protected":false},"featured_media":1940,"comment_status":"open","ping_status":"closed","template":"","meta":{"site-sidebar-layout":"default","site-content-layout":"","ast-site-content-layout":"default","site-content-style":"default","site-sidebar-style":"default","ast-global-header-display":"","ast-banner-title-visibility":"","ast-main-header-display":"","ast-hfb-above-header-display":"","ast-hfb-below-header-display":"","ast-hfb-mobile-header-display":"","site-post-title":"","ast-breadcrumbs-content":"","ast-featured-img":"","footer-sml-layout":"","theme-transparent-header-meta":"default","adv-header-id-meta":"","stick-header-meta":"","header-above-stick-meta":"","header-main-stick-meta":"","header-below-stick-meta":"","astra-migrate-meta-layouts":"set","ast-page-background-enabled":"default","ast-page-background-meta":{"desktop":{"background-color":"","background-image":"","background-repeat":"repeat","background-position":"center center","background-size":"auto","background-attachment":"scroll","background-type":"","background-media":"","overlay-type":"","overlay-color":"","overlay-opacity":"","overlay-gradient":""},"tablet":{"background-color":"","background-image":"","background-repeat":"repeat","background-position":"center center","background-size":"auto","background-attachment":"scroll","background-type":"","background-media":"","overlay-type":"","overlay-color":"","overlay-opacity":"","overlay-gradient":""},"mobile":{"background-color":"","background-image":"","background-repeat":"repeat","background-position":"center center","background-size":"auto","background-attachment":"scroll","background-type":"","background-media":"","overlay-type":"","overlay-color":"","overlay-opacity":"","overlay-gradient":""}},"ast-content-background-meta":{"desktop":{"background-color":"var(--ast-global-color-5)","background-image":"","background-repeat":"repeat","background-position":"center center","background-size":"auto","background-attachment":"scroll","background-type":"","background-media":"","overlay-type":"","overlay-color":"","overlay-opacity":"","overlay-gradient":""},"tablet":{"background-color":"var(--ast-global-color-5)","background-image":"","background-repeat":"repeat","background-position":"center center","background-size":"auto","background-attachment":"scroll","background-type":"","background-media":"","overlay-type":"","overlay-color":"","overlay-opacity":"","overlay-gradient":""},"mobile":{"background-color":"var(--ast-global-color-5)","background-image":"","background-repeat":"repeat","background-position":"center center","background-size":"auto","background-attachment":"scroll","background-type":"","background-media":"","overlay-type":"","overlay-color":"","overlay-opacity":"","overlay-gradient":""}}},"product_brand":[],"product_cat":[96,95,98,97],"product_tag":[],"class_list":{"0":"post-2402","1":"product","2":"type-product","3":"status-publish","4":"has-post-thumbnail","6":"product_cat-fingerprint","7":"product_cat-keycard","8":"product_cat-passcode","9":"product_cat-appcontrol","10":"desktop-align-left","11":"tablet-align-left","12":"mobile-align-left","13":"ast-product-gallery-layout-horizontal-slider","14":"ast-product-tabs-layout-horizontal","16":"first","17":"instock","18":"taxable","19":"shipping-taxable","20":"purchasable","21":"product-type-simple"},"yoast_head":"<!-- This site is optimized with the Yoast SEO plugin v27.0 - https:\/\/yoast.com\/product\/yoast-seo-wordpress\/ -->\n<title>Fingerprint Door Lock D400+ - ALOCK<\/title>\n<meta name=\"description\" content=\"Fingerprint Door Lock D400+, Fingerprint Door Lock Prices, Keypad Door Lock, Card Lock and Handle, Online Mobile Application Handle, Japanese Technology\" \/>\n<meta name=\"robots\" content=\"index, follow, max-snippet:-1, max-image-preview:large, max-video-preview:-1\" \/>\n<link rel=\"canonical\" href=\"https:\/\/alock.tr\/en\/urun\/fingerprint-lock-d400\/\" \/>\n<meta property=\"og:locale\" content=\"en_US\" \/>\n<meta property=\"og:type\" content=\"article\" \/>\n<meta property=\"og:title\" content=\"Fingerprint Door Lock D400+ - ALOCK\" \/>\n<meta property=\"og:description\" content=\"Fingerprint Door Lock D400+, Fingerprint Door Lock Prices, Keypad Door Lock, Card Lock and Handle, Online Mobile Application Handle, Japanese Technology\" \/>\n<meta property=\"og:url\" content=\"https:\/\/alock.tr\/en\/urun\/fingerprint-lock-d400\/\" \/>\n<meta property=\"og:site_name\" content=\"ALOCK\" \/>\n<meta property=\"article:modified_time\" content=\"2026-02-26T13:12:32+00:00\" \/>\n<meta property=\"og:image\" content=\"https:\/\/alock.tr\/wp-content\/uploads\/2025\/02\/D400.jpg\" \/>\n\t<meta property=\"og:image:width\" content=\"700\" \/>\n\t<meta property=\"og:image:height\" content=\"700\" \/>\n\t<meta property=\"og:image:type\" content=\"image\/jpeg\" \/>\n<meta name=\"twitter:card\" content=\"summary_large_image\" \/>\n<meta name=\"twitter:label1\" content=\"Est. reading time\" \/>\n\t<meta name=\"twitter:data1\" content=\"2 minutes\" \/>\n<script type=\"application\/ld+json\" class=\"yoast-schema-graph\">{\"@context\":\"https:\/\/schema.org\",\"@graph\":[{\"@type\":\"WebPage\",\"@id\":\"https:\/\/alock.tr\/en\/urun\/fingerprint-lock-d400\/\",\"url\":\"https:\/\/alock.tr\/en\/urun\/fingerprint-lock-d400\/\",\"name\":\"Fingerprint Door Lock D400+ - ALOCK\",\"isPartOf\":{\"@id\":\"https:\/\/alock.tr\/en\/#website\"},\"primaryImageOfPage\":{\"@id\":\"https:\/\/alock.tr\/en\/urun\/fingerprint-lock-d400\/#primaryimage\"},\"image\":{\"@id\":\"https:\/\/alock.tr\/en\/urun\/fingerprint-lock-d400\/#primaryimage\"},\"thumbnailUrl\":\"https:\/\/alock.tr\/wp-content\/uploads\/2025\/02\/D400.jpg\",\"datePublished\":\"2025-02-10T15:05:48+00:00\",\"dateModified\":\"2026-02-26T13:12:32+00:00\",\"description\":\"Fingerprint Door Lock D400+, Fingerprint Door Lock Prices, Keypad Door Lock, Card Lock and Handle, Online Mobile Application Handle, Japanese Technology\",\"breadcrumb\":{\"@id\":\"https:\/\/alock.tr\/en\/urun\/fingerprint-lock-d400\/#breadcrumb\"},\"inLanguage\":\"en-US\",\"potentialAction\":[{\"@type\":\"ReadAction\",\"target\":[\"https:\/\/alock.tr\/en\/urun\/fingerprint-lock-d400\/\"]}]},{\"@type\":\"ImageObject\",\"inLanguage\":\"en-US\",\"@id\":\"https:\/\/alock.tr\/en\/urun\/fingerprint-lock-d400\/#primaryimage\",\"url\":\"https:\/\/alock.tr\/wp-content\/uploads\/2025\/02\/D400.jpg\",\"contentUrl\":\"https:\/\/alock.tr\/wp-content\/uploads\/2025\/02\/D400.jpg\",\"width\":700,\"height\":700,\"caption\":\"Fingerprint Lock D400+\"},{\"@type\":\"BreadcrumbList\",\"@id\":\"https:\/\/alock.tr\/en\/urun\/fingerprint-lock-d400\/#breadcrumb\",\"itemListElement\":[{\"@type\":\"ListItem\",\"position\":1,\"name\":\"Home\",\"item\":\"https:\/\/alock.tr\/en\/\"},{\"@type\":\"ListItem\",\"position\":2,\"name\":\"Shop\",\"item\":\"https:\/\/alock.tr\/en\/shop\/\"},{\"@type\":\"ListItem\",\"position\":3,\"name\":\"Fingerprint Door Lock D400+\"}]},{\"@type\":\"WebSite\",\"@id\":\"https:\/\/alock.tr\/en\/#website\",\"url\":\"https:\/\/alock.tr\/en\/\",\"name\":\"ALOCK Dijital kilitler ve ak\u0131ll\u0131 kollar\",\"description\":\"Dijital kilitler ve ak\u0131ll\u0131 kollar\",\"publisher\":{\"@id\":\"https:\/\/alock.tr\/en\/#organization\"},\"alternateName\":\"ALOCK\",\"potentialAction\":[{\"@type\":\"SearchAction\",\"target\":{\"@type\":\"EntryPoint\",\"urlTemplate\":\"https:\/\/alock.tr\/en\/?s={search_term_string}\"},\"query-input\":{\"@type\":\"PropertyValueSpecification\",\"valueRequired\":true,\"valueName\":\"search_term_string\"}}],\"inLanguage\":\"en-US\"},{\"@type\":\"Organization\",\"@id\":\"https:\/\/alock.tr\/en\/#organization\",\"name\":\"ALOCK Dijital kilitler ve ak\u0131ll\u0131 kollar\",\"url\":\"https:\/\/alock.tr\/en\/\",\"logo\":{\"@type\":\"ImageObject\",\"inLanguage\":\"en-US\",\"@id\":\"https:\/\/alock.tr\/en\/#\/schema\/logo\/image\/\",\"url\":\"https:\/\/alock.tr\/wp-content\/uploads\/2024\/12\/logo_2.png\",\"contentUrl\":\"https:\/\/alock.tr\/wp-content\/uploads\/2024\/12\/logo_2.png\",\"width\":185,\"height\":53,\"caption\":\"ALOCK Dijital kilitler ve ak\u0131ll\u0131 kollar\"},\"image\":{\"@id\":\"https:\/\/alock.tr\/en\/#\/schema\/logo\/image\/\"}}]}<\/script>\n<!-- \/ Yoast SEO plugin. -->","yoast_head_json":{"title":"Fingerprint Door Lock D400+ - ALOCK","description":"Fingerprint Door Lock D400+, Fingerprint Door Lock Prices, Keypad Door Lock, Card Lock and Handle, Online Mobile Application Handle, Japanese Technology","robots":{"index":"index","follow":"follow","max-snippet":"max-snippet:-1","max-image-preview":"max-image-preview:large","max-video-preview":"max-video-preview:-1"},"canonical":"https:\/\/alock.tr\/en\/urun\/fingerprint-lock-d400\/","og_locale":"en_US","og_type":"article","og_title":"Fingerprint Door Lock D400+ - ALOCK","og_description":"Fingerprint Door Lock D400+, Fingerprint Door Lock Prices, Keypad Door Lock, Card Lock and Handle, Online Mobile Application Handle, Japanese Technology","og_url":"https:\/\/alock.tr\/en\/urun\/fingerprint-lock-d400\/","og_site_name":"ALOCK","article_modified_time":"2026-02-26T13:12:32+00:00","og_image":[{"width":700,"height":700,"url":"https:\/\/alock.tr\/wp-content\/uploads\/2025\/02\/D400.jpg","type":"image\/jpeg"}],"twitter_card":"summary_large_image","twitter_misc":{"Est. reading time":"2 minutes"},"schema":{"@context":"https:\/\/schema.org","@graph":[{"@type":"WebPage","@id":"https:\/\/alock.tr\/en\/urun\/fingerprint-lock-d400\/","url":"https:\/\/alock.tr\/en\/urun\/fingerprint-lock-d400\/","name":"Fingerprint Door Lock D400+ - ALOCK","isPartOf":{"@id":"https:\/\/alock.tr\/en\/#website"},"primaryImageOfPage":{"@id":"https:\/\/alock.tr\/en\/urun\/fingerprint-lock-d400\/#primaryimage"},"image":{"@id":"https:\/\/alock.tr\/en\/urun\/fingerprint-lock-d400\/#primaryimage"},"thumbnailUrl":"https:\/\/alock.tr\/wp-content\/uploads\/2025\/02\/D400.jpg","datePublished":"2025-02-10T15:05:48+00:00","dateModified":"2026-02-26T13:12:32+00:00","description":"Fingerprint Door Lock D400+, Fingerprint Door Lock Prices, Keypad Door Lock, Card Lock and Handle, Online Mobile Application Handle, Japanese Technology","breadcrumb":{"@id":"https:\/\/alock.tr\/en\/urun\/fingerprint-lock-d400\/#breadcrumb"},"inLanguage":"en-US","potentialAction":[{"@type":"ReadAction","target":["https:\/\/alock.tr\/en\/urun\/fingerprint-lock-d400\/"]}]},{"@type":"ImageObject","inLanguage":"en-US","@id":"https:\/\/alock.tr\/en\/urun\/fingerprint-lock-d400\/#primaryimage","url":"https:\/\/alock.tr\/wp-content\/uploads\/2025\/02\/D400.jpg","contentUrl":"https:\/\/alock.tr\/wp-content\/uploads\/2025\/02\/D400.jpg","width":700,"height":700,"caption":"Fingerprint Lock D400+"},{"@type":"BreadcrumbList","@id":"https:\/\/alock.tr\/en\/urun\/fingerprint-lock-d400\/#breadcrumb","itemListElement":[{"@type":"ListItem","position":1,"name":"Home","item":"https:\/\/alock.tr\/en\/"},{"@type":"ListItem","position":2,"name":"Shop","item":"https:\/\/alock.tr\/en\/shop\/"},{"@type":"ListItem","position":3,"name":"Fingerprint Door Lock D400+"}]},{"@type":"WebSite","@id":"https:\/\/alock.tr\/en\/#website","url":"https:\/\/alock.tr\/en\/","name":"ALOCK Dijital kilitler ve ak\u0131ll\u0131 kollar","description":"Dijital kilitler ve ak\u0131ll\u0131 kollar","publisher":{"@id":"https:\/\/alock.tr\/en\/#organization"},"alternateName":"ALOCK","potentialAction":[{"@type":"SearchAction","target":{"@type":"EntryPoint","urlTemplate":"https:\/\/alock.tr\/en\/?s={search_term_string}"},"query-input":{"@type":"PropertyValueSpecification","valueRequired":true,"valueName":"search_term_string"}}],"inLanguage":"en-US"},{"@type":"Organization","@id":"https:\/\/alock.tr\/en\/#organization","name":"ALOCK Dijital kilitler ve ak\u0131ll\u0131 kollar","url":"https:\/\/alock.tr\/en\/","logo":{"@type":"ImageObject","inLanguage":"en-US","@id":"https:\/\/alock.tr\/en\/#\/schema\/logo\/image\/","url":"https:\/\/alock.tr\/wp-content\/uploads\/2024\/12\/logo_2.png","contentUrl":"https:\/\/alock.tr\/wp-content\/uploads\/2024\/12\/logo_2.png","width":185,"height":53,"caption":"ALOCK Dijital kilitler ve ak\u0131ll\u0131 kollar"},"image":{"@id":"https:\/\/alock.tr\/en\/#\/schema\/logo\/image\/"}}]}},"_links":{"self":[{"href":"https:\/\/alock.tr\/en\/wp-json\/wp\/v2\/product\/2402","targetHints":{"allow":["GET"]}}],"collection":[{"href":"https:\/\/alock.tr\/en\/wp-json\/wp\/v2\/product"}],"about":[{"href":"https:\/\/alock.tr\/en\/wp-json\/wp\/v2\/types\/product"}],"replies":[{"embeddable":true,"href":"https:\/\/alock.tr\/en\/wp-json\/wp\/v2\/comments?post=2402"}],"version-history":[{"count":9,"href":"https:\/\/alock.tr\/en\/wp-json\/wp\/v2\/product\/2402\/revisions"}],"predecessor-version":[{"id":3337,"href":"https:\/\/alock.tr\/en\/wp-json\/wp\/v2\/product\/2402\/revisions\/3337"}],"wp:featuredmedia":[{"embeddable":true,"href":"https:\/\/alock.tr\/en\/wp-json\/wp\/v2\/media\/1940"}],"wp:attachment":[{"href":"https:\/\/alock.tr\/en\/wp-json\/wp\/v2\/media?parent=2402"}],"wp:term":[{"taxonomy":"product_brand","embeddable":true,"href":"https:\/\/alock.tr\/en\/wp-json\/wp\/v2\/product_brand?post=2402"},{"taxonomy":"product_cat","embeddable":true,"href":"https:\/\/alock.tr\/en\/wp-json\/wp\/v2\/product_cat?post=2402"},{"taxonomy":"product_tag","embeddable":true,"href":"https:\/\/alock.tr\/en\/wp-json\/wp\/v2\/product_tag?post=2402"}],"curies":[{"name":"wp","href":"https:\/\/api.w.org\/{rel}","templated":true}]}}