{"id":2427,"date":"2025-02-14T09:37:44","date_gmt":"2025-02-14T06:37:44","guid":{"rendered":"https:\/\/alock.tr\/product\/hotel-card-lock-89c-gold-offline\/"},"modified":"2025-05-26T16:20:24","modified_gmt":"2025-05-26T13:20:24","slug":"hotel-card-lock-89c-gold-offline","status":"publish","type":"product","link":"https:\/\/alock.tr\/en\/urun\/hotel-card-lock-89c-gold-offline\/","title":{"rendered":"Hotel Card Lock 89C gold (Offline)"},"content":{"rendered":"<p><span style=\"color: #ff0000;\"><strong>Hotel Card Lock 89C gold (Offline)<\/strong><\/span><\/p>\n<p style=\"text-align: justify;\"><strong>ALOCK hotel handle 89C gold model<\/strong> is included in the hotel card handle group. This handle is made of Japanese wood pieces. The card technology of this product is Mifare 13.56 Mhz.   The body of this handle is made of aluminum. This handle is undoubtedly one of the most up-to-date among ALOCK hotel handles. The very solid body of this product, made of heavy metal material and the casting technique used in its production, have increased its strength and durability in the long term. The pressure carrying capacity of the handles of this product is more than 2200 Newtons, which shows that the handle is of higher quality than its other competitors. One of the features of the product in the new update is that it is equipped with an emergency charging port, a Micro USB input, which is a special feature found in hotel handles.   <\/p>\n<p style=\"text-align: justify;\">This card holder belongs to the category of offline hotel card holders. This means that online acceptance will not be associated with the ability to make an appointment. One of the special features of ALOCK is the ability to upload new updates to products and make updates. This means that if a project purchases a product offline, it can be converted to online in the future, depending on the model. Connect with your elders online and ensure real-time monitoring.    <\/p>\n","protected":false},"excerpt":{"rendered":"<p>&nbsp;<\/p>\n<p><span style=\"color: #ff0000;\"><strong>Key Features:<\/strong><\/span><\/p>\n<ul>\n<li>Do Not Disturb system (D.N.D)<\/li>\n<li>Passage Mode<\/li>\n<li>Ability to install on any type of door<\/li>\n<li>Ability to use unlimited number of cards<\/li>\n<\/ul>\n","protected":false},"featured_media":2015,"comment_status":"open","ping_status":"closed","template":"","meta":{"site-sidebar-layout":"default","site-content-layout":"","ast-site-content-layout":"default","site-content-style":"default","site-sidebar-style":"default","ast-global-header-display":"","ast-banner-title-visibility":"","ast-main-header-display":"","ast-hfb-above-header-display":"","ast-hfb-below-header-display":"","ast-hfb-mobile-header-display":"","site-post-title":"","ast-breadcrumbs-content":"","ast-featured-img":"","footer-sml-layout":"","theme-transparent-header-meta":"default","adv-header-id-meta":"","stick-header-meta":"","header-above-stick-meta":"","header-main-stick-meta":"","header-below-stick-meta":"","astra-migrate-meta-layouts":"default","ast-page-background-enabled":"default","ast-page-background-meta":{"desktop":{"background-color":"","background-image":"","background-repeat":"repeat","background-position":"center center","background-size":"auto","background-attachment":"scroll","background-type":"","background-media":"","overlay-type":"","overlay-color":"","overlay-opacity":"","overlay-gradient":""},"tablet":{"background-color":"","background-image":"","background-repeat":"repeat","background-position":"center center","background-size":"auto","background-attachment":"scroll","background-type":"","background-media":"","overlay-type":"","overlay-color":"","overlay-opacity":"","overlay-gradient":""},"mobile":{"background-color":"","background-image":"","background-repeat":"repeat","background-position":"center center","background-size":"auto","background-attachment":"scroll","background-type":"","background-media":"","overlay-type":"","overlay-color":"","overlay-opacity":"","overlay-gradient":""}},"ast-content-background-meta":{"desktop":{"background-color":"var(--ast-global-color-5)","background-image":"","background-repeat":"repeat","background-position":"center center","background-size":"auto","background-attachment":"scroll","background-type":"","background-media":"","overlay-type":"","overlay-color":"","overlay-opacity":"","overlay-gradient":""},"tablet":{"background-color":"var(--ast-global-color-5)","background-image":"","background-repeat":"repeat","background-position":"center center","background-size":"auto","background-attachment":"scroll","background-type":"","background-media":"","overlay-type":"","overlay-color":"","overlay-opacity":"","overlay-gradient":""},"mobile":{"background-color":"var(--ast-global-color-5)","background-image":"","background-repeat":"repeat","background-position":"center center","background-size":"auto","background-attachment":"scroll","background-type":"","background-media":"","overlay-type":"","overlay-color":"","overlay-opacity":"","overlay-gradient":""}}},"product_brand":[],"product_cat":[62],"product_tag":[],"class_list":{"0":"post-2427","1":"product","2":"type-product","3":"status-publish","4":"has-post-thumbnail","6":"product_cat-hotelcard","7":"desktop-align-left","8":"tablet-align-left","9":"mobile-align-left","10":"ast-product-gallery-layout-horizontal-slider","11":"ast-product-tabs-layout-horizontal","13":"first","14":"instock","15":"taxable","16":"shipping-taxable","17":"purchasable","18":"product-type-simple"},"yoast_head":"<!-- This site is optimized with the Yoast SEO plugin v27.0 - https:\/\/yoast.com\/product\/yoast-seo-wordpress\/ -->\n<title>Hotel Card Lock 89C gold (Offline) - ALOCK<\/title>\n<meta name=\"description\" content=\"Hotel Card Lock 89C gold (Offline), offline Hotel Card Lock, Key access lock, Key Card Lock and Handle, Card Entry System, Hotel Type Card Door Lock\" \/>\n<meta name=\"robots\" content=\"index, follow, max-snippet:-1, max-image-preview:large, max-video-preview:-1\" \/>\n<link rel=\"canonical\" href=\"https:\/\/alock.tr\/en\/urun\/hotel-card-lock-89c-gold-offline\/\" \/>\n<meta property=\"og:locale\" content=\"en_US\" \/>\n<meta property=\"og:type\" content=\"article\" \/>\n<meta property=\"og:title\" content=\"Hotel Card Lock 89C gold (Offline) - ALOCK\" \/>\n<meta property=\"og:description\" content=\"Hotel Card Lock 89C gold (Offline), offline Hotel Card Lock, Key access lock, Key Card Lock and Handle, Card Entry System, Hotel Type Card Door Lock\" \/>\n<meta property=\"og:url\" content=\"https:\/\/alock.tr\/en\/urun\/hotel-card-lock-89c-gold-offline\/\" \/>\n<meta property=\"og:site_name\" content=\"ALOCK\" \/>\n<meta property=\"article:modified_time\" content=\"2025-05-26T13:20:24+00:00\" \/>\n<meta property=\"og:image\" content=\"https:\/\/alock.tr\/wp-content\/uploads\/2025\/02\/89C_G.jpg\" \/>\n\t<meta property=\"og:image:width\" content=\"700\" \/>\n\t<meta property=\"og:image:height\" content=\"700\" \/>\n\t<meta property=\"og:image:type\" content=\"image\/jpeg\" \/>\n<meta name=\"twitter:card\" content=\"summary_large_image\" \/>\n<meta name=\"twitter:label1\" content=\"Est. reading time\" \/>\n\t<meta name=\"twitter:data1\" content=\"1 minute\" \/>\n<script type=\"application\/ld+json\" class=\"yoast-schema-graph\">{\"@context\":\"https:\/\/schema.org\",\"@graph\":[{\"@type\":\"WebPage\",\"@id\":\"https:\/\/alock.tr\/en\/urun\/hotel-card-lock-89c-gold-offline\/\",\"url\":\"https:\/\/alock.tr\/en\/urun\/hotel-card-lock-89c-gold-offline\/\",\"name\":\"Hotel Card Lock 89C gold (Offline) - ALOCK\",\"isPartOf\":{\"@id\":\"https:\/\/alock.tr\/en\/#website\"},\"primaryImageOfPage\":{\"@id\":\"https:\/\/alock.tr\/en\/urun\/hotel-card-lock-89c-gold-offline\/#primaryimage\"},\"image\":{\"@id\":\"https:\/\/alock.tr\/en\/urun\/hotel-card-lock-89c-gold-offline\/#primaryimage\"},\"thumbnailUrl\":\"https:\/\/alock.tr\/wp-content\/uploads\/2025\/02\/89C_G.jpg\",\"datePublished\":\"2025-02-14T06:37:44+00:00\",\"dateModified\":\"2025-05-26T13:20:24+00:00\",\"description\":\"Hotel Card Lock 89C gold (Offline), offline Hotel Card Lock, Key access lock, Key Card Lock and Handle, Card Entry System, Hotel Type Card Door Lock\",\"breadcrumb\":{\"@id\":\"https:\/\/alock.tr\/en\/urun\/hotel-card-lock-89c-gold-offline\/#breadcrumb\"},\"inLanguage\":\"en-US\",\"potentialAction\":[{\"@type\":\"ReadAction\",\"target\":[\"https:\/\/alock.tr\/en\/urun\/hotel-card-lock-89c-gold-offline\/\"]}]},{\"@type\":\"ImageObject\",\"inLanguage\":\"en-US\",\"@id\":\"https:\/\/alock.tr\/en\/urun\/hotel-card-lock-89c-gold-offline\/#primaryimage\",\"url\":\"https:\/\/alock.tr\/wp-content\/uploads\/2025\/02\/89C_G.jpg\",\"contentUrl\":\"https:\/\/alock.tr\/wp-content\/uploads\/2025\/02\/89C_G.jpg\",\"width\":700,\"height\":700,\"caption\":\"Hotel Card Lock 89C gold (Offline)\"},{\"@type\":\"BreadcrumbList\",\"@id\":\"https:\/\/alock.tr\/en\/urun\/hotel-card-lock-89c-gold-offline\/#breadcrumb\",\"itemListElement\":[{\"@type\":\"ListItem\",\"position\":1,\"name\":\"Home\",\"item\":\"https:\/\/alock.tr\/en\/\"},{\"@type\":\"ListItem\",\"position\":2,\"name\":\"Shop\",\"item\":\"https:\/\/alock.tr\/en\/shop\/\"},{\"@type\":\"ListItem\",\"position\":3,\"name\":\"Hotel Card Lock 89C gold (Offline)\"}]},{\"@type\":\"WebSite\",\"@id\":\"https:\/\/alock.tr\/en\/#website\",\"url\":\"https:\/\/alock.tr\/en\/\",\"name\":\"ALOCK Dijital kilitler ve ak\u0131ll\u0131 kollar\",\"description\":\"Dijital kilitler ve ak\u0131ll\u0131 kollar\",\"publisher\":{\"@id\":\"https:\/\/alock.tr\/en\/#organization\"},\"alternateName\":\"ALOCK\",\"potentialAction\":[{\"@type\":\"SearchAction\",\"target\":{\"@type\":\"EntryPoint\",\"urlTemplate\":\"https:\/\/alock.tr\/en\/?s={search_term_string}\"},\"query-input\":{\"@type\":\"PropertyValueSpecification\",\"valueRequired\":true,\"valueName\":\"search_term_string\"}}],\"inLanguage\":\"en-US\"},{\"@type\":\"Organization\",\"@id\":\"https:\/\/alock.tr\/en\/#organization\",\"name\":\"ALOCK Dijital kilitler ve ak\u0131ll\u0131 kollar\",\"url\":\"https:\/\/alock.tr\/en\/\",\"logo\":{\"@type\":\"ImageObject\",\"inLanguage\":\"en-US\",\"@id\":\"https:\/\/alock.tr\/en\/#\/schema\/logo\/image\/\",\"url\":\"https:\/\/alock.tr\/wp-content\/uploads\/2024\/12\/logo_2.png\",\"contentUrl\":\"https:\/\/alock.tr\/wp-content\/uploads\/2024\/12\/logo_2.png\",\"width\":185,\"height\":53,\"caption\":\"ALOCK Dijital kilitler ve ak\u0131ll\u0131 kollar\"},\"image\":{\"@id\":\"https:\/\/alock.tr\/en\/#\/schema\/logo\/image\/\"}}]}<\/script>\n<!-- \/ Yoast SEO plugin. -->","yoast_head_json":{"title":"Hotel Card Lock 89C gold (Offline) - ALOCK","description":"Hotel Card Lock 89C gold (Offline), offline Hotel Card Lock, Key access lock, Key Card Lock and Handle, Card Entry System, Hotel Type Card Door Lock","robots":{"index":"index","follow":"follow","max-snippet":"max-snippet:-1","max-image-preview":"max-image-preview:large","max-video-preview":"max-video-preview:-1"},"canonical":"https:\/\/alock.tr\/en\/urun\/hotel-card-lock-89c-gold-offline\/","og_locale":"en_US","og_type":"article","og_title":"Hotel Card Lock 89C gold (Offline) - ALOCK","og_description":"Hotel Card Lock 89C gold (Offline), offline Hotel Card Lock, Key access lock, Key Card Lock and Handle, Card Entry System, Hotel Type Card Door Lock","og_url":"https:\/\/alock.tr\/en\/urun\/hotel-card-lock-89c-gold-offline\/","og_site_name":"ALOCK","article_modified_time":"2025-05-26T13:20:24+00:00","og_image":[{"width":700,"height":700,"url":"https:\/\/alock.tr\/wp-content\/uploads\/2025\/02\/89C_G.jpg","type":"image\/jpeg"}],"twitter_card":"summary_large_image","twitter_misc":{"Est. reading time":"1 minute"},"schema":{"@context":"https:\/\/schema.org","@graph":[{"@type":"WebPage","@id":"https:\/\/alock.tr\/en\/urun\/hotel-card-lock-89c-gold-offline\/","url":"https:\/\/alock.tr\/en\/urun\/hotel-card-lock-89c-gold-offline\/","name":"Hotel Card Lock 89C gold (Offline) - ALOCK","isPartOf":{"@id":"https:\/\/alock.tr\/en\/#website"},"primaryImageOfPage":{"@id":"https:\/\/alock.tr\/en\/urun\/hotel-card-lock-89c-gold-offline\/#primaryimage"},"image":{"@id":"https:\/\/alock.tr\/en\/urun\/hotel-card-lock-89c-gold-offline\/#primaryimage"},"thumbnailUrl":"https:\/\/alock.tr\/wp-content\/uploads\/2025\/02\/89C_G.jpg","datePublished":"2025-02-14T06:37:44+00:00","dateModified":"2025-05-26T13:20:24+00:00","description":"Hotel Card Lock 89C gold (Offline), offline Hotel Card Lock, Key access lock, Key Card Lock and Handle, Card Entry System, Hotel Type Card Door Lock","breadcrumb":{"@id":"https:\/\/alock.tr\/en\/urun\/hotel-card-lock-89c-gold-offline\/#breadcrumb"},"inLanguage":"en-US","potentialAction":[{"@type":"ReadAction","target":["https:\/\/alock.tr\/en\/urun\/hotel-card-lock-89c-gold-offline\/"]}]},{"@type":"ImageObject","inLanguage":"en-US","@id":"https:\/\/alock.tr\/en\/urun\/hotel-card-lock-89c-gold-offline\/#primaryimage","url":"https:\/\/alock.tr\/wp-content\/uploads\/2025\/02\/89C_G.jpg","contentUrl":"https:\/\/alock.tr\/wp-content\/uploads\/2025\/02\/89C_G.jpg","width":700,"height":700,"caption":"Hotel Card Lock 89C gold (Offline)"},{"@type":"BreadcrumbList","@id":"https:\/\/alock.tr\/en\/urun\/hotel-card-lock-89c-gold-offline\/#breadcrumb","itemListElement":[{"@type":"ListItem","position":1,"name":"Home","item":"https:\/\/alock.tr\/en\/"},{"@type":"ListItem","position":2,"name":"Shop","item":"https:\/\/alock.tr\/en\/shop\/"},{"@type":"ListItem","position":3,"name":"Hotel Card Lock 89C gold (Offline)"}]},{"@type":"WebSite","@id":"https:\/\/alock.tr\/en\/#website","url":"https:\/\/alock.tr\/en\/","name":"ALOCK Dijital kilitler ve ak\u0131ll\u0131 kollar","description":"Dijital kilitler ve ak\u0131ll\u0131 kollar","publisher":{"@id":"https:\/\/alock.tr\/en\/#organization"},"alternateName":"ALOCK","potentialAction":[{"@type":"SearchAction","target":{"@type":"EntryPoint","urlTemplate":"https:\/\/alock.tr\/en\/?s={search_term_string}"},"query-input":{"@type":"PropertyValueSpecification","valueRequired":true,"valueName":"search_term_string"}}],"inLanguage":"en-US"},{"@type":"Organization","@id":"https:\/\/alock.tr\/en\/#organization","name":"ALOCK Dijital kilitler ve ak\u0131ll\u0131 kollar","url":"https:\/\/alock.tr\/en\/","logo":{"@type":"ImageObject","inLanguage":"en-US","@id":"https:\/\/alock.tr\/en\/#\/schema\/logo\/image\/","url":"https:\/\/alock.tr\/wp-content\/uploads\/2024\/12\/logo_2.png","contentUrl":"https:\/\/alock.tr\/wp-content\/uploads\/2024\/12\/logo_2.png","width":185,"height":53,"caption":"ALOCK Dijital kilitler ve ak\u0131ll\u0131 kollar"},"image":{"@id":"https:\/\/alock.tr\/en\/#\/schema\/logo\/image\/"}}]}},"_links":{"self":[{"href":"https:\/\/alock.tr\/en\/wp-json\/wp\/v2\/product\/2427","targetHints":{"allow":["GET"]}}],"collection":[{"href":"https:\/\/alock.tr\/en\/wp-json\/wp\/v2\/product"}],"about":[{"href":"https:\/\/alock.tr\/en\/wp-json\/wp\/v2\/types\/product"}],"replies":[{"embeddable":true,"href":"https:\/\/alock.tr\/en\/wp-json\/wp\/v2\/comments?post=2427"}],"version-history":[{"count":3,"href":"https:\/\/alock.tr\/en\/wp-json\/wp\/v2\/product\/2427\/revisions"}],"predecessor-version":[{"id":2952,"href":"https:\/\/alock.tr\/en\/wp-json\/wp\/v2\/product\/2427\/revisions\/2952"}],"wp:featuredmedia":[{"embeddable":true,"href":"https:\/\/alock.tr\/en\/wp-json\/wp\/v2\/media\/2015"}],"wp:attachment":[{"href":"https:\/\/alock.tr\/en\/wp-json\/wp\/v2\/media?parent=2427"}],"wp:term":[{"taxonomy":"product_brand","embeddable":true,"href":"https:\/\/alock.tr\/en\/wp-json\/wp\/v2\/product_brand?post=2427"},{"taxonomy":"product_cat","embeddable":true,"href":"https:\/\/alock.tr\/en\/wp-json\/wp\/v2\/product_cat?post=2427"},{"taxonomy":"product_tag","embeddable":true,"href":"https:\/\/alock.tr\/en\/wp-json\/wp\/v2\/product_tag?post=2427"}],"curies":[{"name":"wp","href":"https:\/\/api.w.org\/{rel}","templated":true}]}}