{"id":2433,"date":"2025-02-14T18:04:55","date_gmt":"2025-02-14T15:04:55","guid":{"rendered":"https:\/\/alock.tr\/product\/digital-fingerprint-lock-s300\/"},"modified":"2026-02-26T16:12:28","modified_gmt":"2026-02-26T13:12:28","slug":"digital-fingerprint-lock-s300","status":"publish","type":"product","link":"https:\/\/alock.tr\/en\/urun\/digital-fingerprint-lock-s300\/","title":{"rendered":"Digital Fingerprint Door Lock S300"},"content":{"rendered":"<p><span style=\"color: #ff0000;\"><strong>Digital Fingerprint Door Lock S300<\/strong><\/span><\/p>\n<p style=\"text-align: justify;\"><strong>The S300F digital lock<\/strong> is one of ALOCK\u2019s advanced fingerprint lock models. It perfectly embodies the saying \u201cDon\u2019t underestimate the small ones!\u201d\u2014this compact device delivers exceptional performance.<\/p>\n<p style=\"text-align: justify;\">The S300F is equipped with a 360-degree capacitive <a href=\"https:\/\/alock.tr\/en\/optionstr\/fingerprint-lock\/\" target=\"_blank\" rel=\"noopener\">fingerprint <\/a>scanner, designed based on human anatomical structure and known for its ultra-fast performance. This advanced scanner sets the S300F apart from many other digital locks that rely on localized or optical scanning technology. <\/p>\n<p style=\"text-align: justify;\">Driven by the growing demand for enhanced security in residential and commercial projects, ALOCK has focused on creating innovative designs. The S300F smart handle features a sleek, elegant design combined with an admin mode system for better access control. <\/p>\n<p style=\"text-align: justify;\">Its circuit board components are manufactured in Japan, significantly increasing the product\u2019s durability compared to many competitors. The entire body of the S300F is made from robust metal parts, using premium aluminum materials, giving it superior resistance and strength. <\/p>\n<p style=\"text-align: justify;\">The S300F can store up to 100 <a href=\"https:\/\/alock.tr\/en\/optionstr\/fingerprint-lock\/\" target=\"_blank\" rel=\"noopener\">fingerprint <\/a>users and 300 direct (offline) users. It also offers decoy password functionality to prevent hacking, two-step verification, and a pass-through mode ideal for high-traffic scenarios such as gatherings and events.  <\/p>\n<p style=\"text-align: justify;\">One of ALOCK\u2019s most distinctive features is the seamless integration with all smart home infrastructures using wireless communication protocols based on the Internet of Things (IoT). This enables full connectivity of ALOCK handles with various smart devices and systems, including: <\/p>\n<ul style=\"text-align: justify;\">\n<li>Central intercom systems<\/li>\n<li>Fire alarm systems<\/li>\n<li>Home automation systems<\/li>\n<li>Remote controls<\/li>\n<li>Voice assistants like Amazon Alexa and Google Home<\/li>\n<li>Other smart home systems<\/li>\n<\/ul>\n<p style=\"text-align: justify;\">These connections are established wirelessly using secure, anti-hacking protocols, ensuring both functionality and safety in modern smart living environments.<\/p>\n","protected":false},"excerpt":{"rendered":"<p>&nbsp;<\/p>\n<p><span style=\"color: #ff0000;\"><strong>Key Features:<\/strong><\/span><\/p>\n<ul>\n<li style=\"list-style-type: none;\">\n<ul>\n<li><a href=\"https:\/\/alock.tr\/en\/product-category\/digitlock_smthandle-en\/fingerprint-lock\/\" target=\"_blank\" rel=\"noopener\">Fingerprint Door Lock<\/a><\/li>\n<li><a href=\"https:\/\/alock.tr\/en\/product-category\/digitlock_smthandle-en\/passcode-en\/\" target=\"_blank\" rel=\"noopener\">Keypad Door lock<\/a><\/li>\n<li><a href=\"https:\/\/alock.tr\/en\/product-category\/digitlock_smthandle-en\/keycard_en\/\" target=\"_blank\" rel=\"noopener\">Key Card Door Lock<\/a><\/li>\n<li><span style=\"color: #ff0000;\">Exterior Door lock and Interior (office, room, &#8230;) Door lock<\/span><\/li>\n<\/ul>\n<\/li>\n<\/ul>\n<ul>\n<li style=\"list-style-type: none;\">\n<\/li>\n<\/ul>\n","protected":false},"featured_media":2044,"comment_status":"open","ping_status":"closed","template":"","meta":{"site-sidebar-layout":"default","site-content-layout":"","ast-site-content-layout":"default","site-content-style":"default","site-sidebar-style":"default","ast-global-header-display":"","ast-banner-title-visibility":"","ast-main-header-display":"","ast-hfb-above-header-display":"","ast-hfb-below-header-display":"","ast-hfb-mobile-header-display":"","site-post-title":"","ast-breadcrumbs-content":"","ast-featured-img":"","footer-sml-layout":"","theme-transparent-header-meta":"default","adv-header-id-meta":"","stick-header-meta":"","header-above-stick-meta":"","header-main-stick-meta":"","header-below-stick-meta":"","astra-migrate-meta-layouts":"set","ast-page-background-enabled":"default","ast-page-background-meta":{"desktop":{"background-color":"","background-image":"","background-repeat":"repeat","background-position":"center center","background-size":"auto","background-attachment":"scroll","background-type":"","background-media":"","overlay-type":"","overlay-color":"","overlay-opacity":"","overlay-gradient":""},"tablet":{"background-color":"","background-image":"","background-repeat":"repeat","background-position":"center center","background-size":"auto","background-attachment":"scroll","background-type":"","background-media":"","overlay-type":"","overlay-color":"","overlay-opacity":"","overlay-gradient":""},"mobile":{"background-color":"","background-image":"","background-repeat":"repeat","background-position":"center center","background-size":"auto","background-attachment":"scroll","background-type":"","background-media":"","overlay-type":"","overlay-color":"","overlay-opacity":"","overlay-gradient":""}},"ast-content-background-meta":{"desktop":{"background-color":"var(--ast-global-color-5)","background-image":"","background-repeat":"repeat","background-position":"center center","background-size":"auto","background-attachment":"scroll","background-type":"","background-media":"","overlay-type":"","overlay-color":"","overlay-opacity":"","overlay-gradient":""},"tablet":{"background-color":"var(--ast-global-color-5)","background-image":"","background-repeat":"repeat","background-position":"center center","background-size":"auto","background-attachment":"scroll","background-type":"","background-media":"","overlay-type":"","overlay-color":"","overlay-opacity":"","overlay-gradient":""},"mobile":{"background-color":"var(--ast-global-color-5)","background-image":"","background-repeat":"repeat","background-position":"center center","background-size":"auto","background-attachment":"scroll","background-type":"","background-media":"","overlay-type":"","overlay-color":"","overlay-opacity":"","overlay-gradient":""}}},"product_brand":[],"product_cat":[96,95,98],"product_tag":[],"class_list":{"0":"post-2433","1":"product","2":"type-product","3":"status-publish","4":"has-post-thumbnail","6":"product_cat-fingerprint","7":"product_cat-keycard","8":"product_cat-passcode","9":"desktop-align-left","10":"tablet-align-left","11":"mobile-align-left","12":"ast-product-gallery-layout-horizontal-slider","13":"ast-product-tabs-layout-horizontal","15":"first","16":"instock","17":"taxable","18":"shipping-taxable","19":"purchasable","20":"product-type-simple"},"yoast_head":"<!-- This site is optimized with the Yoast SEO plugin v27.0 - https:\/\/yoast.com\/product\/yoast-seo-wordpress\/ -->\n<title>Digital Fingerprint Door Lock S300 - ALOCK<\/title>\n<meta name=\"description\" content=\"Digital Fingerprint Door Lock S300, Best Smart Door Lock Prices, Fingerprint Exterior Door Lock, keypad Lock, Key Card Door Lock, automatic door lock\" \/>\n<meta name=\"robots\" content=\"index, follow, max-snippet:-1, max-image-preview:large, max-video-preview:-1\" \/>\n<link rel=\"canonical\" href=\"https:\/\/alock.tr\/en\/urun\/digital-fingerprint-lock-s300\/\" \/>\n<meta property=\"og:locale\" content=\"en_US\" \/>\n<meta property=\"og:type\" content=\"article\" \/>\n<meta property=\"og:title\" content=\"Digital Fingerprint Door Lock S300 - ALOCK\" \/>\n<meta property=\"og:description\" content=\"Digital Fingerprint Door Lock S300, Best Smart Door Lock Prices, Fingerprint Exterior Door Lock, keypad Lock, Key Card Door Lock, automatic door lock\" \/>\n<meta property=\"og:url\" content=\"https:\/\/alock.tr\/en\/urun\/digital-fingerprint-lock-s300\/\" \/>\n<meta property=\"og:site_name\" content=\"ALOCK\" \/>\n<meta property=\"article:modified_time\" content=\"2026-02-26T13:12:28+00:00\" \/>\n<meta property=\"og:image\" content=\"https:\/\/alock.tr\/wp-content\/uploads\/2025\/02\/s300f_2023.jpg\" \/>\n\t<meta property=\"og:image:width\" content=\"700\" \/>\n\t<meta property=\"og:image:height\" content=\"700\" \/>\n\t<meta property=\"og:image:type\" content=\"image\/jpeg\" \/>\n<meta name=\"twitter:card\" content=\"summary_large_image\" \/>\n<meta name=\"twitter:label1\" content=\"Est. reading time\" \/>\n\t<meta name=\"twitter:data1\" content=\"2 minutes\" \/>\n<script type=\"application\/ld+json\" class=\"yoast-schema-graph\">{\"@context\":\"https:\/\/schema.org\",\"@graph\":[{\"@type\":\"WebPage\",\"@id\":\"https:\/\/alock.tr\/en\/urun\/digital-fingerprint-lock-s300\/\",\"url\":\"https:\/\/alock.tr\/en\/urun\/digital-fingerprint-lock-s300\/\",\"name\":\"Digital Fingerprint Door Lock S300 - ALOCK\",\"isPartOf\":{\"@id\":\"https:\/\/alock.tr\/en\/#website\"},\"primaryImageOfPage\":{\"@id\":\"https:\/\/alock.tr\/en\/urun\/digital-fingerprint-lock-s300\/#primaryimage\"},\"image\":{\"@id\":\"https:\/\/alock.tr\/en\/urun\/digital-fingerprint-lock-s300\/#primaryimage\"},\"thumbnailUrl\":\"https:\/\/alock.tr\/wp-content\/uploads\/2025\/02\/s300f_2023.jpg\",\"datePublished\":\"2025-02-14T15:04:55+00:00\",\"dateModified\":\"2026-02-26T13:12:28+00:00\",\"description\":\"Digital Fingerprint Door Lock S300, Best Smart Door Lock Prices, Fingerprint Exterior Door Lock, keypad Lock, Key Card Door Lock, automatic door lock\",\"breadcrumb\":{\"@id\":\"https:\/\/alock.tr\/en\/urun\/digital-fingerprint-lock-s300\/#breadcrumb\"},\"inLanguage\":\"en-US\",\"potentialAction\":[{\"@type\":\"ReadAction\",\"target\":[\"https:\/\/alock.tr\/en\/urun\/digital-fingerprint-lock-s300\/\"]}]},{\"@type\":\"ImageObject\",\"inLanguage\":\"en-US\",\"@id\":\"https:\/\/alock.tr\/en\/urun\/digital-fingerprint-lock-s300\/#primaryimage\",\"url\":\"https:\/\/alock.tr\/wp-content\/uploads\/2025\/02\/s300f_2023.jpg\",\"contentUrl\":\"https:\/\/alock.tr\/wp-content\/uploads\/2025\/02\/s300f_2023.jpg\",\"width\":700,\"height\":700,\"caption\":\"Digital Fingerprint Door Lock S300\"},{\"@type\":\"BreadcrumbList\",\"@id\":\"https:\/\/alock.tr\/en\/urun\/digital-fingerprint-lock-s300\/#breadcrumb\",\"itemListElement\":[{\"@type\":\"ListItem\",\"position\":1,\"name\":\"Home\",\"item\":\"https:\/\/alock.tr\/en\/\"},{\"@type\":\"ListItem\",\"position\":2,\"name\":\"Shop\",\"item\":\"https:\/\/alock.tr\/en\/shop\/\"},{\"@type\":\"ListItem\",\"position\":3,\"name\":\"Digital Fingerprint Door Lock S300\"}]},{\"@type\":\"WebSite\",\"@id\":\"https:\/\/alock.tr\/en\/#website\",\"url\":\"https:\/\/alock.tr\/en\/\",\"name\":\"ALOCK Dijital kilitler ve ak\u0131ll\u0131 kollar\",\"description\":\"Dijital kilitler ve ak\u0131ll\u0131 kollar\",\"publisher\":{\"@id\":\"https:\/\/alock.tr\/en\/#organization\"},\"alternateName\":\"ALOCK\",\"potentialAction\":[{\"@type\":\"SearchAction\",\"target\":{\"@type\":\"EntryPoint\",\"urlTemplate\":\"https:\/\/alock.tr\/en\/?s={search_term_string}\"},\"query-input\":{\"@type\":\"PropertyValueSpecification\",\"valueRequired\":true,\"valueName\":\"search_term_string\"}}],\"inLanguage\":\"en-US\"},{\"@type\":\"Organization\",\"@id\":\"https:\/\/alock.tr\/en\/#organization\",\"name\":\"ALOCK Dijital kilitler ve ak\u0131ll\u0131 kollar\",\"url\":\"https:\/\/alock.tr\/en\/\",\"logo\":{\"@type\":\"ImageObject\",\"inLanguage\":\"en-US\",\"@id\":\"https:\/\/alock.tr\/en\/#\/schema\/logo\/image\/\",\"url\":\"https:\/\/alock.tr\/wp-content\/uploads\/2024\/12\/logo_2.png\",\"contentUrl\":\"https:\/\/alock.tr\/wp-content\/uploads\/2024\/12\/logo_2.png\",\"width\":185,\"height\":53,\"caption\":\"ALOCK Dijital kilitler ve ak\u0131ll\u0131 kollar\"},\"image\":{\"@id\":\"https:\/\/alock.tr\/en\/#\/schema\/logo\/image\/\"}}]}<\/script>\n<!-- \/ Yoast SEO plugin. -->","yoast_head_json":{"title":"Digital Fingerprint Door Lock S300 - ALOCK","description":"Digital Fingerprint Door Lock S300, Best Smart Door Lock Prices, Fingerprint Exterior Door Lock, keypad Lock, Key Card Door Lock, automatic door lock","robots":{"index":"index","follow":"follow","max-snippet":"max-snippet:-1","max-image-preview":"max-image-preview:large","max-video-preview":"max-video-preview:-1"},"canonical":"https:\/\/alock.tr\/en\/urun\/digital-fingerprint-lock-s300\/","og_locale":"en_US","og_type":"article","og_title":"Digital Fingerprint Door Lock S300 - ALOCK","og_description":"Digital Fingerprint Door Lock S300, Best Smart Door Lock Prices, Fingerprint Exterior Door Lock, keypad Lock, Key Card Door Lock, automatic door lock","og_url":"https:\/\/alock.tr\/en\/urun\/digital-fingerprint-lock-s300\/","og_site_name":"ALOCK","article_modified_time":"2026-02-26T13:12:28+00:00","og_image":[{"width":700,"height":700,"url":"https:\/\/alock.tr\/wp-content\/uploads\/2025\/02\/s300f_2023.jpg","type":"image\/jpeg"}],"twitter_card":"summary_large_image","twitter_misc":{"Est. reading time":"2 minutes"},"schema":{"@context":"https:\/\/schema.org","@graph":[{"@type":"WebPage","@id":"https:\/\/alock.tr\/en\/urun\/digital-fingerprint-lock-s300\/","url":"https:\/\/alock.tr\/en\/urun\/digital-fingerprint-lock-s300\/","name":"Digital Fingerprint Door Lock S300 - ALOCK","isPartOf":{"@id":"https:\/\/alock.tr\/en\/#website"},"primaryImageOfPage":{"@id":"https:\/\/alock.tr\/en\/urun\/digital-fingerprint-lock-s300\/#primaryimage"},"image":{"@id":"https:\/\/alock.tr\/en\/urun\/digital-fingerprint-lock-s300\/#primaryimage"},"thumbnailUrl":"https:\/\/alock.tr\/wp-content\/uploads\/2025\/02\/s300f_2023.jpg","datePublished":"2025-02-14T15:04:55+00:00","dateModified":"2026-02-26T13:12:28+00:00","description":"Digital Fingerprint Door Lock S300, Best Smart Door Lock Prices, Fingerprint Exterior Door Lock, keypad Lock, Key Card Door Lock, automatic door lock","breadcrumb":{"@id":"https:\/\/alock.tr\/en\/urun\/digital-fingerprint-lock-s300\/#breadcrumb"},"inLanguage":"en-US","potentialAction":[{"@type":"ReadAction","target":["https:\/\/alock.tr\/en\/urun\/digital-fingerprint-lock-s300\/"]}]},{"@type":"ImageObject","inLanguage":"en-US","@id":"https:\/\/alock.tr\/en\/urun\/digital-fingerprint-lock-s300\/#primaryimage","url":"https:\/\/alock.tr\/wp-content\/uploads\/2025\/02\/s300f_2023.jpg","contentUrl":"https:\/\/alock.tr\/wp-content\/uploads\/2025\/02\/s300f_2023.jpg","width":700,"height":700,"caption":"Digital Fingerprint Door Lock S300"},{"@type":"BreadcrumbList","@id":"https:\/\/alock.tr\/en\/urun\/digital-fingerprint-lock-s300\/#breadcrumb","itemListElement":[{"@type":"ListItem","position":1,"name":"Home","item":"https:\/\/alock.tr\/en\/"},{"@type":"ListItem","position":2,"name":"Shop","item":"https:\/\/alock.tr\/en\/shop\/"},{"@type":"ListItem","position":3,"name":"Digital Fingerprint Door Lock S300"}]},{"@type":"WebSite","@id":"https:\/\/alock.tr\/en\/#website","url":"https:\/\/alock.tr\/en\/","name":"ALOCK Dijital kilitler ve ak\u0131ll\u0131 kollar","description":"Dijital kilitler ve ak\u0131ll\u0131 kollar","publisher":{"@id":"https:\/\/alock.tr\/en\/#organization"},"alternateName":"ALOCK","potentialAction":[{"@type":"SearchAction","target":{"@type":"EntryPoint","urlTemplate":"https:\/\/alock.tr\/en\/?s={search_term_string}"},"query-input":{"@type":"PropertyValueSpecification","valueRequired":true,"valueName":"search_term_string"}}],"inLanguage":"en-US"},{"@type":"Organization","@id":"https:\/\/alock.tr\/en\/#organization","name":"ALOCK Dijital kilitler ve ak\u0131ll\u0131 kollar","url":"https:\/\/alock.tr\/en\/","logo":{"@type":"ImageObject","inLanguage":"en-US","@id":"https:\/\/alock.tr\/en\/#\/schema\/logo\/image\/","url":"https:\/\/alock.tr\/wp-content\/uploads\/2024\/12\/logo_2.png","contentUrl":"https:\/\/alock.tr\/wp-content\/uploads\/2024\/12\/logo_2.png","width":185,"height":53,"caption":"ALOCK Dijital kilitler ve ak\u0131ll\u0131 kollar"},"image":{"@id":"https:\/\/alock.tr\/en\/#\/schema\/logo\/image\/"}}]}},"_links":{"self":[{"href":"https:\/\/alock.tr\/en\/wp-json\/wp\/v2\/product\/2433","targetHints":{"allow":["GET"]}}],"collection":[{"href":"https:\/\/alock.tr\/en\/wp-json\/wp\/v2\/product"}],"about":[{"href":"https:\/\/alock.tr\/en\/wp-json\/wp\/v2\/types\/product"}],"replies":[{"embeddable":true,"href":"https:\/\/alock.tr\/en\/wp-json\/wp\/v2\/comments?post=2433"}],"version-history":[{"count":10,"href":"https:\/\/alock.tr\/en\/wp-json\/wp\/v2\/product\/2433\/revisions"}],"predecessor-version":[{"id":3628,"href":"https:\/\/alock.tr\/en\/wp-json\/wp\/v2\/product\/2433\/revisions\/3628"}],"wp:featuredmedia":[{"embeddable":true,"href":"https:\/\/alock.tr\/en\/wp-json\/wp\/v2\/media\/2044"}],"wp:attachment":[{"href":"https:\/\/alock.tr\/en\/wp-json\/wp\/v2\/media?parent=2433"}],"wp:term":[{"taxonomy":"product_brand","embeddable":true,"href":"https:\/\/alock.tr\/en\/wp-json\/wp\/v2\/product_brand?post=2433"},{"taxonomy":"product_cat","embeddable":true,"href":"https:\/\/alock.tr\/en\/wp-json\/wp\/v2\/product_cat?post=2433"},{"taxonomy":"product_tag","embeddable":true,"href":"https:\/\/alock.tr\/en\/wp-json\/wp\/v2\/product_tag?post=2433"}],"curies":[{"name":"wp","href":"https:\/\/api.w.org\/{rel}","templated":true}]}}