{"id":2435,"date":"2025-02-15T00:10:50","date_gmt":"2025-02-14T21:10:50","guid":{"rendered":"https:\/\/alock.tr\/product\/digital-fingerprint-lock-s300-gold-2\/"},"modified":"2025-05-26T16:13:39","modified_gmt":"2025-05-26T13:13:39","slug":"digital-fingerprint-lock-s300-gold-2","status":"publish","type":"product","link":"https:\/\/alock.tr\/en\/urun\/digital-fingerprint-lock-s300-gold-2\/","title":{"rendered":"Digital Fingerprint Door Lock S300+ Gold"},"content":{"rendered":"<p><span style=\"color: #ff0000;\"><strong>Digital Fingerprint Door Lock S300+ Gold<\/strong><\/span><\/p>\n<p style=\"text-align: justify;\"><strong>S300+ Gold digital lock <\/strong>is another fingerprint lock produced by ALOCK company. S300 Gold <a href=\"https:\/\/alock.tr\/en\/optionstr\/fingerprint-lock\/\" target=\"_blank\" rel=\"noopener\">fingerprint <\/a>digital lock is designed and manufactured considering body anatomy and anatomical structure of the hand.  This particular design has made this product model popular compared to digital locks that use local scanners. Our country&#8217;s need for security with up-to-date technologies in housing and office projects has led to the emergence of special designs in the ALOCK electronic lock sector. One of the features of the S300 Gold smart door handle is its stylish and elegant design with an ergonomic biometric scanner.<\/p>\n<p style=\"text-align: justify;\">This lock is designed and manufactured with Japanese-made components that increase the lifespan of the product compared to other products on the market. The body of this handle is made of completely metal parts, which has increased its durability compared to other brands on the market. The S300 Gold handle can store 100 <a href=\"https:\/\/alock.tr\/en\/optionstr\/fingerprint-lock\/\" target=\"_blank\" rel=\"noopener\">fingerprints <\/a>and 300 direct (offline) users. Passwords with a fantasy function to prevent hacking by others, two-step login confirmation, free passage mode and movement for high-traffic occasions such as parties, etc. are another feature of this product.<\/p>\n","protected":false},"excerpt":{"rendered":"<p>&nbsp;<\/p>\n<p><span style=\"color: #ff0000;\"><strong>Key Features:<\/strong><\/span><\/p>\n<ul>\n<li style=\"list-style-type: none;\">\n<ul>\n<li><a href=\"https:\/\/alock.tr\/en\/product-category\/digitlock_smthandle-en\/fingerprint-lock\/\" target=\"_blank\" rel=\"noopener\">Fingerprint Door Lock<\/a><\/li>\n<li><a href=\"https:\/\/alock.tr\/en\/product-category\/digitlock_smthandle-en\/passcode-en\/\" target=\"_blank\" rel=\"noopener\">Keypad Door lock<\/a><\/li>\n<li><a href=\"https:\/\/alock.tr\/en\/product-category\/digitlock_smthandle-en\/keycard_en\/_en\" target=\"_blank\" rel=\"noopener\">Key Card Door Lock<\/a><\/li>\n<li><a href=\"https:\/\/alock.tr\/en\/product-category\/digitlock_smthandle-en\/mobile-connected\/\" target=\"_blank\" rel=\"noopener\">Mobile-Connected Smart Locks<\/a><\/li>\n<\/ul>\n<\/li>\n<\/ul>\n<ul>\n<li style=\"list-style-type: none;\">\n<\/li>\n<\/ul>\n","protected":false},"featured_media":2091,"comment_status":"open","ping_status":"closed","template":"","meta":{"site-sidebar-layout":"default","site-content-layout":"","ast-site-content-layout":"default","site-content-style":"default","site-sidebar-style":"default","ast-global-header-display":"","ast-banner-title-visibility":"","ast-main-header-display":"","ast-hfb-above-header-display":"","ast-hfb-below-header-display":"","ast-hfb-mobile-header-display":"","site-post-title":"","ast-breadcrumbs-content":"","ast-featured-img":"","footer-sml-layout":"","theme-transparent-header-meta":"default","adv-header-id-meta":"","stick-header-meta":"","header-above-stick-meta":"","header-main-stick-meta":"","header-below-stick-meta":"","astra-migrate-meta-layouts":"set","ast-page-background-enabled":"default","ast-page-background-meta":{"desktop":{"background-color":"","background-image":"","background-repeat":"repeat","background-position":"center center","background-size":"auto","background-attachment":"scroll","background-type":"","background-media":"","overlay-type":"","overlay-color":"","overlay-opacity":"","overlay-gradient":""},"tablet":{"background-color":"","background-image":"","background-repeat":"repeat","background-position":"center center","background-size":"auto","background-attachment":"scroll","background-type":"","background-media":"","overlay-type":"","overlay-color":"","overlay-opacity":"","overlay-gradient":""},"mobile":{"background-color":"","background-image":"","background-repeat":"repeat","background-position":"center center","background-size":"auto","background-attachment":"scroll","background-type":"","background-media":"","overlay-type":"","overlay-color":"","overlay-opacity":"","overlay-gradient":""}},"ast-content-background-meta":{"desktop":{"background-color":"var(--ast-global-color-5)","background-image":"","background-repeat":"repeat","background-position":"center center","background-size":"auto","background-attachment":"scroll","background-type":"","background-media":"","overlay-type":"","overlay-color":"","overlay-opacity":"","overlay-gradient":""},"tablet":{"background-color":"var(--ast-global-color-5)","background-image":"","background-repeat":"repeat","background-position":"center center","background-size":"auto","background-attachment":"scroll","background-type":"","background-media":"","overlay-type":"","overlay-color":"","overlay-opacity":"","overlay-gradient":""},"mobile":{"background-color":"var(--ast-global-color-5)","background-image":"","background-repeat":"repeat","background-position":"center center","background-size":"auto","background-attachment":"scroll","background-type":"","background-media":"","overlay-type":"","overlay-color":"","overlay-opacity":"","overlay-gradient":""}}},"product_brand":[],"product_cat":[96,95,98,97],"product_tag":[],"class_list":{"0":"post-2435","1":"product","2":"type-product","3":"status-publish","4":"has-post-thumbnail","6":"product_cat-fingerprint","7":"product_cat-keycard","8":"product_cat-passcode","9":"product_cat-appcontrol","10":"desktop-align-left","11":"tablet-align-left","12":"mobile-align-left","13":"ast-product-gallery-layout-horizontal-slider","14":"ast-product-tabs-layout-horizontal","16":"first","17":"outofstock","18":"taxable","19":"shipping-taxable","20":"product-type-simple"},"yoast_head":"<!-- This site is optimized with the Yoast SEO plugin v27.0 - https:\/\/yoast.com\/product\/yoast-seo-wordpress\/ -->\n<title>Digital Fingerprint Door Lock S300+ Gold - ALOCK<\/title>\n<meta name=\"description\" content=\"Digital Fingerprint Door Lock S300+ Gold, Fingerprint Door Lock Prices, automatic door lock, card lock, combination lock, Key cad lock, digital lock in Turkey\" \/>\n<meta name=\"robots\" content=\"index, follow, max-snippet:-1, max-image-preview:large, max-video-preview:-1\" \/>\n<link rel=\"canonical\" href=\"https:\/\/alock.tr\/en\/urun\/digital-fingerprint-lock-s300-gold-2\/\" \/>\n<meta property=\"og:locale\" content=\"en_US\" \/>\n<meta property=\"og:type\" content=\"article\" \/>\n<meta property=\"og:title\" content=\"Digital Fingerprint Door Lock S300+ Gold - ALOCK\" \/>\n<meta property=\"og:description\" content=\"Digital Fingerprint Door Lock S300+ Gold, Fingerprint Door Lock Prices, automatic door lock, card lock, combination lock, Key cad lock, digital lock in Turkey\" \/>\n<meta property=\"og:url\" content=\"https:\/\/alock.tr\/en\/urun\/digital-fingerprint-lock-s300-gold-2\/\" \/>\n<meta property=\"og:site_name\" content=\"ALOCK\" \/>\n<meta property=\"article:modified_time\" content=\"2025-05-26T13:13:39+00:00\" \/>\n<meta property=\"og:image\" content=\"https:\/\/alock.tr\/wp-content\/uploads\/2025\/02\/S300_plus_gold1.jpg\" \/>\n\t<meta property=\"og:image:width\" content=\"700\" \/>\n\t<meta property=\"og:image:height\" content=\"700\" \/>\n\t<meta property=\"og:image:type\" content=\"image\/jpeg\" \/>\n<meta name=\"twitter:card\" content=\"summary_large_image\" \/>\n<meta name=\"twitter:label1\" content=\"Est. reading time\" \/>\n\t<meta name=\"twitter:data1\" content=\"1 minute\" \/>\n<script type=\"application\/ld+json\" class=\"yoast-schema-graph\">{\"@context\":\"https:\/\/schema.org\",\"@graph\":[{\"@type\":\"WebPage\",\"@id\":\"https:\/\/alock.tr\/en\/urun\/digital-fingerprint-lock-s300-gold-2\/\",\"url\":\"https:\/\/alock.tr\/en\/urun\/digital-fingerprint-lock-s300-gold-2\/\",\"name\":\"Digital Fingerprint Door Lock S300+ Gold - ALOCK\",\"isPartOf\":{\"@id\":\"https:\/\/alock.tr\/en\/#website\"},\"primaryImageOfPage\":{\"@id\":\"https:\/\/alock.tr\/en\/urun\/digital-fingerprint-lock-s300-gold-2\/#primaryimage\"},\"image\":{\"@id\":\"https:\/\/alock.tr\/en\/urun\/digital-fingerprint-lock-s300-gold-2\/#primaryimage\"},\"thumbnailUrl\":\"https:\/\/alock.tr\/wp-content\/uploads\/2025\/02\/S300_plus_gold1.jpg\",\"datePublished\":\"2025-02-14T21:10:50+00:00\",\"dateModified\":\"2025-05-26T13:13:39+00:00\",\"description\":\"Digital Fingerprint Door Lock S300+ Gold, Fingerprint Door Lock Prices, automatic door lock, card lock, combination lock, Key cad lock, digital lock in Turkey\",\"breadcrumb\":{\"@id\":\"https:\/\/alock.tr\/en\/urun\/digital-fingerprint-lock-s300-gold-2\/#breadcrumb\"},\"inLanguage\":\"en-US\",\"potentialAction\":[{\"@type\":\"ReadAction\",\"target\":[\"https:\/\/alock.tr\/en\/urun\/digital-fingerprint-lock-s300-gold-2\/\"]}]},{\"@type\":\"ImageObject\",\"inLanguage\":\"en-US\",\"@id\":\"https:\/\/alock.tr\/en\/urun\/digital-fingerprint-lock-s300-gold-2\/#primaryimage\",\"url\":\"https:\/\/alock.tr\/wp-content\/uploads\/2025\/02\/S300_plus_gold1.jpg\",\"contentUrl\":\"https:\/\/alock.tr\/wp-content\/uploads\/2025\/02\/S300_plus_gold1.jpg\",\"width\":700,\"height\":700,\"caption\":\"Dijital Parmak izi kilidi S300+ Gold\"},{\"@type\":\"BreadcrumbList\",\"@id\":\"https:\/\/alock.tr\/en\/urun\/digital-fingerprint-lock-s300-gold-2\/#breadcrumb\",\"itemListElement\":[{\"@type\":\"ListItem\",\"position\":1,\"name\":\"Home\",\"item\":\"https:\/\/alock.tr\/en\/\"},{\"@type\":\"ListItem\",\"position\":2,\"name\":\"Shop\",\"item\":\"https:\/\/alock.tr\/en\/shop\/\"},{\"@type\":\"ListItem\",\"position\":3,\"name\":\"Digital Fingerprint Door Lock S300+ Gold\"}]},{\"@type\":\"WebSite\",\"@id\":\"https:\/\/alock.tr\/en\/#website\",\"url\":\"https:\/\/alock.tr\/en\/\",\"name\":\"ALOCK Dijital kilitler ve ak\u0131ll\u0131 kollar\",\"description\":\"Dijital kilitler ve ak\u0131ll\u0131 kollar\",\"publisher\":{\"@id\":\"https:\/\/alock.tr\/en\/#organization\"},\"alternateName\":\"ALOCK\",\"potentialAction\":[{\"@type\":\"SearchAction\",\"target\":{\"@type\":\"EntryPoint\",\"urlTemplate\":\"https:\/\/alock.tr\/en\/?s={search_term_string}\"},\"query-input\":{\"@type\":\"PropertyValueSpecification\",\"valueRequired\":true,\"valueName\":\"search_term_string\"}}],\"inLanguage\":\"en-US\"},{\"@type\":\"Organization\",\"@id\":\"https:\/\/alock.tr\/en\/#organization\",\"name\":\"ALOCK Dijital kilitler ve ak\u0131ll\u0131 kollar\",\"url\":\"https:\/\/alock.tr\/en\/\",\"logo\":{\"@type\":\"ImageObject\",\"inLanguage\":\"en-US\",\"@id\":\"https:\/\/alock.tr\/en\/#\/schema\/logo\/image\/\",\"url\":\"https:\/\/alock.tr\/wp-content\/uploads\/2024\/12\/logo_2.png\",\"contentUrl\":\"https:\/\/alock.tr\/wp-content\/uploads\/2024\/12\/logo_2.png\",\"width\":185,\"height\":53,\"caption\":\"ALOCK Dijital kilitler ve ak\u0131ll\u0131 kollar\"},\"image\":{\"@id\":\"https:\/\/alock.tr\/en\/#\/schema\/logo\/image\/\"}}]}<\/script>\n<!-- \/ Yoast SEO plugin. -->","yoast_head_json":{"title":"Digital Fingerprint Door Lock S300+ Gold - ALOCK","description":"Digital Fingerprint Door Lock S300+ Gold, Fingerprint Door Lock Prices, automatic door lock, card lock, combination lock, Key cad lock, digital lock in Turkey","robots":{"index":"index","follow":"follow","max-snippet":"max-snippet:-1","max-image-preview":"max-image-preview:large","max-video-preview":"max-video-preview:-1"},"canonical":"https:\/\/alock.tr\/en\/urun\/digital-fingerprint-lock-s300-gold-2\/","og_locale":"en_US","og_type":"article","og_title":"Digital Fingerprint Door Lock S300+ Gold - ALOCK","og_description":"Digital Fingerprint Door Lock S300+ Gold, Fingerprint Door Lock Prices, automatic door lock, card lock, combination lock, Key cad lock, digital lock in Turkey","og_url":"https:\/\/alock.tr\/en\/urun\/digital-fingerprint-lock-s300-gold-2\/","og_site_name":"ALOCK","article_modified_time":"2025-05-26T13:13:39+00:00","og_image":[{"width":700,"height":700,"url":"https:\/\/alock.tr\/wp-content\/uploads\/2025\/02\/S300_plus_gold1.jpg","type":"image\/jpeg"}],"twitter_card":"summary_large_image","twitter_misc":{"Est. reading time":"1 minute"},"schema":{"@context":"https:\/\/schema.org","@graph":[{"@type":"WebPage","@id":"https:\/\/alock.tr\/en\/urun\/digital-fingerprint-lock-s300-gold-2\/","url":"https:\/\/alock.tr\/en\/urun\/digital-fingerprint-lock-s300-gold-2\/","name":"Digital Fingerprint Door Lock S300+ Gold - ALOCK","isPartOf":{"@id":"https:\/\/alock.tr\/en\/#website"},"primaryImageOfPage":{"@id":"https:\/\/alock.tr\/en\/urun\/digital-fingerprint-lock-s300-gold-2\/#primaryimage"},"image":{"@id":"https:\/\/alock.tr\/en\/urun\/digital-fingerprint-lock-s300-gold-2\/#primaryimage"},"thumbnailUrl":"https:\/\/alock.tr\/wp-content\/uploads\/2025\/02\/S300_plus_gold1.jpg","datePublished":"2025-02-14T21:10:50+00:00","dateModified":"2025-05-26T13:13:39+00:00","description":"Digital Fingerprint Door Lock S300+ Gold, Fingerprint Door Lock Prices, automatic door lock, card lock, combination lock, Key cad lock, digital lock in Turkey","breadcrumb":{"@id":"https:\/\/alock.tr\/en\/urun\/digital-fingerprint-lock-s300-gold-2\/#breadcrumb"},"inLanguage":"en-US","potentialAction":[{"@type":"ReadAction","target":["https:\/\/alock.tr\/en\/urun\/digital-fingerprint-lock-s300-gold-2\/"]}]},{"@type":"ImageObject","inLanguage":"en-US","@id":"https:\/\/alock.tr\/en\/urun\/digital-fingerprint-lock-s300-gold-2\/#primaryimage","url":"https:\/\/alock.tr\/wp-content\/uploads\/2025\/02\/S300_plus_gold1.jpg","contentUrl":"https:\/\/alock.tr\/wp-content\/uploads\/2025\/02\/S300_plus_gold1.jpg","width":700,"height":700,"caption":"Dijital Parmak izi kilidi S300+ Gold"},{"@type":"BreadcrumbList","@id":"https:\/\/alock.tr\/en\/urun\/digital-fingerprint-lock-s300-gold-2\/#breadcrumb","itemListElement":[{"@type":"ListItem","position":1,"name":"Home","item":"https:\/\/alock.tr\/en\/"},{"@type":"ListItem","position":2,"name":"Shop","item":"https:\/\/alock.tr\/en\/shop\/"},{"@type":"ListItem","position":3,"name":"Digital Fingerprint Door Lock S300+ Gold"}]},{"@type":"WebSite","@id":"https:\/\/alock.tr\/en\/#website","url":"https:\/\/alock.tr\/en\/","name":"ALOCK Dijital kilitler ve ak\u0131ll\u0131 kollar","description":"Dijital kilitler ve ak\u0131ll\u0131 kollar","publisher":{"@id":"https:\/\/alock.tr\/en\/#organization"},"alternateName":"ALOCK","potentialAction":[{"@type":"SearchAction","target":{"@type":"EntryPoint","urlTemplate":"https:\/\/alock.tr\/en\/?s={search_term_string}"},"query-input":{"@type":"PropertyValueSpecification","valueRequired":true,"valueName":"search_term_string"}}],"inLanguage":"en-US"},{"@type":"Organization","@id":"https:\/\/alock.tr\/en\/#organization","name":"ALOCK Dijital kilitler ve ak\u0131ll\u0131 kollar","url":"https:\/\/alock.tr\/en\/","logo":{"@type":"ImageObject","inLanguage":"en-US","@id":"https:\/\/alock.tr\/en\/#\/schema\/logo\/image\/","url":"https:\/\/alock.tr\/wp-content\/uploads\/2024\/12\/logo_2.png","contentUrl":"https:\/\/alock.tr\/wp-content\/uploads\/2024\/12\/logo_2.png","width":185,"height":53,"caption":"ALOCK Dijital kilitler ve ak\u0131ll\u0131 kollar"},"image":{"@id":"https:\/\/alock.tr\/en\/#\/schema\/logo\/image\/"}}]}},"_links":{"self":[{"href":"https:\/\/alock.tr\/en\/wp-json\/wp\/v2\/product\/2435","targetHints":{"allow":["GET"]}}],"collection":[{"href":"https:\/\/alock.tr\/en\/wp-json\/wp\/v2\/product"}],"about":[{"href":"https:\/\/alock.tr\/en\/wp-json\/wp\/v2\/types\/product"}],"replies":[{"embeddable":true,"href":"https:\/\/alock.tr\/en\/wp-json\/wp\/v2\/comments?post=2435"}],"version-history":[{"count":8,"href":"https:\/\/alock.tr\/en\/wp-json\/wp\/v2\/product\/2435\/revisions"}],"predecessor-version":[{"id":3276,"href":"https:\/\/alock.tr\/en\/wp-json\/wp\/v2\/product\/2435\/revisions\/3276"}],"wp:featuredmedia":[{"embeddable":true,"href":"https:\/\/alock.tr\/en\/wp-json\/wp\/v2\/media\/2091"}],"wp:attachment":[{"href":"https:\/\/alock.tr\/en\/wp-json\/wp\/v2\/media?parent=2435"}],"wp:term":[{"taxonomy":"product_brand","embeddable":true,"href":"https:\/\/alock.tr\/en\/wp-json\/wp\/v2\/product_brand?post=2435"},{"taxonomy":"product_cat","embeddable":true,"href":"https:\/\/alock.tr\/en\/wp-json\/wp\/v2\/product_cat?post=2435"},{"taxonomy":"product_tag","embeddable":true,"href":"https:\/\/alock.tr\/en\/wp-json\/wp\/v2\/product_tag?post=2435"}],"curies":[{"name":"wp","href":"https:\/\/api.w.org\/{rel}","templated":true}]}}