{"id":2436,"date":"2025-02-15T01:11:54","date_gmt":"2025-02-14T22:11:54","guid":{"rendered":"https:\/\/alock.tr\/product\/video-handle-and-digital-fingerprint-lock-p60-camera-b\/"},"modified":"2026-04-26T00:23:53","modified_gmt":"2026-04-25T21:23:53","slug":"video-handle-and-digital-fingerprint-lock-p60-camera-b","status":"publish","type":"product","link":"https:\/\/alock.tr\/en\/urun\/video-handle-and-digital-fingerprint-lock-p60-camera-b\/","title":{"rendered":"Video Handle and Digital Fingerprint Lock P60+ Camera B"},"content":{"rendered":"<p><span style=\"color: #ff0000;\"><strong>Video Handle and Digital Fingerprint Lock P60+ Camera B<\/strong><\/span><\/p>\n<p style=\"text-align: justify;\"><strong>ALOCK P60+ Camera B 2023 autopilot handle digital lock <\/strong>is one of ALOCK&#8217;s latest fingerprint handles with 2023 digital lens. The touch panel of this special handle is made of scratch-resistant tempered glass. There are two versions of this camera lock.  The device, the first phase of production and launch of which was launched in early April 2023, is equipped with a night vision color camera with a 3.5-inch internal monitor, as well as <a href=\"https:\/\/alock.tr\/en\/urun-kategori\/digitlock_smthandle\/fingerprint\/\" target=\"_blank\" rel=\"noopener\">fingerprint<\/a>, <a href=\"https:\/\/alock.tr\/en\/urun-kategori\/digitlock_smthandle\/passcode\/\" target=\"_blank\" rel=\"noopener\">password<\/a>, <a href=\"https:\/\/alock.tr\/en\/urun-kategori\/digitlock_smthandle\/keycard\/\" target=\"_blank\" rel=\"noopener\">card <\/a>and <a href=\"https:\/\/alock.tr\/en\/urun-kategori\/digitlock_smthandle\/appcontrol\/\" target=\"_blank\" rel=\"noopener\">application<\/a> features. However, from the beginning of October 2023, this product was relaunched with a very attractive update.<\/p>\n<p style=\"text-align: justify;\">The new versions of this product are detailed below; Viewing the phone, opening the camera without touching the door, hidden camera, card settings, etc. Features such as: <\/p>\n<p style=\"text-align: justify;\">When the doorbell rings and the doorbell button is touched, the camera is activated and records the person\u2019s images and video into the device\u2019s memory. Additionally, these images and videos will be sent live to the administrator in the application. The manager can also watch these videos via the application and communicate with the person standing in front of the door via audio and video. Otherwise, it will save photos and videos instantly and save them to the memory card installed in the device. Also, this situation will be sent to the administrator and the user\u2019s application. This product\u2019s new update uses a large 4-inch monitor.     <\/p>\n<p style=\"text-align: justify;\">Other features include a larger and clearer camera, more powerful night vision and the ability to transmit images to smart home touch panels. If we talk about expertise in the field of smart locks, ALOCK is the flagship of this sector. Because it moves with the latest technologies. One of the features needed for office environments and server rooms is the ability to control users and monitor images through the computer.   <\/p>\n<p style=\"text-align: justify;\">In this newly released product and update, you can set a special password for each user you want through the application, and even define a specific day of the week and specific access hours for each password. This means that the user named John can only log in to the site with a unique password between 09:00 and 16:00 on Sundays and Thursdays, and cannot open the site at other times and days. In this new update, an 8 GB memory card is also placed in the handle so that recorded images and videos can be removed and watched on the product.  <\/p>\n<p style=\"text-align: justify;\">In this new version, the user will be able to activate the doorbell camera with their mobile phone from anywhere in the world without touching the doorbell button and view the outside as a hidden camera with audio and video communication capability.<\/p>\n<p style=\"text-align: justify;\">The P60+ Camera B 2023 model is a fully automatic digital product with fully intelligent performance capabilities. The digital eye of the smart door handle has a resolution of 8 megapixels and is activated when the doorbell button is touched, recording images of people at the door and displaying them on the interior monitor. It is also possible for people to send their images to the manager online via their mobile phones.   The <a href=\"https:\/\/alock.tr\/en\/urun-kategori\/digitlock_smthandle\/fingerprint\/\" target=\"_blank\" rel=\"noopener\">fingerprint <\/a>scanner of this product is capacitive and very sensitive. This product has offline and online reporting capabilities. Also, the fingerprint scanner of this product is capacitive type, which is a type of mobile scanner. Additionally, these scanners are highly resistant to moisture and have an IP=65 rating. Another security feature used to prevent password hacking is the virtual function.   <\/p>\n","protected":false},"excerpt":{"rendered":"<p>&nbsp;<\/p>\n<p><span style=\"color: #ff0000;\"><strong>Main features:<\/strong><\/span><\/p>\n<ul>\n<li style=\"list-style-type: none;\">\n<ul>\n<li><a href=\"https:\/\/alock.tr\/en\/urun-kategori\/digitlock_smthandle\/facerecognition\/\" target=\"_blank\" rel=\"noopener\">Face Recognition Door Lock and Handle<\/a><\/li>\n<li><a href=\"https:\/\/alock.tr\/en\/urun-kategori\/digitlock_smthandle\/fingerprint\/\" target=\"_blank\" rel=\"noopener\">Fingerprint Door Handle<\/a><\/li>\n<li><a href=\"https:\/\/alock.tr\/en\/urun-kategori\/digitlock_smthandle\/passcode\/\" target=\"_blank\" rel=\"noopener\">Combination Door Lock<\/a><\/li>\n<li><a href=\"https:\/\/alock.tr\/en\/urun-kategori\/digitlock_smthandle\/keycard\/\" target=\"_blank\" rel=\"noopener\">Card Door Lock and Handle<\/a><\/li>\n<li><a href=\"https:\/\/alock.tr\/en\/urun-kategori\/digitlock_smthandle\/appcontrol\/\" target=\"_blank\" rel=\"noopener\">Mobile Connected Smart Arm<\/a><\/li>\n<\/ul>\n<\/li>\n<\/ul>\n<ul>\n<li style=\"list-style-type: none;\">\n<\/li>\n<\/ul>\n","protected":false},"featured_media":2105,"comment_status":"open","ping_status":"closed","template":"","meta":{"site-sidebar-layout":"default","site-content-layout":"","ast-site-content-layout":"default","site-content-style":"default","site-sidebar-style":"default","ast-global-header-display":"","ast-banner-title-visibility":"","ast-main-header-display":"","ast-hfb-above-header-display":"","ast-hfb-below-header-display":"","ast-hfb-mobile-header-display":"","site-post-title":"","ast-breadcrumbs-content":"","ast-featured-img":"","footer-sml-layout":"","theme-transparent-header-meta":"default","adv-header-id-meta":"","stick-header-meta":"","header-above-stick-meta":"","header-main-stick-meta":"","header-below-stick-meta":"","astra-migrate-meta-layouts":"set","ast-page-background-enabled":"default","ast-page-background-meta":{"desktop":{"background-color":"","background-image":"","background-repeat":"repeat","background-position":"center center","background-size":"auto","background-attachment":"scroll","background-type":"","background-media":"","overlay-type":"","overlay-color":"","overlay-opacity":"","overlay-gradient":""},"tablet":{"background-color":"","background-image":"","background-repeat":"repeat","background-position":"center center","background-size":"auto","background-attachment":"scroll","background-type":"","background-media":"","overlay-type":"","overlay-color":"","overlay-opacity":"","overlay-gradient":""},"mobile":{"background-color":"","background-image":"","background-repeat":"repeat","background-position":"center center","background-size":"auto","background-attachment":"scroll","background-type":"","background-media":"","overlay-type":"","overlay-color":"","overlay-opacity":"","overlay-gradient":""}},"ast-content-background-meta":{"desktop":{"background-color":"var(--ast-global-color-5)","background-image":"","background-repeat":"repeat","background-position":"center center","background-size":"auto","background-attachment":"scroll","background-type":"","background-media":"","overlay-type":"","overlay-color":"","overlay-opacity":"","overlay-gradient":""},"tablet":{"background-color":"var(--ast-global-color-5)","background-image":"","background-repeat":"repeat","background-position":"center center","background-size":"auto","background-attachment":"scroll","background-type":"","background-media":"","overlay-type":"","overlay-color":"","overlay-opacity":"","overlay-gradient":""},"mobile":{"background-color":"var(--ast-global-color-5)","background-image":"","background-repeat":"repeat","background-position":"center center","background-size":"auto","background-attachment":"scroll","background-type":"","background-media":"","overlay-type":"","overlay-color":"","overlay-opacity":"","overlay-gradient":""}}},"product_brand":[],"product_cat":[100,96,95,98,97],"product_tag":[],"class_list":{"0":"post-2436","1":"product","2":"type-product","3":"status-publish","4":"has-post-thumbnail","6":"product_cat-facerecognition","7":"product_cat-fingerprint","8":"product_cat-keycard","9":"product_cat-passcode","10":"product_cat-appcontrol","11":"desktop-align-left","12":"tablet-align-left","13":"mobile-align-left","14":"ast-product-gallery-layout-horizontal-slider","15":"ast-product-gallery-with-no-image","16":"ast-product-tabs-layout-horizontal","18":"first","19":"instock","20":"taxable","21":"shipping-taxable","22":"purchasable","23":"product-type-simple"},"yoast_head":"<!-- This site is optimized with the Yoast SEO plugin v27.0 - https:\/\/yoast.com\/product\/yoast-seo-wordpress\/ -->\n<title>Video Handle and Digital Fingerprint Lock P60+ Camera B - ALOCK<\/title>\n<meta name=\"description\" content=\"Video Handle and Digital Fingerprint Lock P60+ Camera B, Digital keypad Lock, Card Door Lock, wifi door lock, electronic door lock, room door handle\" \/>\n<meta name=\"robots\" content=\"index, follow, max-snippet:-1, max-image-preview:large, max-video-preview:-1\" \/>\n<link rel=\"canonical\" href=\"https:\/\/alock.tr\/en\/urun\/video-handle-and-digital-fingerprint-lock-p60-camera-b\/\" \/>\n<meta property=\"og:locale\" content=\"en_US\" \/>\n<meta property=\"og:type\" content=\"article\" \/>\n<meta property=\"og:title\" content=\"Video Handle and Digital Fingerprint Lock P60+ Camera B - ALOCK\" \/>\n<meta property=\"og:description\" content=\"Video Handle and Digital Fingerprint Lock P60+ Camera B, Digital keypad Lock, Card Door Lock, wifi door lock, electronic door lock, room door handle\" \/>\n<meta property=\"og:url\" content=\"https:\/\/alock.tr\/en\/urun\/video-handle-and-digital-fingerprint-lock-p60-camera-b\/\" \/>\n<meta property=\"og:site_name\" content=\"ALOCK\" \/>\n<meta property=\"article:modified_time\" content=\"2026-04-25T21:23:53+00:00\" \/>\n<meta property=\"og:image\" content=\"https:\/\/alock.tr\/wp-content\/uploads\/2025\/02\/P60_plus_camera.jpg\" \/>\n\t<meta property=\"og:image:width\" content=\"700\" \/>\n\t<meta property=\"og:image:height\" content=\"700\" \/>\n\t<meta property=\"og:image:type\" content=\"image\/jpeg\" \/>\n<meta name=\"twitter:card\" content=\"summary_large_image\" \/>\n<meta name=\"twitter:label1\" content=\"Est. reading time\" \/>\n\t<meta name=\"twitter:data1\" content=\"3 minutes\" \/>\n<script type=\"application\/ld+json\" class=\"yoast-schema-graph\">{\"@context\":\"https:\/\/schema.org\",\"@graph\":[{\"@type\":\"WebPage\",\"@id\":\"https:\/\/alock.tr\/en\/urun\/video-handle-and-digital-fingerprint-lock-p60-camera-b\/\",\"url\":\"https:\/\/alock.tr\/en\/urun\/video-handle-and-digital-fingerprint-lock-p60-camera-b\/\",\"name\":\"Video Handle and Digital Fingerprint Lock P60+ Camera B - ALOCK\",\"isPartOf\":{\"@id\":\"https:\/\/alock.tr\/en\/#website\"},\"primaryImageOfPage\":{\"@id\":\"https:\/\/alock.tr\/en\/urun\/video-handle-and-digital-fingerprint-lock-p60-camera-b\/#primaryimage\"},\"image\":{\"@id\":\"https:\/\/alock.tr\/en\/urun\/video-handle-and-digital-fingerprint-lock-p60-camera-b\/#primaryimage\"},\"thumbnailUrl\":\"https:\/\/alock.tr\/wp-content\/uploads\/2025\/02\/P60_plus_camera.jpg\",\"datePublished\":\"2025-02-14T22:11:54+00:00\",\"dateModified\":\"2026-04-25T21:23:53+00:00\",\"description\":\"Video Handle and Digital Fingerprint Lock P60+ Camera B, Digital keypad Lock, Card Door Lock, wifi door lock, electronic door lock, room door handle\",\"breadcrumb\":{\"@id\":\"https:\/\/alock.tr\/en\/urun\/video-handle-and-digital-fingerprint-lock-p60-camera-b\/#breadcrumb\"},\"inLanguage\":\"en-US\",\"potentialAction\":[{\"@type\":\"ReadAction\",\"target\":[\"https:\/\/alock.tr\/en\/urun\/video-handle-and-digital-fingerprint-lock-p60-camera-b\/\"]}]},{\"@type\":\"ImageObject\",\"inLanguage\":\"en-US\",\"@id\":\"https:\/\/alock.tr\/en\/urun\/video-handle-and-digital-fingerprint-lock-p60-camera-b\/#primaryimage\",\"url\":\"https:\/\/alock.tr\/wp-content\/uploads\/2025\/02\/P60_plus_camera.jpg\",\"contentUrl\":\"https:\/\/alock.tr\/wp-content\/uploads\/2025\/02\/P60_plus_camera.jpg\",\"width\":700,\"height\":700,\"caption\":\"Video Handle and Digital Fingerprint Lock P60+ Camera B\"},{\"@type\":\"BreadcrumbList\",\"@id\":\"https:\/\/alock.tr\/en\/urun\/video-handle-and-digital-fingerprint-lock-p60-camera-b\/#breadcrumb\",\"itemListElement\":[{\"@type\":\"ListItem\",\"position\":1,\"name\":\"Home\",\"item\":\"https:\/\/alock.tr\/en\/\"},{\"@type\":\"ListItem\",\"position\":2,\"name\":\"Shop\",\"item\":\"https:\/\/alock.tr\/en\/shop\/\"},{\"@type\":\"ListItem\",\"position\":3,\"name\":\"Video Handle and Digital Fingerprint Lock P60+ Camera B\"}]},{\"@type\":\"WebSite\",\"@id\":\"https:\/\/alock.tr\/en\/#website\",\"url\":\"https:\/\/alock.tr\/en\/\",\"name\":\"ALOCK Dijital kilitler ve ak\u0131ll\u0131 kollar\",\"description\":\"Dijital kilitler ve ak\u0131ll\u0131 kollar\",\"publisher\":{\"@id\":\"https:\/\/alock.tr\/en\/#organization\"},\"alternateName\":\"ALOCK\",\"potentialAction\":[{\"@type\":\"SearchAction\",\"target\":{\"@type\":\"EntryPoint\",\"urlTemplate\":\"https:\/\/alock.tr\/en\/?s={search_term_string}\"},\"query-input\":{\"@type\":\"PropertyValueSpecification\",\"valueRequired\":true,\"valueName\":\"search_term_string\"}}],\"inLanguage\":\"en-US\"},{\"@type\":\"Organization\",\"@id\":\"https:\/\/alock.tr\/en\/#organization\",\"name\":\"ALOCK Dijital kilitler ve ak\u0131ll\u0131 kollar\",\"url\":\"https:\/\/alock.tr\/en\/\",\"logo\":{\"@type\":\"ImageObject\",\"inLanguage\":\"en-US\",\"@id\":\"https:\/\/alock.tr\/en\/#\/schema\/logo\/image\/\",\"url\":\"https:\/\/alock.tr\/wp-content\/uploads\/2024\/12\/logo_2.png\",\"contentUrl\":\"https:\/\/alock.tr\/wp-content\/uploads\/2024\/12\/logo_2.png\",\"width\":185,\"height\":53,\"caption\":\"ALOCK Dijital kilitler ve ak\u0131ll\u0131 kollar\"},\"image\":{\"@id\":\"https:\/\/alock.tr\/en\/#\/schema\/logo\/image\/\"}}]}<\/script>\n<!-- \/ Yoast SEO plugin. -->","yoast_head_json":{"title":"Video Handle and Digital Fingerprint Lock P60+ Camera B - ALOCK","description":"Video Handle and Digital Fingerprint Lock P60+ Camera B, Digital keypad Lock, Card Door Lock, wifi door lock, electronic door lock, room door handle","robots":{"index":"index","follow":"follow","max-snippet":"max-snippet:-1","max-image-preview":"max-image-preview:large","max-video-preview":"max-video-preview:-1"},"canonical":"https:\/\/alock.tr\/en\/urun\/video-handle-and-digital-fingerprint-lock-p60-camera-b\/","og_locale":"en_US","og_type":"article","og_title":"Video Handle and Digital Fingerprint Lock P60+ Camera B - ALOCK","og_description":"Video Handle and Digital Fingerprint Lock P60+ Camera B, Digital keypad Lock, Card Door Lock, wifi door lock, electronic door lock, room door handle","og_url":"https:\/\/alock.tr\/en\/urun\/video-handle-and-digital-fingerprint-lock-p60-camera-b\/","og_site_name":"ALOCK","article_modified_time":"2026-04-25T21:23:53+00:00","og_image":[{"width":700,"height":700,"url":"https:\/\/alock.tr\/wp-content\/uploads\/2025\/02\/P60_plus_camera.jpg","type":"image\/jpeg"}],"twitter_card":"summary_large_image","twitter_misc":{"Est. reading time":"3 minutes"},"schema":{"@context":"https:\/\/schema.org","@graph":[{"@type":"WebPage","@id":"https:\/\/alock.tr\/en\/urun\/video-handle-and-digital-fingerprint-lock-p60-camera-b\/","url":"https:\/\/alock.tr\/en\/urun\/video-handle-and-digital-fingerprint-lock-p60-camera-b\/","name":"Video Handle and Digital Fingerprint Lock P60+ Camera B - ALOCK","isPartOf":{"@id":"https:\/\/alock.tr\/en\/#website"},"primaryImageOfPage":{"@id":"https:\/\/alock.tr\/en\/urun\/video-handle-and-digital-fingerprint-lock-p60-camera-b\/#primaryimage"},"image":{"@id":"https:\/\/alock.tr\/en\/urun\/video-handle-and-digital-fingerprint-lock-p60-camera-b\/#primaryimage"},"thumbnailUrl":"https:\/\/alock.tr\/wp-content\/uploads\/2025\/02\/P60_plus_camera.jpg","datePublished":"2025-02-14T22:11:54+00:00","dateModified":"2026-04-25T21:23:53+00:00","description":"Video Handle and Digital Fingerprint Lock P60+ Camera B, Digital keypad Lock, Card Door Lock, wifi door lock, electronic door lock, room door handle","breadcrumb":{"@id":"https:\/\/alock.tr\/en\/urun\/video-handle-and-digital-fingerprint-lock-p60-camera-b\/#breadcrumb"},"inLanguage":"en-US","potentialAction":[{"@type":"ReadAction","target":["https:\/\/alock.tr\/en\/urun\/video-handle-and-digital-fingerprint-lock-p60-camera-b\/"]}]},{"@type":"ImageObject","inLanguage":"en-US","@id":"https:\/\/alock.tr\/en\/urun\/video-handle-and-digital-fingerprint-lock-p60-camera-b\/#primaryimage","url":"https:\/\/alock.tr\/wp-content\/uploads\/2025\/02\/P60_plus_camera.jpg","contentUrl":"https:\/\/alock.tr\/wp-content\/uploads\/2025\/02\/P60_plus_camera.jpg","width":700,"height":700,"caption":"Video Handle and Digital Fingerprint Lock P60+ Camera B"},{"@type":"BreadcrumbList","@id":"https:\/\/alock.tr\/en\/urun\/video-handle-and-digital-fingerprint-lock-p60-camera-b\/#breadcrumb","itemListElement":[{"@type":"ListItem","position":1,"name":"Home","item":"https:\/\/alock.tr\/en\/"},{"@type":"ListItem","position":2,"name":"Shop","item":"https:\/\/alock.tr\/en\/shop\/"},{"@type":"ListItem","position":3,"name":"Video Handle and Digital Fingerprint Lock P60+ Camera B"}]},{"@type":"WebSite","@id":"https:\/\/alock.tr\/en\/#website","url":"https:\/\/alock.tr\/en\/","name":"ALOCK Dijital kilitler ve ak\u0131ll\u0131 kollar","description":"Dijital kilitler ve ak\u0131ll\u0131 kollar","publisher":{"@id":"https:\/\/alock.tr\/en\/#organization"},"alternateName":"ALOCK","potentialAction":[{"@type":"SearchAction","target":{"@type":"EntryPoint","urlTemplate":"https:\/\/alock.tr\/en\/?s={search_term_string}"},"query-input":{"@type":"PropertyValueSpecification","valueRequired":true,"valueName":"search_term_string"}}],"inLanguage":"en-US"},{"@type":"Organization","@id":"https:\/\/alock.tr\/en\/#organization","name":"ALOCK Dijital kilitler ve ak\u0131ll\u0131 kollar","url":"https:\/\/alock.tr\/en\/","logo":{"@type":"ImageObject","inLanguage":"en-US","@id":"https:\/\/alock.tr\/en\/#\/schema\/logo\/image\/","url":"https:\/\/alock.tr\/wp-content\/uploads\/2024\/12\/logo_2.png","contentUrl":"https:\/\/alock.tr\/wp-content\/uploads\/2024\/12\/logo_2.png","width":185,"height":53,"caption":"ALOCK Dijital kilitler ve ak\u0131ll\u0131 kollar"},"image":{"@id":"https:\/\/alock.tr\/en\/#\/schema\/logo\/image\/"}}]}},"_links":{"self":[{"href":"https:\/\/alock.tr\/en\/wp-json\/wp\/v2\/product\/2436","targetHints":{"allow":["GET"]}}],"collection":[{"href":"https:\/\/alock.tr\/en\/wp-json\/wp\/v2\/product"}],"about":[{"href":"https:\/\/alock.tr\/en\/wp-json\/wp\/v2\/types\/product"}],"replies":[{"embeddable":true,"href":"https:\/\/alock.tr\/en\/wp-json\/wp\/v2\/comments?post=2436"}],"version-history":[{"count":9,"href":"https:\/\/alock.tr\/en\/wp-json\/wp\/v2\/product\/2436\/revisions"}],"predecessor-version":[{"id":3695,"href":"https:\/\/alock.tr\/en\/wp-json\/wp\/v2\/product\/2436\/revisions\/3695"}],"wp:featuredmedia":[{"embeddable":true,"href":"https:\/\/alock.tr\/en\/wp-json\/wp\/v2\/media\/2105"}],"wp:attachment":[{"href":"https:\/\/alock.tr\/en\/wp-json\/wp\/v2\/media?parent=2436"}],"wp:term":[{"taxonomy":"product_brand","embeddable":true,"href":"https:\/\/alock.tr\/en\/wp-json\/wp\/v2\/product_brand?post=2436"},{"taxonomy":"product_cat","embeddable":true,"href":"https:\/\/alock.tr\/en\/wp-json\/wp\/v2\/product_cat?post=2436"},{"taxonomy":"product_tag","embeddable":true,"href":"https:\/\/alock.tr\/en\/wp-json\/wp\/v2\/product_tag?post=2436"}],"curies":[{"name":"wp","href":"https:\/\/api.w.org\/{rel}","templated":true}]}}