{"id":2440,"date":"2025-03-19T17:58:38","date_gmt":"2025-03-19T14:58:38","guid":{"rendered":"https:\/\/alock.tr\/product\/digital-fingerprint-lock-e10\/"},"modified":"2026-02-26T16:12:26","modified_gmt":"2026-02-26T13:12:26","slug":"digital-fingerprint-lock-e10","status":"publish","type":"product","link":"https:\/\/alock.tr\/en\/urun\/digital-fingerprint-lock-e10\/","title":{"rendered":"Digital Fingerprint Door Lock E10+"},"content":{"rendered":"<p><span style=\"color: #ff0000;\"><strong>Digital Fingerprint Door Lock E10+<\/strong><\/span><\/p>\n<p style=\"text-align: justify;\"><strong>The E10+ Digital Fingerprint Lock <\/strong>is an exceptionally stylish and innovative product. Designed specifically for UPVC doors, aluminum profiles, and narrow metal frames with a 4 cm width, this smart handle offers both aesthetic appeal and cutting-edge technology.  <\/p>\n<p style=\"text-align: justify;\">The E10+ Smart Handle supports storage for 100 <a href=\"https:\/\/alock.tr\/en\/optionstr\/fingerprint-lock\/\" target=\"_blank\" rel=\"noopener\">fingerprints <\/a>and 150 <a href=\"https:\/\/alock.tr\/en\/optionstr\/password-lock\/\" target=\"_blank\" rel=\"noopener\">password <\/a>and <a href=\"https:\/\/alock.tr\/en\/optionstr\/card-lock-and-handle\/\" target=\"_blank\" rel=\"noopener\">card <\/a>users. Despite its slim and minimalistic design, it still incorporates phantom password technology, a crucial security feature that ALOCK prioritizes to enhance user safety. <\/p>\n<p style=\"text-align: justify;\">One of the most remarkable aspects of the E10+ Fingerprint Lock is its online connectivity, allowing users to fully control all functions via their mobile device. This level of accessibility and convenience makes it one of the most advanced smart locks available in its category.  <\/p>\n","protected":false},"excerpt":{"rendered":"<p>&nbsp;<\/p>\n<p><span style=\"color: #ff0000;\"><strong>Key Features:<\/strong><\/span><\/p>\n<ul>\n<li style=\"list-style-type: none;\">\n<ul>\n<li><a href=\"https:\/\/alock.tr\/en\/product-category\/digitlock_smthandle-en\/face-recognition\/\" target=\"_blank\" rel=\"noopener\">Face Recognition Lock<\/a><\/li>\n<li><a href=\"https:\/\/alock.tr\/en\/product-category\/digitlock_smthandle-en\/fingerprint-lock\/\" target=\"_blank\" rel=\"noopener\">Fingerprint Door Lock<\/a><\/li>\n<li><a href=\"https:\/\/alock.tr\/en\/product-category\/digitlock_smthandle-en\/passcode-en\/\" target=\"_blank\" rel=\"noopener\">Keypad Door lock<\/a><\/li>\n<li><a href=\"https:\/\/alock.tr\/en\/product-category\/digitlock_smthandle-en\/keycard_en\/\" target=\"_blank\" rel=\"noopener\">Key Card Door Lock<\/a><\/li>\n<li><a href=\"https:\/\/alock.tr\/en\/product-category\/digitlock_smthandle-en\/mobile-connected\/\" target=\"_blank\" rel=\"noopener\">Mobile-Connected Smart Locks<\/a><\/li>\n<li><span style=\"color: #ff0000;\">Exterior Door lock and Interior (office, room, &#8230;) Door lock<\/span><\/li>\n<\/ul>\n<\/li>\n<\/ul>\n","protected":false},"featured_media":2355,"comment_status":"open","ping_status":"closed","template":"","meta":{"site-sidebar-layout":"default","site-content-layout":"","ast-site-content-layout":"default","site-content-style":"default","site-sidebar-style":"default","ast-global-header-display":"","ast-banner-title-visibility":"","ast-main-header-display":"","ast-hfb-above-header-display":"","ast-hfb-below-header-display":"","ast-hfb-mobile-header-display":"","site-post-title":"","ast-breadcrumbs-content":"","ast-featured-img":"","footer-sml-layout":"","theme-transparent-header-meta":"default","adv-header-id-meta":"","stick-header-meta":"","header-above-stick-meta":"","header-main-stick-meta":"","header-below-stick-meta":"","astra-migrate-meta-layouts":"set","ast-page-background-enabled":"default","ast-page-background-meta":{"desktop":{"background-color":"","background-image":"","background-repeat":"repeat","background-position":"center center","background-size":"auto","background-attachment":"scroll","background-type":"","background-media":"","overlay-type":"","overlay-color":"","overlay-opacity":"","overlay-gradient":""},"tablet":{"background-color":"","background-image":"","background-repeat":"repeat","background-position":"center center","background-size":"auto","background-attachment":"scroll","background-type":"","background-media":"","overlay-type":"","overlay-color":"","overlay-opacity":"","overlay-gradient":""},"mobile":{"background-color":"","background-image":"","background-repeat":"repeat","background-position":"center center","background-size":"auto","background-attachment":"scroll","background-type":"","background-media":"","overlay-type":"","overlay-color":"","overlay-opacity":"","overlay-gradient":""}},"ast-content-background-meta":{"desktop":{"background-color":"var(--ast-global-color-5)","background-image":"","background-repeat":"repeat","background-position":"center center","background-size":"auto","background-attachment":"scroll","background-type":"","background-media":"","overlay-type":"","overlay-color":"","overlay-opacity":"","overlay-gradient":""},"tablet":{"background-color":"var(--ast-global-color-5)","background-image":"","background-repeat":"repeat","background-position":"center center","background-size":"auto","background-attachment":"scroll","background-type":"","background-media":"","overlay-type":"","overlay-color":"","overlay-opacity":"","overlay-gradient":""},"mobile":{"background-color":"var(--ast-global-color-5)","background-image":"","background-repeat":"repeat","background-position":"center center","background-size":"auto","background-attachment":"scroll","background-type":"","background-media":"","overlay-type":"","overlay-color":"","overlay-opacity":"","overlay-gradient":""}}},"product_brand":[],"product_cat":[100,96,95,98,97],"product_tag":[],"class_list":{"0":"post-2440","1":"product","2":"type-product","3":"status-publish","4":"has-post-thumbnail","6":"product_cat-facerecognition","7":"product_cat-fingerprint","8":"product_cat-keycard","9":"product_cat-passcode","10":"product_cat-appcontrol","11":"desktop-align-left","12":"tablet-align-left","13":"mobile-align-left","14":"ast-product-gallery-layout-horizontal-slider","15":"ast-product-tabs-layout-horizontal","17":"first","18":"instock","19":"taxable","20":"shipping-taxable","21":"purchasable","22":"product-type-simple"},"yoast_head":"<!-- This site is optimized with the Yoast SEO plugin v27.0 - https:\/\/yoast.com\/product\/yoast-seo-wordpress\/ -->\n<title>Digital Fingerprint Door Lock E10+ - ALOCK<\/title>\n<meta name=\"description\" content=\"Digital Fingerprint Door Lock E10+, Fingerprint Lock Prices, Face Recognition Lock, passcode Lock, Key Card Lock and Handle, electronic door lock, wifi lock\" \/>\n<meta name=\"robots\" content=\"index, follow, max-snippet:-1, max-image-preview:large, max-video-preview:-1\" \/>\n<link rel=\"canonical\" href=\"https:\/\/alock.tr\/en\/urun\/digital-fingerprint-lock-e10\/\" \/>\n<meta property=\"og:locale\" content=\"en_US\" \/>\n<meta property=\"og:type\" content=\"article\" \/>\n<meta property=\"og:title\" content=\"Digital Fingerprint Door Lock E10+ - ALOCK\" \/>\n<meta property=\"og:description\" content=\"Digital Fingerprint Door Lock E10+, Fingerprint Lock Prices, Face Recognition Lock, passcode Lock, Key Card Lock and Handle, electronic door lock, wifi lock\" \/>\n<meta property=\"og:url\" content=\"https:\/\/alock.tr\/en\/urun\/digital-fingerprint-lock-e10\/\" \/>\n<meta property=\"og:site_name\" content=\"ALOCK\" \/>\n<meta property=\"article:modified_time\" content=\"2026-02-26T13:12:26+00:00\" \/>\n<meta property=\"og:image\" content=\"https:\/\/alock.tr\/wp-content\/uploads\/2025\/03\/E10plus_b1.jpg\" \/>\n\t<meta property=\"og:image:width\" content=\"700\" \/>\n\t<meta property=\"og:image:height\" content=\"700\" \/>\n\t<meta property=\"og:image:type\" content=\"image\/jpeg\" \/>\n<meta name=\"twitter:card\" content=\"summary_large_image\" \/>\n<meta name=\"twitter:label1\" content=\"Est. reading time\" \/>\n\t<meta name=\"twitter:data1\" content=\"1 minute\" \/>\n<script type=\"application\/ld+json\" class=\"yoast-schema-graph\">{\"@context\":\"https:\/\/schema.org\",\"@graph\":[{\"@type\":\"WebPage\",\"@id\":\"https:\/\/alock.tr\/en\/urun\/digital-fingerprint-lock-e10\/\",\"url\":\"https:\/\/alock.tr\/en\/urun\/digital-fingerprint-lock-e10\/\",\"name\":\"Digital Fingerprint Door Lock E10+ - ALOCK\",\"isPartOf\":{\"@id\":\"https:\/\/alock.tr\/en\/#website\"},\"primaryImageOfPage\":{\"@id\":\"https:\/\/alock.tr\/en\/urun\/digital-fingerprint-lock-e10\/#primaryimage\"},\"image\":{\"@id\":\"https:\/\/alock.tr\/en\/urun\/digital-fingerprint-lock-e10\/#primaryimage\"},\"thumbnailUrl\":\"https:\/\/alock.tr\/wp-content\/uploads\/2025\/03\/E10plus_b1.jpg\",\"datePublished\":\"2025-03-19T14:58:38+00:00\",\"dateModified\":\"2026-02-26T13:12:26+00:00\",\"description\":\"Digital Fingerprint Door Lock E10+, Fingerprint Lock Prices, Face Recognition Lock, passcode Lock, Key Card Lock and Handle, electronic door lock, wifi lock\",\"breadcrumb\":{\"@id\":\"https:\/\/alock.tr\/en\/urun\/digital-fingerprint-lock-e10\/#breadcrumb\"},\"inLanguage\":\"en-US\",\"potentialAction\":[{\"@type\":\"ReadAction\",\"target\":[\"https:\/\/alock.tr\/en\/urun\/digital-fingerprint-lock-e10\/\"]}]},{\"@type\":\"ImageObject\",\"inLanguage\":\"en-US\",\"@id\":\"https:\/\/alock.tr\/en\/urun\/digital-fingerprint-lock-e10\/#primaryimage\",\"url\":\"https:\/\/alock.tr\/wp-content\/uploads\/2025\/03\/E10plus_b1.jpg\",\"contentUrl\":\"https:\/\/alock.tr\/wp-content\/uploads\/2025\/03\/E10plus_b1.jpg\",\"width\":700,\"height\":700,\"caption\":\"Digital Fingerprint Lock E10+\"},{\"@type\":\"BreadcrumbList\",\"@id\":\"https:\/\/alock.tr\/en\/urun\/digital-fingerprint-lock-e10\/#breadcrumb\",\"itemListElement\":[{\"@type\":\"ListItem\",\"position\":1,\"name\":\"Home\",\"item\":\"https:\/\/alock.tr\/en\/\"},{\"@type\":\"ListItem\",\"position\":2,\"name\":\"Shop\",\"item\":\"https:\/\/alock.tr\/en\/shop\/\"},{\"@type\":\"ListItem\",\"position\":3,\"name\":\"Digital Fingerprint Door Lock E10+\"}]},{\"@type\":\"WebSite\",\"@id\":\"https:\/\/alock.tr\/en\/#website\",\"url\":\"https:\/\/alock.tr\/en\/\",\"name\":\"ALOCK Dijital kilitler ve ak\u0131ll\u0131 kollar\",\"description\":\"Dijital kilitler ve ak\u0131ll\u0131 kollar\",\"publisher\":{\"@id\":\"https:\/\/alock.tr\/en\/#organization\"},\"alternateName\":\"ALOCK\",\"potentialAction\":[{\"@type\":\"SearchAction\",\"target\":{\"@type\":\"EntryPoint\",\"urlTemplate\":\"https:\/\/alock.tr\/en\/?s={search_term_string}\"},\"query-input\":{\"@type\":\"PropertyValueSpecification\",\"valueRequired\":true,\"valueName\":\"search_term_string\"}}],\"inLanguage\":\"en-US\"},{\"@type\":\"Organization\",\"@id\":\"https:\/\/alock.tr\/en\/#organization\",\"name\":\"ALOCK Dijital kilitler ve ak\u0131ll\u0131 kollar\",\"url\":\"https:\/\/alock.tr\/en\/\",\"logo\":{\"@type\":\"ImageObject\",\"inLanguage\":\"en-US\",\"@id\":\"https:\/\/alock.tr\/en\/#\/schema\/logo\/image\/\",\"url\":\"https:\/\/alock.tr\/wp-content\/uploads\/2024\/12\/logo_2.png\",\"contentUrl\":\"https:\/\/alock.tr\/wp-content\/uploads\/2024\/12\/logo_2.png\",\"width\":185,\"height\":53,\"caption\":\"ALOCK Dijital kilitler ve ak\u0131ll\u0131 kollar\"},\"image\":{\"@id\":\"https:\/\/alock.tr\/en\/#\/schema\/logo\/image\/\"}}]}<\/script>\n<!-- \/ Yoast SEO plugin. -->","yoast_head_json":{"title":"Digital Fingerprint Door Lock E10+ - ALOCK","description":"Digital Fingerprint Door Lock E10+, Fingerprint Lock Prices, Face Recognition Lock, passcode Lock, Key Card Lock and Handle, electronic door lock, wifi lock","robots":{"index":"index","follow":"follow","max-snippet":"max-snippet:-1","max-image-preview":"max-image-preview:large","max-video-preview":"max-video-preview:-1"},"canonical":"https:\/\/alock.tr\/en\/urun\/digital-fingerprint-lock-e10\/","og_locale":"en_US","og_type":"article","og_title":"Digital Fingerprint Door Lock E10+ - ALOCK","og_description":"Digital Fingerprint Door Lock E10+, Fingerprint Lock Prices, Face Recognition Lock, passcode Lock, Key Card Lock and Handle, electronic door lock, wifi lock","og_url":"https:\/\/alock.tr\/en\/urun\/digital-fingerprint-lock-e10\/","og_site_name":"ALOCK","article_modified_time":"2026-02-26T13:12:26+00:00","og_image":[{"width":700,"height":700,"url":"https:\/\/alock.tr\/wp-content\/uploads\/2025\/03\/E10plus_b1.jpg","type":"image\/jpeg"}],"twitter_card":"summary_large_image","twitter_misc":{"Est. reading time":"1 minute"},"schema":{"@context":"https:\/\/schema.org","@graph":[{"@type":"WebPage","@id":"https:\/\/alock.tr\/en\/urun\/digital-fingerprint-lock-e10\/","url":"https:\/\/alock.tr\/en\/urun\/digital-fingerprint-lock-e10\/","name":"Digital Fingerprint Door Lock E10+ - ALOCK","isPartOf":{"@id":"https:\/\/alock.tr\/en\/#website"},"primaryImageOfPage":{"@id":"https:\/\/alock.tr\/en\/urun\/digital-fingerprint-lock-e10\/#primaryimage"},"image":{"@id":"https:\/\/alock.tr\/en\/urun\/digital-fingerprint-lock-e10\/#primaryimage"},"thumbnailUrl":"https:\/\/alock.tr\/wp-content\/uploads\/2025\/03\/E10plus_b1.jpg","datePublished":"2025-03-19T14:58:38+00:00","dateModified":"2026-02-26T13:12:26+00:00","description":"Digital Fingerprint Door Lock E10+, Fingerprint Lock Prices, Face Recognition Lock, passcode Lock, Key Card Lock and Handle, electronic door lock, wifi lock","breadcrumb":{"@id":"https:\/\/alock.tr\/en\/urun\/digital-fingerprint-lock-e10\/#breadcrumb"},"inLanguage":"en-US","potentialAction":[{"@type":"ReadAction","target":["https:\/\/alock.tr\/en\/urun\/digital-fingerprint-lock-e10\/"]}]},{"@type":"ImageObject","inLanguage":"en-US","@id":"https:\/\/alock.tr\/en\/urun\/digital-fingerprint-lock-e10\/#primaryimage","url":"https:\/\/alock.tr\/wp-content\/uploads\/2025\/03\/E10plus_b1.jpg","contentUrl":"https:\/\/alock.tr\/wp-content\/uploads\/2025\/03\/E10plus_b1.jpg","width":700,"height":700,"caption":"Digital Fingerprint Lock E10+"},{"@type":"BreadcrumbList","@id":"https:\/\/alock.tr\/en\/urun\/digital-fingerprint-lock-e10\/#breadcrumb","itemListElement":[{"@type":"ListItem","position":1,"name":"Home","item":"https:\/\/alock.tr\/en\/"},{"@type":"ListItem","position":2,"name":"Shop","item":"https:\/\/alock.tr\/en\/shop\/"},{"@type":"ListItem","position":3,"name":"Digital Fingerprint Door Lock E10+"}]},{"@type":"WebSite","@id":"https:\/\/alock.tr\/en\/#website","url":"https:\/\/alock.tr\/en\/","name":"ALOCK Dijital kilitler ve ak\u0131ll\u0131 kollar","description":"Dijital kilitler ve ak\u0131ll\u0131 kollar","publisher":{"@id":"https:\/\/alock.tr\/en\/#organization"},"alternateName":"ALOCK","potentialAction":[{"@type":"SearchAction","target":{"@type":"EntryPoint","urlTemplate":"https:\/\/alock.tr\/en\/?s={search_term_string}"},"query-input":{"@type":"PropertyValueSpecification","valueRequired":true,"valueName":"search_term_string"}}],"inLanguage":"en-US"},{"@type":"Organization","@id":"https:\/\/alock.tr\/en\/#organization","name":"ALOCK Dijital kilitler ve ak\u0131ll\u0131 kollar","url":"https:\/\/alock.tr\/en\/","logo":{"@type":"ImageObject","inLanguage":"en-US","@id":"https:\/\/alock.tr\/en\/#\/schema\/logo\/image\/","url":"https:\/\/alock.tr\/wp-content\/uploads\/2024\/12\/logo_2.png","contentUrl":"https:\/\/alock.tr\/wp-content\/uploads\/2024\/12\/logo_2.png","width":185,"height":53,"caption":"ALOCK Dijital kilitler ve ak\u0131ll\u0131 kollar"},"image":{"@id":"https:\/\/alock.tr\/en\/#\/schema\/logo\/image\/"}}]}},"_links":{"self":[{"href":"https:\/\/alock.tr\/en\/wp-json\/wp\/v2\/product\/2440","targetHints":{"allow":["GET"]}}],"collection":[{"href":"https:\/\/alock.tr\/en\/wp-json\/wp\/v2\/product"}],"about":[{"href":"https:\/\/alock.tr\/en\/wp-json\/wp\/v2\/types\/product"}],"replies":[{"embeddable":true,"href":"https:\/\/alock.tr\/en\/wp-json\/wp\/v2\/comments?post=2440"}],"version-history":[{"count":13,"href":"https:\/\/alock.tr\/en\/wp-json\/wp\/v2\/product\/2440\/revisions"}],"predecessor-version":[{"id":3626,"href":"https:\/\/alock.tr\/en\/wp-json\/wp\/v2\/product\/2440\/revisions\/3626"}],"wp:featuredmedia":[{"embeddable":true,"href":"https:\/\/alock.tr\/en\/wp-json\/wp\/v2\/media\/2355"}],"wp:attachment":[{"href":"https:\/\/alock.tr\/en\/wp-json\/wp\/v2\/media?parent=2440"}],"wp:term":[{"taxonomy":"product_brand","embeddable":true,"href":"https:\/\/alock.tr\/en\/wp-json\/wp\/v2\/product_brand?post=2440"},{"taxonomy":"product_cat","embeddable":true,"href":"https:\/\/alock.tr\/en\/wp-json\/wp\/v2\/product_cat?post=2440"},{"taxonomy":"product_tag","embeddable":true,"href":"https:\/\/alock.tr\/en\/wp-json\/wp\/v2\/product_tag?post=2440"}],"curies":[{"name":"wp","href":"https:\/\/api.w.org\/{rel}","templated":true}]}}