{"id":2786,"date":"2025-03-31T15:35:39","date_gmt":"2025-03-31T12:35:39","guid":{"rendered":"https:\/\/alock.tr\/product\/hotel-card-door-lock-v10\/"},"modified":"2026-02-26T16:12:25","modified_gmt":"2026-02-26T13:12:25","slug":"hotel-card-door-lock-v10","status":"publish","type":"product","link":"https:\/\/alock.tr\/en\/urun\/hotel-card-door-lock-v10\/","title":{"rendered":"Hotel Door Lock with Key Card V10"},"content":{"rendered":"<p><span style=\"color: #ff0000;\"><strong>Hotel Door Lock with Key Card V10<\/strong><\/span><\/p>\n<p style=\"text-align: justify;\">The <strong>ALOCK V10 hotel door handle<\/strong> is a high-end product that stands out with its advanced and unique features, differentiating it from many international competitors.<\/p>\n<p style=\"text-align: justify;\">This model comes equipped with exclusive capabilities such as :<\/p>\n<ul>\n<li style=\"text-align: justify;\">a touch-sensitive doorbell<\/li>\n<li style=\"text-align: justify;\">Do Not Disturb (DND)<\/li>\n<li style=\"text-align: justify;\">Clean Room request indicators<\/li>\n<li style=\"text-align: justify;\">a micro USB emergency charging port<\/li>\n<li style=\"text-align: justify;\">dual AA battery power sources<\/li>\n<\/ul>\n<p style=\"text-align: justify;\">and etc.<\/p>\n<p style=\"text-align: justify;\">These built-in features are specifically designed for projects that lack hotel room display panels or command switches, allowing them to benefit from modern functionalities without any wiring or infrastructure changes\u2014only through the installation of this smart handle.<\/p>\n<p style=\"text-align: justify;\">One of the V10\u2019s standout features is its compatibility with hotel smart systems. When equipped with the dedicated ALOCK smart module, activating the DND function from the handle will automatically trigger the DND indicator on hotel touch panels and the Building Management System (BMS). Conversely, enabling DND via the hotel\u2019s room panel will digitally lock the handle, preventing housekeeping from opening the door from outside. This eliminates the need to manually activate the mechanical night-lock from inside, as commands are processed electronically.<\/p>\n<p style=\"text-align: justify;\">Furthermore, if the cleaning request is activated via the handle, the HMS hotel management system will send the request online to the housekeeping or reception team.<\/p>\n<p style=\"text-align: justify;\">The V10 is powered by two separate AA battery packs, which extends the device\u2019s operational lifespan. One battery pack powers the DND system, while the second supports the card reader and door unlocking functions. Additionally, a micro USB emergency charging port allows the door handle to be powered by a power bank when the batteries are low.<\/p>\n<p style=\"text-align: justify;\">The V10 uses MIFARE 13.56 MHz technology and features a solid aluminum body. It is undoubtedly one of ALOCK\u2019s most advanced hotel lock systems, built with heavy-duty die-cast metal for superior durability. With a handle force resistance of over 2200 newtons, the V10 showcases exceptional build quality that stands out in the market.<\/p>\n<p style=\"text-align: justify;\">This product is classified as an offline hotel handle with key card, meaning it cannot communicate online with the reception desk. However, if online functionality is needed, the V10\u2014like other ALOCK online hotel solutions\u2014can be upgraded to support online access control and integration with reception systems.<\/p>\n<p style=\"text-align: justify;\">One of ALOCK&#8217;s unique advantages is the ability to upgrade and install new firmware. Therefore, if a project initially installs the offline version, it can later be converted to an online model, depending on the version.<\/p>\n","protected":false},"excerpt":{"rendered":"<p>&nbsp;<\/p>\n<p><strong><span style=\"color: #ff0000;\">Key Features:<\/span><\/strong><\/p>\n<ul>\n<li>Integration with PMS, HMS, BMS and online reservation systems<\/li>\n<li>Functioning over local networks without internet dependency<\/li>\n<li>Do Not Disturb system (D.N.D)<\/li>\n<li>Clean Room request indicators<\/li>\n<li>Passage Mode<\/li>\n<li>Ability to install on any type of door<\/li>\n<\/ul>\n","protected":false},"featured_media":2769,"comment_status":"open","ping_status":"closed","template":"","meta":{"site-sidebar-layout":"default","site-content-layout":"","ast-site-content-layout":"default","site-content-style":"default","site-sidebar-style":"default","ast-global-header-display":"","ast-banner-title-visibility":"","ast-main-header-display":"","ast-hfb-above-header-display":"","ast-hfb-below-header-display":"","ast-hfb-mobile-header-display":"","site-post-title":"","ast-breadcrumbs-content":"","ast-featured-img":"","footer-sml-layout":"","theme-transparent-header-meta":"default","adv-header-id-meta":"","stick-header-meta":"","header-above-stick-meta":"","header-main-stick-meta":"","header-below-stick-meta":"","astra-migrate-meta-layouts":"set","ast-page-background-enabled":"default","ast-page-background-meta":{"desktop":{"background-color":"","background-image":"","background-repeat":"repeat","background-position":"center center","background-size":"auto","background-attachment":"scroll","background-type":"","background-media":"","overlay-type":"","overlay-color":"","overlay-opacity":"","overlay-gradient":""},"tablet":{"background-color":"","background-image":"","background-repeat":"repeat","background-position":"center center","background-size":"auto","background-attachment":"scroll","background-type":"","background-media":"","overlay-type":"","overlay-color":"","overlay-opacity":"","overlay-gradient":""},"mobile":{"background-color":"","background-image":"","background-repeat":"repeat","background-position":"center center","background-size":"auto","background-attachment":"scroll","background-type":"","background-media":"","overlay-type":"","overlay-color":"","overlay-opacity":"","overlay-gradient":""}},"ast-content-background-meta":{"desktop":{"background-color":"var(--ast-global-color-5)","background-image":"","background-repeat":"repeat","background-position":"center center","background-size":"auto","background-attachment":"scroll","background-type":"","background-media":"","overlay-type":"","overlay-color":"","overlay-opacity":"","overlay-gradient":""},"tablet":{"background-color":"var(--ast-global-color-5)","background-image":"","background-repeat":"repeat","background-position":"center center","background-size":"auto","background-attachment":"scroll","background-type":"","background-media":"","overlay-type":"","overlay-color":"","overlay-opacity":"","overlay-gradient":""},"mobile":{"background-color":"var(--ast-global-color-5)","background-image":"","background-repeat":"repeat","background-position":"center center","background-size":"auto","background-attachment":"scroll","background-type":"","background-media":"","overlay-type":"","overlay-color":"","overlay-opacity":"","overlay-gradient":""}}},"product_brand":[],"product_cat":[62],"product_tag":[],"class_list":{"0":"post-2786","1":"product","2":"type-product","3":"status-publish","4":"has-post-thumbnail","6":"product_cat-hotelcard","7":"desktop-align-left","8":"tablet-align-left","9":"mobile-align-left","10":"ast-product-gallery-layout-horizontal-slider","11":"ast-product-tabs-layout-horizontal","13":"first","14":"instock","15":"taxable","16":"shipping-taxable","17":"purchasable","18":"product-type-simple"},"yoast_head":"<!-- This site is optimized with the Yoast SEO plugin v27.0 - https:\/\/yoast.com\/product\/yoast-seo-wordpress\/ -->\n<title>Hotel Door Lock with Key Card V10 - ALOCK<\/title>\n<meta name=\"description\" content=\"Hotel Door Lock with Key Card V10, Hotel Door with card Lock and Handle Systems Prices, Best Smart Hotel Door Lock, Electronic Hotel Handle\" \/>\n<meta name=\"robots\" content=\"index, follow, max-snippet:-1, max-image-preview:large, max-video-preview:-1\" \/>\n<link rel=\"canonical\" href=\"https:\/\/alock.tr\/en\/urun\/hotel-card-door-lock-v10\/\" \/>\n<meta property=\"og:locale\" content=\"en_US\" \/>\n<meta property=\"og:type\" content=\"article\" \/>\n<meta property=\"og:title\" content=\"Hotel Door Lock with Key Card V10 - ALOCK\" \/>\n<meta property=\"og:description\" content=\"Hotel Door Lock with Key Card V10, Hotel Door with card Lock and Handle Systems Prices, Best Smart Hotel Door Lock, Electronic Hotel Handle\" \/>\n<meta property=\"og:url\" content=\"https:\/\/alock.tr\/en\/urun\/hotel-card-door-lock-v10\/\" \/>\n<meta property=\"og:site_name\" content=\"ALOCK\" \/>\n<meta property=\"article:modified_time\" content=\"2026-02-26T13:12:25+00:00\" \/>\n<meta property=\"og:image\" content=\"https:\/\/alock.tr\/wp-content\/uploads\/2025\/03\/v10_hotel.jpg\" \/>\n\t<meta property=\"og:image:width\" content=\"700\" \/>\n\t<meta property=\"og:image:height\" content=\"700\" \/>\n\t<meta property=\"og:image:type\" content=\"image\/jpeg\" \/>\n<meta name=\"twitter:card\" content=\"summary_large_image\" \/>\n<meta name=\"twitter:label1\" content=\"Est. reading time\" \/>\n\t<meta name=\"twitter:data1\" content=\"2 minutes\" \/>\n<script type=\"application\/ld+json\" class=\"yoast-schema-graph\">{\"@context\":\"https:\/\/schema.org\",\"@graph\":[{\"@type\":\"WebPage\",\"@id\":\"https:\/\/alock.tr\/en\/urun\/hotel-card-door-lock-v10\/\",\"url\":\"https:\/\/alock.tr\/en\/urun\/hotel-card-door-lock-v10\/\",\"name\":\"Hotel Door Lock with Key Card V10 - ALOCK\",\"isPartOf\":{\"@id\":\"https:\/\/alock.tr\/en\/#website\"},\"primaryImageOfPage\":{\"@id\":\"https:\/\/alock.tr\/en\/urun\/hotel-card-door-lock-v10\/#primaryimage\"},\"image\":{\"@id\":\"https:\/\/alock.tr\/en\/urun\/hotel-card-door-lock-v10\/#primaryimage\"},\"thumbnailUrl\":\"https:\/\/alock.tr\/wp-content\/uploads\/2025\/03\/v10_hotel.jpg\",\"datePublished\":\"2025-03-31T12:35:39+00:00\",\"dateModified\":\"2026-02-26T13:12:25+00:00\",\"description\":\"Hotel Door Lock with Key Card V10, Hotel Door with card Lock and Handle Systems Prices, Best Smart Hotel Door Lock, Electronic Hotel Handle\",\"breadcrumb\":{\"@id\":\"https:\/\/alock.tr\/en\/urun\/hotel-card-door-lock-v10\/#breadcrumb\"},\"inLanguage\":\"en-US\",\"potentialAction\":[{\"@type\":\"ReadAction\",\"target\":[\"https:\/\/alock.tr\/en\/urun\/hotel-card-door-lock-v10\/\"]}]},{\"@type\":\"ImageObject\",\"inLanguage\":\"en-US\",\"@id\":\"https:\/\/alock.tr\/en\/urun\/hotel-card-door-lock-v10\/#primaryimage\",\"url\":\"https:\/\/alock.tr\/wp-content\/uploads\/2025\/03\/v10_hotel.jpg\",\"contentUrl\":\"https:\/\/alock.tr\/wp-content\/uploads\/2025\/03\/v10_hotel.jpg\",\"width\":700,\"height\":700,\"caption\":\"Hotel Card Door lock V10\"},{\"@type\":\"BreadcrumbList\",\"@id\":\"https:\/\/alock.tr\/en\/urun\/hotel-card-door-lock-v10\/#breadcrumb\",\"itemListElement\":[{\"@type\":\"ListItem\",\"position\":1,\"name\":\"Home\",\"item\":\"https:\/\/alock.tr\/en\/\"},{\"@type\":\"ListItem\",\"position\":2,\"name\":\"Shop\",\"item\":\"https:\/\/alock.tr\/en\/shop\/\"},{\"@type\":\"ListItem\",\"position\":3,\"name\":\"Hotel Door Lock with Key Card V10\"}]},{\"@type\":\"WebSite\",\"@id\":\"https:\/\/alock.tr\/en\/#website\",\"url\":\"https:\/\/alock.tr\/en\/\",\"name\":\"ALOCK Dijital kilitler ve ak\u0131ll\u0131 kollar\",\"description\":\"Dijital kilitler ve ak\u0131ll\u0131 kollar\",\"publisher\":{\"@id\":\"https:\/\/alock.tr\/en\/#organization\"},\"alternateName\":\"ALOCK\",\"potentialAction\":[{\"@type\":\"SearchAction\",\"target\":{\"@type\":\"EntryPoint\",\"urlTemplate\":\"https:\/\/alock.tr\/en\/?s={search_term_string}\"},\"query-input\":{\"@type\":\"PropertyValueSpecification\",\"valueRequired\":true,\"valueName\":\"search_term_string\"}}],\"inLanguage\":\"en-US\"},{\"@type\":\"Organization\",\"@id\":\"https:\/\/alock.tr\/en\/#organization\",\"name\":\"ALOCK Dijital kilitler ve ak\u0131ll\u0131 kollar\",\"url\":\"https:\/\/alock.tr\/en\/\",\"logo\":{\"@type\":\"ImageObject\",\"inLanguage\":\"en-US\",\"@id\":\"https:\/\/alock.tr\/en\/#\/schema\/logo\/image\/\",\"url\":\"https:\/\/alock.tr\/wp-content\/uploads\/2024\/12\/logo_2.png\",\"contentUrl\":\"https:\/\/alock.tr\/wp-content\/uploads\/2024\/12\/logo_2.png\",\"width\":185,\"height\":53,\"caption\":\"ALOCK Dijital kilitler ve ak\u0131ll\u0131 kollar\"},\"image\":{\"@id\":\"https:\/\/alock.tr\/en\/#\/schema\/logo\/image\/\"}}]}<\/script>\n<!-- \/ Yoast SEO plugin. -->","yoast_head_json":{"title":"Hotel Door Lock with Key Card V10 - ALOCK","description":"Hotel Door Lock with Key Card V10, Hotel Door with card Lock and Handle Systems Prices, Best Smart Hotel Door Lock, Electronic Hotel Handle","robots":{"index":"index","follow":"follow","max-snippet":"max-snippet:-1","max-image-preview":"max-image-preview:large","max-video-preview":"max-video-preview:-1"},"canonical":"https:\/\/alock.tr\/en\/urun\/hotel-card-door-lock-v10\/","og_locale":"en_US","og_type":"article","og_title":"Hotel Door Lock with Key Card V10 - ALOCK","og_description":"Hotel Door Lock with Key Card V10, Hotel Door with card Lock and Handle Systems Prices, Best Smart Hotel Door Lock, Electronic Hotel Handle","og_url":"https:\/\/alock.tr\/en\/urun\/hotel-card-door-lock-v10\/","og_site_name":"ALOCK","article_modified_time":"2026-02-26T13:12:25+00:00","og_image":[{"width":700,"height":700,"url":"https:\/\/alock.tr\/wp-content\/uploads\/2025\/03\/v10_hotel.jpg","type":"image\/jpeg"}],"twitter_card":"summary_large_image","twitter_misc":{"Est. reading time":"2 minutes"},"schema":{"@context":"https:\/\/schema.org","@graph":[{"@type":"WebPage","@id":"https:\/\/alock.tr\/en\/urun\/hotel-card-door-lock-v10\/","url":"https:\/\/alock.tr\/en\/urun\/hotel-card-door-lock-v10\/","name":"Hotel Door Lock with Key Card V10 - ALOCK","isPartOf":{"@id":"https:\/\/alock.tr\/en\/#website"},"primaryImageOfPage":{"@id":"https:\/\/alock.tr\/en\/urun\/hotel-card-door-lock-v10\/#primaryimage"},"image":{"@id":"https:\/\/alock.tr\/en\/urun\/hotel-card-door-lock-v10\/#primaryimage"},"thumbnailUrl":"https:\/\/alock.tr\/wp-content\/uploads\/2025\/03\/v10_hotel.jpg","datePublished":"2025-03-31T12:35:39+00:00","dateModified":"2026-02-26T13:12:25+00:00","description":"Hotel Door Lock with Key Card V10, Hotel Door with card Lock and Handle Systems Prices, Best Smart Hotel Door Lock, Electronic Hotel Handle","breadcrumb":{"@id":"https:\/\/alock.tr\/en\/urun\/hotel-card-door-lock-v10\/#breadcrumb"},"inLanguage":"en-US","potentialAction":[{"@type":"ReadAction","target":["https:\/\/alock.tr\/en\/urun\/hotel-card-door-lock-v10\/"]}]},{"@type":"ImageObject","inLanguage":"en-US","@id":"https:\/\/alock.tr\/en\/urun\/hotel-card-door-lock-v10\/#primaryimage","url":"https:\/\/alock.tr\/wp-content\/uploads\/2025\/03\/v10_hotel.jpg","contentUrl":"https:\/\/alock.tr\/wp-content\/uploads\/2025\/03\/v10_hotel.jpg","width":700,"height":700,"caption":"Hotel Card Door lock V10"},{"@type":"BreadcrumbList","@id":"https:\/\/alock.tr\/en\/urun\/hotel-card-door-lock-v10\/#breadcrumb","itemListElement":[{"@type":"ListItem","position":1,"name":"Home","item":"https:\/\/alock.tr\/en\/"},{"@type":"ListItem","position":2,"name":"Shop","item":"https:\/\/alock.tr\/en\/shop\/"},{"@type":"ListItem","position":3,"name":"Hotel Door Lock with Key Card V10"}]},{"@type":"WebSite","@id":"https:\/\/alock.tr\/en\/#website","url":"https:\/\/alock.tr\/en\/","name":"ALOCK Dijital kilitler ve ak\u0131ll\u0131 kollar","description":"Dijital kilitler ve ak\u0131ll\u0131 kollar","publisher":{"@id":"https:\/\/alock.tr\/en\/#organization"},"alternateName":"ALOCK","potentialAction":[{"@type":"SearchAction","target":{"@type":"EntryPoint","urlTemplate":"https:\/\/alock.tr\/en\/?s={search_term_string}"},"query-input":{"@type":"PropertyValueSpecification","valueRequired":true,"valueName":"search_term_string"}}],"inLanguage":"en-US"},{"@type":"Organization","@id":"https:\/\/alock.tr\/en\/#organization","name":"ALOCK Dijital kilitler ve ak\u0131ll\u0131 kollar","url":"https:\/\/alock.tr\/en\/","logo":{"@type":"ImageObject","inLanguage":"en-US","@id":"https:\/\/alock.tr\/en\/#\/schema\/logo\/image\/","url":"https:\/\/alock.tr\/wp-content\/uploads\/2024\/12\/logo_2.png","contentUrl":"https:\/\/alock.tr\/wp-content\/uploads\/2024\/12\/logo_2.png","width":185,"height":53,"caption":"ALOCK Dijital kilitler ve ak\u0131ll\u0131 kollar"},"image":{"@id":"https:\/\/alock.tr\/en\/#\/schema\/logo\/image\/"}}]}},"_links":{"self":[{"href":"https:\/\/alock.tr\/en\/wp-json\/wp\/v2\/product\/2786","targetHints":{"allow":["GET"]}}],"collection":[{"href":"https:\/\/alock.tr\/en\/wp-json\/wp\/v2\/product"}],"about":[{"href":"https:\/\/alock.tr\/en\/wp-json\/wp\/v2\/types\/product"}],"replies":[{"embeddable":true,"href":"https:\/\/alock.tr\/en\/wp-json\/wp\/v2\/comments?post=2786"}],"version-history":[{"count":8,"href":"https:\/\/alock.tr\/en\/wp-json\/wp\/v2\/product\/2786\/revisions"}],"predecessor-version":[{"id":3089,"href":"https:\/\/alock.tr\/en\/wp-json\/wp\/v2\/product\/2786\/revisions\/3089"}],"wp:featuredmedia":[{"embeddable":true,"href":"https:\/\/alock.tr\/en\/wp-json\/wp\/v2\/media\/2769"}],"wp:attachment":[{"href":"https:\/\/alock.tr\/en\/wp-json\/wp\/v2\/media?parent=2786"}],"wp:term":[{"taxonomy":"product_brand","embeddable":true,"href":"https:\/\/alock.tr\/en\/wp-json\/wp\/v2\/product_brand?post=2786"},{"taxonomy":"product_cat","embeddable":true,"href":"https:\/\/alock.tr\/en\/wp-json\/wp\/v2\/product_cat?post=2786"},{"taxonomy":"product_tag","embeddable":true,"href":"https:\/\/alock.tr\/en\/wp-json\/wp\/v2\/product_tag?post=2786"}],"curies":[{"name":"wp","href":"https:\/\/api.w.org\/{rel}","templated":true}]}}